{"id":6177,"date":"2026-01-13T14:02:40","date_gmt":"2026-01-13T13:02:40","guid":{"rendered":"https:\/\/noremana.com\/?post_type=product&#038;p=6177"},"modified":"2026-01-13T14:02:41","modified_gmt":"2026-01-13T13:02:41","slug":"tuna-l-70x22-110l-occasion","status":"publish","type":"product","link":"https:\/\/noremana.com\/en\/produit\/tuna-l-70x22-110l-occasion\/","title":{"rendered":"(Fran\u00e7ais) Tuna L 7&#8217;0x22 110L &#8211; Occasion"},"content":{"rendered":"<p class=\"qtranxs-available-languages-message qtranxs-available-languages-message-en\">Sorry, this entry is only available in <a href=\"https:\/\/noremana.com\/fr\/wp-json\/wp\/v2\/product\/6177\" class=\"qtranxs-available-language-link qtranxs-available-language-link-fr\" title=\"Fran\u00e7ais\">Fran\u00e7ais<\/a>.<\/p>","protected":false},"excerpt":{"rendered":"<p class=\"qtranxs-available-languages-message qtranxs-available-languages-message-en\">Sorry, this entry is only available in <a href=\"https:\/\/noremana.com\/fr\/wp-json\/wp\/v2\/product\/6177\" class=\"qtranxs-available-language-link qtranxs-available-language-link-fr\" title=\"Fran\u00e7ais\">Fran\u00e7ais<\/a>.<\/p>\n","protected":false},"featured_media":6178,"template":"","meta":{"_acf_changed":false,"inline_featured_image":false},"product_brand":[],"product_cat":[137,142],"product_tag":[62,130,153,82,67],"class_list":{"0":"post-6177","1":"product","2":"type-product","3":"status-publish","4":"has-post-thumbnail","6":"product_cat-bon-plan-occasions","7":"product_cat-wingfoil-supfoil","8":"product_tag-foil","9":"product_tag-supfoil","10":"product_tag-tuna-l","11":"product_tag-wing","12":"product_tag-wingfoil","13":"product_shipping_class-geodis-planches","15":"first","16":"instock","17":"shipping-taxable","18":"purchasable","19":"product-type-simple"},"acf":[],"yoast_head":"<!-- This site is optimized with the Yoast SEO plugin v26.7 - https:\/\/yoast.com\/wordpress\/plugins\/seo\/ -->\n<title>(Fran\u00e7ais) Tuna L 7&#039;0x22 110L - Occasion - Noremana<\/title>\n<meta name=\"description\" content=\"Planche Tuna L 7&#039;0x22 110L en tr\u00e8s bon \u00e9tat, sandwich PVC int\u00e9gral.\" \/>\n<meta name=\"robots\" content=\"index, follow, max-snippet:-1, max-image-preview:large, max-video-preview:-1\" \/>\n<link rel=\"canonical\" href=\"https:\/\/noremana.com\/en\/produit\/tuna-l-70x22-110l-occasion\/\" \/>\n<meta property=\"og:locale\" content=\"en_US\" \/>\n<meta property=\"og:type\" content=\"article\" \/>\n<meta property=\"og:title\" content=\"(Fran\u00e7ais) Tuna L 7&#039;0x22 110L - Occasion - Noremana\" \/>\n<meta property=\"og:description\" content=\"Planche Tuna L 7&#039;0x22 110L en tr\u00e8s bon \u00e9tat, sandwich PVC int\u00e9gral.\" \/>\n<meta property=\"og:url\" content=\"https:\/\/noremana.com\/en\/produit\/tuna-l-70x22-110l-occasion\/\" \/>\n<meta property=\"og:site_name\" content=\"Noremana\" \/>\n<meta property=\"article:publisher\" content=\"https:\/\/www.facebook.com\/noremana\" \/>\n<meta property=\"article:modified_time\" content=\"2026-01-13T13:02:41+00:00\" \/>\n<meta property=\"og:image\" content=\"https:\/\/noremana.com\/wp-content\/uploads\/2026\/01\/20260113_120847-scaled.jpg\" \/>\n\t<meta property=\"og:image:width\" content=\"1920\" \/>\n\t<meta property=\"og:image:height\" content=\"2560\" \/>\n\t<meta property=\"og:image:type\" content=\"image\/jpeg\" \/>\n<meta name=\"twitter:card\" content=\"summary_large_image\" \/>\n<meta name=\"twitter:label1\" content=\"Est. reading time\" \/>\n\t<meta name=\"twitter:data1\" content=\"1 minute\" \/>\n<script type=\"application\/ld+json\" class=\"yoast-schema-graph\">{\"@context\":\"https:\/\/schema.org\",\"@graph\":[{\"@type\":\"WebPage\",\"@id\":\"https:\/\/noremana.com\/en\/produit\/tuna-l-70x22-110l-occasion\/\",\"url\":\"https:\/\/noremana.com\/en\/produit\/tuna-l-70x22-110l-occasion\/\",\"name\":\"(Fran\u00e7ais) Tuna L 7'0x22 110L - Occasion - Noremana\",\"isPartOf\":{\"@id\":\"https:\/\/noremana.com\/en\/#website\"},\"primaryImageOfPage\":{\"@id\":\"https:\/\/noremana.com\/en\/produit\/tuna-l-70x22-110l-occasion\/#primaryimage\"},\"image\":{\"@id\":\"https:\/\/noremana.com\/produit\/tuna-l-70x22-110l-occasion\/#primaryimage\"},\"thumbnailUrl\":\"https:\/\/noremana.com\/wp-content\/uploads\/2026\/01\/20260113_120847-scaled.jpg\",\"datePublished\":\"2026-01-13T13:02:40+00:00\",\"dateModified\":\"2026-01-13T13:02:41+00:00\",\"description\":\"Planche Tuna L 7'0x22 110L en tr\u00e8s bon \u00e9tat, sandwich PVC int\u00e9gral.\",\"breadcrumb\":{\"@id\":\"https:\/\/noremana.com\/en\/produit\/tuna-l-70x22-110l-occasion\/#breadcrumb\"},\"inLanguage\":\"en-US\",\"potentialAction\":[{\"@type\":\"ReadAction\",\"target\":[[\"https:\/\/noremana.com\/en\/produit\/tuna-l-70x22-110l-occasion\/\"]]}]},{\"@type\":\"ImageObject\",\"inLanguage\":\"en-US\",\"@id\":\"https:\/\/noremana.com\/en\/produit\/tuna-l-70x22-110l-occasion\/#primaryimage\",\"url\":\"https:\/\/noremana.com\/wp-content\/uploads\/2026\/01\/20260113_120847-scaled.jpg\",\"contentUrl\":\"https:\/\/noremana.com\/wp-content\/uploads\/2026\/01\/20260113_120847-scaled.jpg\",\"width\":1920,\"height\":2560},{\"@type\":\"BreadcrumbList\",\"@id\":\"https:\/\/noremana.com\/en\/produit\/tuna-l-70x22-110l-occasion\/#breadcrumb\",\"itemListElement\":[{\"@type\":\"ListItem\",\"position\":1,\"name\":\"Accueil\",\"item\":\"https:\/\/noremana.com\/en\/\"},{\"@type\":\"ListItem\",\"position\":2,\"name\":\"Boutique\",\"item\":\"https:\/\/noremana.com\/en\/shop\/\"},{\"@type\":\"ListItem\",\"position\":3,\"name\":\"Tuna L 7&rsquo;0x22 110L &#8211; Occasion\"}]},{\"@type\":\"WebSite\",\"@id\":\"https:\/\/noremana.com\/en\/#website\",\"url\":\"https:\/\/noremana.com\/en\/\",\"name\":\"Noremana\",\"description\":\"\",\"publisher\":{\"@id\":\"https:\/\/noremana.com\/en\/#organization\"},\"potentialAction\":[{\"@type\":\"SearchAction\",\"target\":{\"@type\":\"EntryPoint\",\"urlTemplate\":\"https:\/\/noremana.com\/en\/?s={search_term_string}\"},\"query-input\":{\"@type\":\"PropertyValueSpecification\",\"valueRequired\":true,\"valueName\":\"search_term_string\"}}],\"inLanguage\":\"en-US\"},{\"@type\":\"Organization\",\"@id\":\"https:\/\/noremana.com\/en\/#organization\",\"name\":\"Noremana\",\"url\":\"https:\/\/noremana.com\/en\/\",\"logo\":{\"@type\":\"ImageObject\",\"inLanguage\":\"en-US\",\"@id\":\"https:\/\/noremana.com\/en\/#\/schema\/logo\/image\/\",\"url\":\"https:\/\/noremana.com\/wp-content\/uploads\/2024\/03\/Logo-vertical-white.svg\",\"contentUrl\":\"https:\/\/noremana.com\/wp-content\/uploads\/2024\/03\/Logo-vertical-white.svg\",\"width\":398,\"height\":179,\"caption\":\"Noremana\"},\"image\":{\"@id\":\"https:\/\/noremana.com\/en\/#\/schema\/logo\/image\/\"},\"sameAs\":[\"https:\/\/www.facebook.com\/noremana\",\"https:\/\/www.tiktok.com\/@noremana_ltd?lang=fr\",\"https:\/\/www.youtube.com\/@noremana69\",\"https:\/\/www.instagram.com\/noremana_ltd\/\"]}]}<\/script>\n<!-- \/ Yoast SEO plugin. -->","yoast_head_json":{"title":"(Fran\u00e7ais) Tuna L 7'0x22 110L - Occasion - Noremana","description":"Planche Tuna L 7'0x22 110L en tr\u00e8s bon \u00e9tat, sandwich PVC int\u00e9gral.","robots":{"index":"index","follow":"follow","max-snippet":"max-snippet:-1","max-image-preview":"max-image-preview:large","max-video-preview":"max-video-preview:-1"},"canonical":"https:\/\/noremana.com\/en\/produit\/tuna-l-70x22-110l-occasion\/","og_locale":"en_US","og_type":"article","og_title":"(Fran\u00e7ais) Tuna L 7'0x22 110L - Occasion - Noremana","og_description":"Planche Tuna L 7'0x22 110L en tr\u00e8s bon \u00e9tat, sandwich PVC int\u00e9gral.","og_url":"https:\/\/noremana.com\/en\/produit\/tuna-l-70x22-110l-occasion\/","og_site_name":"Noremana","article_publisher":"https:\/\/www.facebook.com\/noremana","article_modified_time":"2026-01-13T13:02:41+00:00","og_image":[{"width":1920,"height":2560,"url":"https:\/\/noremana.com\/wp-content\/uploads\/2026\/01\/20260113_120847-scaled.jpg","type":"image\/jpeg"}],"twitter_card":"summary_large_image","twitter_misc":{"Est. reading time":"1 minute"},"schema":{"@context":"https:\/\/schema.org","@graph":[{"@type":"WebPage","@id":"https:\/\/noremana.com\/en\/produit\/tuna-l-70x22-110l-occasion\/","url":"https:\/\/noremana.com\/en\/produit\/tuna-l-70x22-110l-occasion\/","name":"(Fran\u00e7ais) Tuna L 7'0x22 110L - Occasion - Noremana","isPartOf":{"@id":"https:\/\/noremana.com\/en\/#website"},"primaryImageOfPage":{"@id":"https:\/\/noremana.com\/en\/produit\/tuna-l-70x22-110l-occasion\/#primaryimage"},"image":{"@id":"https:\/\/noremana.com\/produit\/tuna-l-70x22-110l-occasion\/#primaryimage"},"thumbnailUrl":"https:\/\/noremana.com\/wp-content\/uploads\/2026\/01\/20260113_120847-scaled.jpg","datePublished":"2026-01-13T13:02:40+00:00","dateModified":"2026-01-13T13:02:41+00:00","description":"Planche Tuna L 7'0x22 110L en tr\u00e8s bon \u00e9tat, sandwich PVC int\u00e9gral.","breadcrumb":{"@id":"https:\/\/noremana.com\/en\/produit\/tuna-l-70x22-110l-occasion\/#breadcrumb"},"inLanguage":"en-US","potentialAction":[{"@type":"ReadAction","target":[["https:\/\/noremana.com\/en\/produit\/tuna-l-70x22-110l-occasion\/"]]}]},{"@type":"ImageObject","inLanguage":"en-US","@id":"https:\/\/noremana.com\/en\/produit\/tuna-l-70x22-110l-occasion\/#primaryimage","url":"https:\/\/noremana.com\/wp-content\/uploads\/2026\/01\/20260113_120847-scaled.jpg","contentUrl":"https:\/\/noremana.com\/wp-content\/uploads\/2026\/01\/20260113_120847-scaled.jpg","width":1920,"height":2560},{"@type":"BreadcrumbList","@id":"https:\/\/noremana.com\/en\/produit\/tuna-l-70x22-110l-occasion\/#breadcrumb","itemListElement":[{"@type":"ListItem","position":1,"name":"Accueil","item":"https:\/\/noremana.com\/en\/"},{"@type":"ListItem","position":2,"name":"Boutique","item":"https:\/\/noremana.com\/en\/shop\/"},{"@type":"ListItem","position":3,"name":"Tuna L 7&rsquo;0x22 110L &#8211; Occasion"}]},{"@type":"WebSite","@id":"https:\/\/noremana.com\/en\/#website","url":"https:\/\/noremana.com\/en\/","name":"Noremana","description":"","publisher":{"@id":"https:\/\/noremana.com\/en\/#organization"},"potentialAction":[{"@type":"SearchAction","target":{"@type":"EntryPoint","urlTemplate":"https:\/\/noremana.com\/en\/?s={search_term_string}"},"query-input":{"@type":"PropertyValueSpecification","valueRequired":true,"valueName":"search_term_string"}}],"inLanguage":"en-US"},{"@type":"Organization","@id":"https:\/\/noremana.com\/en\/#organization","name":"Noremana","url":"https:\/\/noremana.com\/en\/","logo":{"@type":"ImageObject","inLanguage":"en-US","@id":"https:\/\/noremana.com\/en\/#\/schema\/logo\/image\/","url":"https:\/\/noremana.com\/wp-content\/uploads\/2024\/03\/Logo-vertical-white.svg","contentUrl":"https:\/\/noremana.com\/wp-content\/uploads\/2024\/03\/Logo-vertical-white.svg","width":398,"height":179,"caption":"Noremana"},"image":{"@id":"https:\/\/noremana.com\/en\/#\/schema\/logo\/image\/"},"sameAs":["https:\/\/www.facebook.com\/noremana","https:\/\/www.tiktok.com\/@noremana_ltd?lang=fr","https:\/\/www.youtube.com\/@noremana69","https:\/\/www.instagram.com\/noremana_ltd\/"]}]}},"_links":{"self":[{"href":"https:\/\/noremana.com\/en\/wp-json\/wp\/v2\/product\/6177","targetHints":{"allow":["GET"]}}],"collection":[{"href":"https:\/\/noremana.com\/en\/wp-json\/wp\/v2\/product"}],"about":[{"href":"https:\/\/noremana.com\/en\/wp-json\/wp\/v2\/types\/product"}],"wp:featuredmedia":[{"embeddable":true,"href":"https:\/\/noremana.com\/en\/wp-json\/wp\/v2\/media\/6178"}],"wp:attachment":[{"href":"https:\/\/noremana.com\/en\/wp-json\/wp\/v2\/media?parent=6177"}],"wp:term":[{"taxonomy":"product_brand","embeddable":true,"href":"https:\/\/noremana.com\/en\/wp-json\/wp\/v2\/product_brand?post=6177"},{"taxonomy":"product_cat","embeddable":true,"href":"https:\/\/noremana.com\/en\/wp-json\/wp\/v2\/product_cat?post=6177"},{"taxonomy":"product_tag","embeddable":true,"href":"https:\/\/noremana.com\/en\/wp-json\/wp\/v2\/product_tag?post=6177"}],"curies":[{"name":"wp","href":"https:\/\/api.w.org\/{rel}","templated":true}]}}