{"id":5894,"date":"2025-10-02T11:33:25","date_gmt":"2025-10-02T09:33:25","guid":{"rendered":"https:\/\/noremana.com\/?post_type=product&#038;p=5894"},"modified":"2026-01-12T20:40:00","modified_gmt":"2026-01-12T19:40:00","slug":"aile-de-wingfoil-slingshot-slingwing-v5-4m-verte","status":"publish","type":"product","link":"https:\/\/noremana.com\/en\/produit\/aile-de-wingfoil-slingshot-slingwing-v5-4m-verte\/","title":{"rendered":"(Fran\u00e7ais) Aile de Wingfoil Slingshot Slingwing V5 &#8211; 4m \/ Verte"},"content":{"rendered":"<p class=\"qtranxs-available-languages-message qtranxs-available-languages-message-en\">Sorry, this entry is only available in <a href=\"https:\/\/noremana.com\/fr\/wp-json\/wp\/v2\/product\/5894\" class=\"qtranxs-available-language-link qtranxs-available-language-link-fr\" title=\"Fran\u00e7ais\">Fran\u00e7ais<\/a>.<\/p>","protected":false},"excerpt":{"rendered":"<p class=\"qtranxs-available-languages-message qtranxs-available-languages-message-en\">Sorry, this entry is only available in <a href=\"https:\/\/noremana.com\/fr\/wp-json\/wp\/v2\/product\/5894\" class=\"qtranxs-available-language-link qtranxs-available-language-link-fr\" title=\"Fran\u00e7ais\">Fran\u00e7ais<\/a>.<\/p>\n","protected":false},"featured_media":5895,"template":"","meta":{"_acf_changed":false,"inline_featured_image":false},"product_brand":[],"product_cat":[137],"product_tag":[218,216,217],"class_list":{"0":"post-5894","1":"product","2":"type-product","3":"status-publish","4":"has-post-thumbnail","6":"product_cat-bon-plan-occasions","7":"product_tag-promo","8":"product_tag-slingshot","9":"product_tag-slingwing","10":"product_shipping_class-mondial-relay-colissimo","12":"first","13":"instock","14":"sale","15":"shipping-taxable","16":"purchasable","17":"product-type-simple"},"acf":[],"yoast_head":"<!-- This site is optimized with the Yoast SEO plugin v26.7 - https:\/\/yoast.com\/wordpress\/plugins\/seo\/ -->\n<title>(Fran\u00e7ais) Aile de Wingfoil Slingshot Slingwing V5 - 4m \/ Verte - Noremana<\/title>\n<meta name=\"description\" content=\"Slingshot Slingwing V5 4m - Verte \/ Une aile de wing tr\u00e8s polyvalente, dot\u00e9 de son wishbone, c&#039;est une wing qui se veut puissante et bien \u00e9quilibr\u00e9e.\" \/>\n<meta name=\"robots\" content=\"index, follow, max-snippet:-1, max-image-preview:large, max-video-preview:-1\" \/>\n<link rel=\"canonical\" href=\"https:\/\/noremana.com\/en\/produit\/aile-de-wingfoil-slingshot-slingwing-v5-4m-verte\/\" \/>\n<meta property=\"og:locale\" content=\"en_US\" \/>\n<meta property=\"og:type\" content=\"article\" \/>\n<meta property=\"og:title\" content=\"(Fran\u00e7ais) Aile de Wingfoil Slingshot Slingwing V5 - 4m \/ Verte - Noremana\" \/>\n<meta property=\"og:description\" content=\"Slingshot Slingwing V5 4m - Verte \/ Une aile de wing tr\u00e8s polyvalente, dot\u00e9 de son wishbone, c&#039;est une wing qui se veut puissante et bien \u00e9quilibr\u00e9e.\" \/>\n<meta property=\"og:url\" content=\"https:\/\/noremana.com\/en\/produit\/aile-de-wingfoil-slingshot-slingwing-v5-4m-verte\/\" \/>\n<meta property=\"og:site_name\" content=\"Noremana\" \/>\n<meta property=\"article:publisher\" content=\"https:\/\/www.facebook.com\/noremana\" \/>\n<meta property=\"article:modified_time\" content=\"2026-01-12T19:40:00+00:00\" \/>\n<meta property=\"og:image\" content=\"https:\/\/noremana.com\/wp-content\/uploads\/2025\/10\/slingshot-slingwing-v5-2025-wing.jpg\" \/>\n\t<meta property=\"og:image:width\" content=\"550\" \/>\n\t<meta property=\"og:image:height\" content=\"587\" \/>\n\t<meta property=\"og:image:type\" content=\"image\/jpeg\" \/>\n<meta name=\"twitter:card\" content=\"summary_large_image\" \/>\n<meta name=\"twitter:label1\" content=\"Est. reading time\" \/>\n\t<meta name=\"twitter:data1\" content=\"1 minute\" \/>\n<script type=\"application\/ld+json\" class=\"yoast-schema-graph\">{\"@context\":\"https:\/\/schema.org\",\"@graph\":[{\"@type\":\"WebPage\",\"@id\":\"https:\/\/noremana.com\/en\/produit\/aile-de-wingfoil-slingshot-slingwing-v5-4m-verte\/\",\"url\":\"https:\/\/noremana.com\/en\/produit\/aile-de-wingfoil-slingshot-slingwing-v5-4m-verte\/\",\"name\":\"(Fran\u00e7ais) Aile de Wingfoil Slingshot Slingwing V5 - 4m \/ Verte - Noremana\",\"isPartOf\":{\"@id\":\"https:\/\/noremana.com\/en\/#website\"},\"primaryImageOfPage\":{\"@id\":\"https:\/\/noremana.com\/en\/produit\/aile-de-wingfoil-slingshot-slingwing-v5-4m-verte\/#primaryimage\"},\"image\":{\"@id\":\"https:\/\/noremana.com\/produit\/aile-de-wingfoil-slingshot-slingwing-v5-4m-verte\/#primaryimage\"},\"thumbnailUrl\":\"https:\/\/noremana.com\/wp-content\/uploads\/2025\/10\/slingshot-slingwing-v5-2025-wing.jpg\",\"datePublished\":\"2025-10-02T09:33:25+00:00\",\"dateModified\":\"2026-01-12T19:40:00+00:00\",\"description\":\"Slingshot Slingwing V5 4m - Verte \/ Une aile de wing tr\u00e8s polyvalente, dot\u00e9 de son wishbone, c'est une wing qui se veut puissante et bien \u00e9quilibr\u00e9e.\",\"breadcrumb\":{\"@id\":\"https:\/\/noremana.com\/en\/produit\/aile-de-wingfoil-slingshot-slingwing-v5-4m-verte\/#breadcrumb\"},\"inLanguage\":\"en-US\",\"potentialAction\":[{\"@type\":\"ReadAction\",\"target\":[[\"https:\/\/noremana.com\/en\/produit\/aile-de-wingfoil-slingshot-slingwing-v5-4m-verte\/\"]]}]},{\"@type\":\"ImageObject\",\"inLanguage\":\"en-US\",\"@id\":\"https:\/\/noremana.com\/en\/produit\/aile-de-wingfoil-slingshot-slingwing-v5-4m-verte\/#primaryimage\",\"url\":\"https:\/\/noremana.com\/wp-content\/uploads\/2025\/10\/slingshot-slingwing-v5-2025-wing.jpg\",\"contentUrl\":\"https:\/\/noremana.com\/wp-content\/uploads\/2025\/10\/slingshot-slingwing-v5-2025-wing.jpg\",\"width\":550,\"height\":587},{\"@type\":\"BreadcrumbList\",\"@id\":\"https:\/\/noremana.com\/en\/produit\/aile-de-wingfoil-slingshot-slingwing-v5-4m-verte\/#breadcrumb\",\"itemListElement\":[{\"@type\":\"ListItem\",\"position\":1,\"name\":\"Accueil\",\"item\":\"https:\/\/noremana.com\/en\/\"},{\"@type\":\"ListItem\",\"position\":2,\"name\":\"Boutique\",\"item\":\"https:\/\/noremana.com\/en\/shop\/\"},{\"@type\":\"ListItem\",\"position\":3,\"name\":\"Aile de Wingfoil Slingshot Slingwing V5 &#8211; 4m \/ Verte\"}]},{\"@type\":\"WebSite\",\"@id\":\"https:\/\/noremana.com\/en\/#website\",\"url\":\"https:\/\/noremana.com\/en\/\",\"name\":\"Noremana\",\"description\":\"\",\"publisher\":{\"@id\":\"https:\/\/noremana.com\/en\/#organization\"},\"potentialAction\":[{\"@type\":\"SearchAction\",\"target\":{\"@type\":\"EntryPoint\",\"urlTemplate\":\"https:\/\/noremana.com\/en\/?s={search_term_string}\"},\"query-input\":{\"@type\":\"PropertyValueSpecification\",\"valueRequired\":true,\"valueName\":\"search_term_string\"}}],\"inLanguage\":\"en-US\"},{\"@type\":\"Organization\",\"@id\":\"https:\/\/noremana.com\/en\/#organization\",\"name\":\"Noremana\",\"url\":\"https:\/\/noremana.com\/en\/\",\"logo\":{\"@type\":\"ImageObject\",\"inLanguage\":\"en-US\",\"@id\":\"https:\/\/noremana.com\/en\/#\/schema\/logo\/image\/\",\"url\":\"https:\/\/noremana.com\/wp-content\/uploads\/2024\/03\/Logo-vertical-white.svg\",\"contentUrl\":\"https:\/\/noremana.com\/wp-content\/uploads\/2024\/03\/Logo-vertical-white.svg\",\"width\":398,\"height\":179,\"caption\":\"Noremana\"},\"image\":{\"@id\":\"https:\/\/noremana.com\/en\/#\/schema\/logo\/image\/\"},\"sameAs\":[\"https:\/\/www.facebook.com\/noremana\",\"https:\/\/www.tiktok.com\/@noremana_ltd?lang=fr\",\"https:\/\/www.youtube.com\/@noremana69\",\"https:\/\/www.instagram.com\/noremana_ltd\/\"]}]}<\/script>\n<!-- \/ Yoast SEO plugin. -->","yoast_head_json":{"title":"(Fran\u00e7ais) Aile de Wingfoil Slingshot Slingwing V5 - 4m \/ Verte - Noremana","description":"Slingshot Slingwing V5 4m - Verte \/ Une aile de wing tr\u00e8s polyvalente, dot\u00e9 de son wishbone, c'est une wing qui se veut puissante et bien \u00e9quilibr\u00e9e.","robots":{"index":"index","follow":"follow","max-snippet":"max-snippet:-1","max-image-preview":"max-image-preview:large","max-video-preview":"max-video-preview:-1"},"canonical":"https:\/\/noremana.com\/en\/produit\/aile-de-wingfoil-slingshot-slingwing-v5-4m-verte\/","og_locale":"en_US","og_type":"article","og_title":"(Fran\u00e7ais) Aile de Wingfoil Slingshot Slingwing V5 - 4m \/ Verte - Noremana","og_description":"Slingshot Slingwing V5 4m - Verte \/ Une aile de wing tr\u00e8s polyvalente, dot\u00e9 de son wishbone, c'est une wing qui se veut puissante et bien \u00e9quilibr\u00e9e.","og_url":"https:\/\/noremana.com\/en\/produit\/aile-de-wingfoil-slingshot-slingwing-v5-4m-verte\/","og_site_name":"Noremana","article_publisher":"https:\/\/www.facebook.com\/noremana","article_modified_time":"2026-01-12T19:40:00+00:00","og_image":[{"width":550,"height":587,"url":"https:\/\/noremana.com\/wp-content\/uploads\/2025\/10\/slingshot-slingwing-v5-2025-wing.jpg","type":"image\/jpeg"}],"twitter_card":"summary_large_image","twitter_misc":{"Est. reading time":"1 minute"},"schema":{"@context":"https:\/\/schema.org","@graph":[{"@type":"WebPage","@id":"https:\/\/noremana.com\/en\/produit\/aile-de-wingfoil-slingshot-slingwing-v5-4m-verte\/","url":"https:\/\/noremana.com\/en\/produit\/aile-de-wingfoil-slingshot-slingwing-v5-4m-verte\/","name":"(Fran\u00e7ais) Aile de Wingfoil Slingshot Slingwing V5 - 4m \/ Verte - Noremana","isPartOf":{"@id":"https:\/\/noremana.com\/en\/#website"},"primaryImageOfPage":{"@id":"https:\/\/noremana.com\/en\/produit\/aile-de-wingfoil-slingshot-slingwing-v5-4m-verte\/#primaryimage"},"image":{"@id":"https:\/\/noremana.com\/produit\/aile-de-wingfoil-slingshot-slingwing-v5-4m-verte\/#primaryimage"},"thumbnailUrl":"https:\/\/noremana.com\/wp-content\/uploads\/2025\/10\/slingshot-slingwing-v5-2025-wing.jpg","datePublished":"2025-10-02T09:33:25+00:00","dateModified":"2026-01-12T19:40:00+00:00","description":"Slingshot Slingwing V5 4m - Verte \/ Une aile de wing tr\u00e8s polyvalente, dot\u00e9 de son wishbone, c'est une wing qui se veut puissante et bien \u00e9quilibr\u00e9e.","breadcrumb":{"@id":"https:\/\/noremana.com\/en\/produit\/aile-de-wingfoil-slingshot-slingwing-v5-4m-verte\/#breadcrumb"},"inLanguage":"en-US","potentialAction":[{"@type":"ReadAction","target":[["https:\/\/noremana.com\/en\/produit\/aile-de-wingfoil-slingshot-slingwing-v5-4m-verte\/"]]}]},{"@type":"ImageObject","inLanguage":"en-US","@id":"https:\/\/noremana.com\/en\/produit\/aile-de-wingfoil-slingshot-slingwing-v5-4m-verte\/#primaryimage","url":"https:\/\/noremana.com\/wp-content\/uploads\/2025\/10\/slingshot-slingwing-v5-2025-wing.jpg","contentUrl":"https:\/\/noremana.com\/wp-content\/uploads\/2025\/10\/slingshot-slingwing-v5-2025-wing.jpg","width":550,"height":587},{"@type":"BreadcrumbList","@id":"https:\/\/noremana.com\/en\/produit\/aile-de-wingfoil-slingshot-slingwing-v5-4m-verte\/#breadcrumb","itemListElement":[{"@type":"ListItem","position":1,"name":"Accueil","item":"https:\/\/noremana.com\/en\/"},{"@type":"ListItem","position":2,"name":"Boutique","item":"https:\/\/noremana.com\/en\/shop\/"},{"@type":"ListItem","position":3,"name":"Aile de Wingfoil Slingshot Slingwing V5 &#8211; 4m \/ Verte"}]},{"@type":"WebSite","@id":"https:\/\/noremana.com\/en\/#website","url":"https:\/\/noremana.com\/en\/","name":"Noremana","description":"","publisher":{"@id":"https:\/\/noremana.com\/en\/#organization"},"potentialAction":[{"@type":"SearchAction","target":{"@type":"EntryPoint","urlTemplate":"https:\/\/noremana.com\/en\/?s={search_term_string}"},"query-input":{"@type":"PropertyValueSpecification","valueRequired":true,"valueName":"search_term_string"}}],"inLanguage":"en-US"},{"@type":"Organization","@id":"https:\/\/noremana.com\/en\/#organization","name":"Noremana","url":"https:\/\/noremana.com\/en\/","logo":{"@type":"ImageObject","inLanguage":"en-US","@id":"https:\/\/noremana.com\/en\/#\/schema\/logo\/image\/","url":"https:\/\/noremana.com\/wp-content\/uploads\/2024\/03\/Logo-vertical-white.svg","contentUrl":"https:\/\/noremana.com\/wp-content\/uploads\/2024\/03\/Logo-vertical-white.svg","width":398,"height":179,"caption":"Noremana"},"image":{"@id":"https:\/\/noremana.com\/en\/#\/schema\/logo\/image\/"},"sameAs":["https:\/\/www.facebook.com\/noremana","https:\/\/www.tiktok.com\/@noremana_ltd?lang=fr","https:\/\/www.youtube.com\/@noremana69","https:\/\/www.instagram.com\/noremana_ltd\/"]}]}},"_links":{"self":[{"href":"https:\/\/noremana.com\/en\/wp-json\/wp\/v2\/product\/5894","targetHints":{"allow":["GET"]}}],"collection":[{"href":"https:\/\/noremana.com\/en\/wp-json\/wp\/v2\/product"}],"about":[{"href":"https:\/\/noremana.com\/en\/wp-json\/wp\/v2\/types\/product"}],"wp:featuredmedia":[{"embeddable":true,"href":"https:\/\/noremana.com\/en\/wp-json\/wp\/v2\/media\/5895"}],"wp:attachment":[{"href":"https:\/\/noremana.com\/en\/wp-json\/wp\/v2\/media?parent=5894"}],"wp:term":[{"taxonomy":"product_brand","embeddable":true,"href":"https:\/\/noremana.com\/en\/wp-json\/wp\/v2\/product_brand?post=5894"},{"taxonomy":"product_cat","embeddable":true,"href":"https:\/\/noremana.com\/en\/wp-json\/wp\/v2\/product_cat?post=5894"},{"taxonomy":"product_tag","embeddable":true,"href":"https:\/\/noremana.com\/en\/wp-json\/wp\/v2\/product_tag?post=5894"}],"curies":[{"name":"wp","href":"https:\/\/api.w.org\/{rel}","templated":true}]}}