{"id":5883,"date":"2025-09-28T21:01:10","date_gmt":"2025-09-28T19:01:10","guid":{"rendered":"https:\/\/noremana.com\/?post_type=product&#038;p=5883"},"modified":"2026-01-12T20:41:32","modified_gmt":"2026-01-12T19:41:32","slug":"pocket-rocket-ozone","status":"publish","type":"product","link":"https:\/\/noremana.com\/en\/produit\/pocket-rocket-ozone\/","title":{"rendered":"(Fran\u00e7ais) Ozone Pocket Rocket"},"content":{"rendered":"<p class=\"qtranxs-available-languages-message qtranxs-available-languages-message-en\">Sorry, this entry is only available in <a href=\"https:\/\/noremana.com\/fr\/wp-json\/wp\/v2\/product\/5883\" class=\"qtranxs-available-language-link qtranxs-available-language-link-fr\" title=\"Fran\u00e7ais\">Fran\u00e7ais<\/a>.<\/p>","protected":false},"excerpt":{"rendered":"<p>Sorry, this entry is only available in Fran\u00e7ais.<\/p>\n","protected":false},"featured_media":5884,"template":"","meta":{"_acf_changed":false,"inline_featured_image":false},"product_brand":[],"product_cat":[137,213],"product_tag":[62,214,209,215],"class_list":{"0":"post-5883","1":"product","2":"type-product","3":"status-publish","4":"has-post-thumbnail","6":"product_cat-bon-plan-occasions","7":"product_cat-ozone","8":"product_tag-foil","9":"product_tag-ozone","10":"product_tag-parawing","11":"product_tag-pocket-rocket","12":"product_shipping_class-mondial-relay-colissimo","14":"first","15":"instock","16":"sale","17":"shipping-taxable","18":"purchasable","19":"product-type-variable"},"acf":[],"yoast_head":"<!-- This site is optimized with the Yoast SEO plugin v26.7 - https:\/\/yoast.com\/wordpress\/plugins\/seo\/ -->\n<title>(Fran\u00e7ais) Ozone Pocket Rocket - Noremana<\/title>\n<meta name=\"description\" content=\"Pocket Rocket - La parawing d&#039;ozone est une excellente aile, tr\u00e8s polyvalente, elle allie remont\u00e9e au vent et packabilit\u00e9 pour des surf \u00e0 l&#039;infini.\" \/>\n<meta name=\"robots\" content=\"index, follow, max-snippet:-1, max-image-preview:large, max-video-preview:-1\" \/>\n<link rel=\"canonical\" href=\"https:\/\/noremana.com\/en\/produit\/pocket-rocket-ozone\/\" \/>\n<meta property=\"og:locale\" content=\"en_US\" \/>\n<meta property=\"og:type\" content=\"article\" \/>\n<meta property=\"og:title\" content=\"(Fran\u00e7ais) Ozone Pocket Rocket - Noremana\" \/>\n<meta property=\"og:description\" content=\"Pocket Rocket - La parawing d&#039;ozone est une excellente aile, tr\u00e8s polyvalente, elle allie remont\u00e9e au vent et packabilit\u00e9 pour des surf \u00e0 l&#039;infini.\" \/>\n<meta property=\"og:url\" content=\"https:\/\/noremana.com\/en\/produit\/pocket-rocket-ozone\/\" \/>\n<meta property=\"og:site_name\" content=\"Noremana\" \/>\n<meta property=\"article:publisher\" content=\"https:\/\/www.facebook.com\/noremana\" \/>\n<meta property=\"article:modified_time\" content=\"2026-01-12T19:41:32+00:00\" \/>\n<meta property=\"og:image\" content=\"https:\/\/noremana.com\/wp-content\/uploads\/2025\/09\/Pocket-Rocket-website-16.jpg\" \/>\n\t<meta property=\"og:image:width\" content=\"1600\" \/>\n\t<meta property=\"og:image:height\" content=\"1067\" \/>\n\t<meta property=\"og:image:type\" content=\"image\/jpeg\" \/>\n<meta name=\"twitter:card\" content=\"summary_large_image\" \/>\n<meta name=\"twitter:label1\" content=\"Est. reading time\" \/>\n\t<meta name=\"twitter:data1\" content=\"3 minutes\" \/>\n<script type=\"application\/ld+json\" class=\"yoast-schema-graph\">{\"@context\":\"https:\/\/schema.org\",\"@graph\":[{\"@type\":\"WebPage\",\"@id\":\"https:\/\/noremana.com\/en\/produit\/pocket-rocket-ozone\/\",\"url\":\"https:\/\/noremana.com\/en\/produit\/pocket-rocket-ozone\/\",\"name\":\"(Fran\u00e7ais) Ozone Pocket Rocket - Noremana\",\"isPartOf\":{\"@id\":\"https:\/\/noremana.com\/en\/#website\"},\"primaryImageOfPage\":{\"@id\":\"https:\/\/noremana.com\/en\/produit\/pocket-rocket-ozone\/#primaryimage\"},\"image\":{\"@id\":\"https:\/\/noremana.com\/produit\/pocket-rocket-ozone\/#primaryimage\"},\"thumbnailUrl\":\"https:\/\/noremana.com\/wp-content\/uploads\/2025\/09\/Pocket-Rocket-website-16.jpg\",\"datePublished\":\"2025-09-28T19:01:10+00:00\",\"dateModified\":\"2026-01-12T19:41:32+00:00\",\"description\":\"Pocket Rocket - La parawing d'ozone est une excellente aile, tr\u00e8s polyvalente, elle allie remont\u00e9e au vent et packabilit\u00e9 pour des surf \u00e0 l'infini.\",\"breadcrumb\":{\"@id\":\"https:\/\/noremana.com\/en\/produit\/pocket-rocket-ozone\/#breadcrumb\"},\"inLanguage\":\"en-US\",\"potentialAction\":[{\"@type\":\"ReadAction\",\"target\":[[\"https:\/\/noremana.com\/en\/produit\/pocket-rocket-ozone\/\"]]}]},{\"@type\":\"ImageObject\",\"inLanguage\":\"en-US\",\"@id\":\"https:\/\/noremana.com\/en\/produit\/pocket-rocket-ozone\/#primaryimage\",\"url\":\"https:\/\/noremana.com\/wp-content\/uploads\/2025\/09\/Pocket-Rocket-website-16.jpg\",\"contentUrl\":\"https:\/\/noremana.com\/wp-content\/uploads\/2025\/09\/Pocket-Rocket-website-16.jpg\",\"width\":1600,\"height\":1067,\"caption\":\"SV Photography\"},{\"@type\":\"BreadcrumbList\",\"@id\":\"https:\/\/noremana.com\/en\/produit\/pocket-rocket-ozone\/#breadcrumb\",\"itemListElement\":[{\"@type\":\"ListItem\",\"position\":1,\"name\":\"Accueil\",\"item\":\"https:\/\/noremana.com\/en\/\"},{\"@type\":\"ListItem\",\"position\":2,\"name\":\"Boutique\",\"item\":\"https:\/\/noremana.com\/en\/shop\/\"},{\"@type\":\"ListItem\",\"position\":3,\"name\":\"Ozone Pocket Rocket\"}]},{\"@type\":\"WebSite\",\"@id\":\"https:\/\/noremana.com\/en\/#website\",\"url\":\"https:\/\/noremana.com\/en\/\",\"name\":\"Noremana\",\"description\":\"\",\"publisher\":{\"@id\":\"https:\/\/noremana.com\/en\/#organization\"},\"potentialAction\":[{\"@type\":\"SearchAction\",\"target\":{\"@type\":\"EntryPoint\",\"urlTemplate\":\"https:\/\/noremana.com\/en\/?s={search_term_string}\"},\"query-input\":{\"@type\":\"PropertyValueSpecification\",\"valueRequired\":true,\"valueName\":\"search_term_string\"}}],\"inLanguage\":\"en-US\"},{\"@type\":\"Organization\",\"@id\":\"https:\/\/noremana.com\/en\/#organization\",\"name\":\"Noremana\",\"url\":\"https:\/\/noremana.com\/en\/\",\"logo\":{\"@type\":\"ImageObject\",\"inLanguage\":\"en-US\",\"@id\":\"https:\/\/noremana.com\/en\/#\/schema\/logo\/image\/\",\"url\":\"https:\/\/noremana.com\/wp-content\/uploads\/2024\/03\/Logo-vertical-white.svg\",\"contentUrl\":\"https:\/\/noremana.com\/wp-content\/uploads\/2024\/03\/Logo-vertical-white.svg\",\"width\":398,\"height\":179,\"caption\":\"Noremana\"},\"image\":{\"@id\":\"https:\/\/noremana.com\/en\/#\/schema\/logo\/image\/\"},\"sameAs\":[\"https:\/\/www.facebook.com\/noremana\",\"https:\/\/www.tiktok.com\/@noremana_ltd?lang=fr\",\"https:\/\/www.youtube.com\/@noremana69\",\"https:\/\/www.instagram.com\/noremana_ltd\/\"]}]}<\/script>\n<!-- \/ Yoast SEO plugin. -->","yoast_head_json":{"title":"(Fran\u00e7ais) Ozone Pocket Rocket - Noremana","description":"Pocket Rocket - La parawing d'ozone est une excellente aile, tr\u00e8s polyvalente, elle allie remont\u00e9e au vent et packabilit\u00e9 pour des surf \u00e0 l'infini.","robots":{"index":"index","follow":"follow","max-snippet":"max-snippet:-1","max-image-preview":"max-image-preview:large","max-video-preview":"max-video-preview:-1"},"canonical":"https:\/\/noremana.com\/en\/produit\/pocket-rocket-ozone\/","og_locale":"en_US","og_type":"article","og_title":"(Fran\u00e7ais) Ozone Pocket Rocket - Noremana","og_description":"Pocket Rocket - La parawing d'ozone est une excellente aile, tr\u00e8s polyvalente, elle allie remont\u00e9e au vent et packabilit\u00e9 pour des surf \u00e0 l'infini.","og_url":"https:\/\/noremana.com\/en\/produit\/pocket-rocket-ozone\/","og_site_name":"Noremana","article_publisher":"https:\/\/www.facebook.com\/noremana","article_modified_time":"2026-01-12T19:41:32+00:00","og_image":[{"width":1600,"height":1067,"url":"https:\/\/noremana.com\/wp-content\/uploads\/2025\/09\/Pocket-Rocket-website-16.jpg","type":"image\/jpeg"}],"twitter_card":"summary_large_image","twitter_misc":{"Est. reading time":"3 minutes"},"schema":{"@context":"https:\/\/schema.org","@graph":[{"@type":"WebPage","@id":"https:\/\/noremana.com\/en\/produit\/pocket-rocket-ozone\/","url":"https:\/\/noremana.com\/en\/produit\/pocket-rocket-ozone\/","name":"(Fran\u00e7ais) Ozone Pocket Rocket - Noremana","isPartOf":{"@id":"https:\/\/noremana.com\/en\/#website"},"primaryImageOfPage":{"@id":"https:\/\/noremana.com\/en\/produit\/pocket-rocket-ozone\/#primaryimage"},"image":{"@id":"https:\/\/noremana.com\/produit\/pocket-rocket-ozone\/#primaryimage"},"thumbnailUrl":"https:\/\/noremana.com\/wp-content\/uploads\/2025\/09\/Pocket-Rocket-website-16.jpg","datePublished":"2025-09-28T19:01:10+00:00","dateModified":"2026-01-12T19:41:32+00:00","description":"Pocket Rocket - La parawing d'ozone est une excellente aile, tr\u00e8s polyvalente, elle allie remont\u00e9e au vent et packabilit\u00e9 pour des surf \u00e0 l'infini.","breadcrumb":{"@id":"https:\/\/noremana.com\/en\/produit\/pocket-rocket-ozone\/#breadcrumb"},"inLanguage":"en-US","potentialAction":[{"@type":"ReadAction","target":[["https:\/\/noremana.com\/en\/produit\/pocket-rocket-ozone\/"]]}]},{"@type":"ImageObject","inLanguage":"en-US","@id":"https:\/\/noremana.com\/en\/produit\/pocket-rocket-ozone\/#primaryimage","url":"https:\/\/noremana.com\/wp-content\/uploads\/2025\/09\/Pocket-Rocket-website-16.jpg","contentUrl":"https:\/\/noremana.com\/wp-content\/uploads\/2025\/09\/Pocket-Rocket-website-16.jpg","width":1600,"height":1067,"caption":"SV Photography"},{"@type":"BreadcrumbList","@id":"https:\/\/noremana.com\/en\/produit\/pocket-rocket-ozone\/#breadcrumb","itemListElement":[{"@type":"ListItem","position":1,"name":"Accueil","item":"https:\/\/noremana.com\/en\/"},{"@type":"ListItem","position":2,"name":"Boutique","item":"https:\/\/noremana.com\/en\/shop\/"},{"@type":"ListItem","position":3,"name":"Ozone Pocket Rocket"}]},{"@type":"WebSite","@id":"https:\/\/noremana.com\/en\/#website","url":"https:\/\/noremana.com\/en\/","name":"Noremana","description":"","publisher":{"@id":"https:\/\/noremana.com\/en\/#organization"},"potentialAction":[{"@type":"SearchAction","target":{"@type":"EntryPoint","urlTemplate":"https:\/\/noremana.com\/en\/?s={search_term_string}"},"query-input":{"@type":"PropertyValueSpecification","valueRequired":true,"valueName":"search_term_string"}}],"inLanguage":"en-US"},{"@type":"Organization","@id":"https:\/\/noremana.com\/en\/#organization","name":"Noremana","url":"https:\/\/noremana.com\/en\/","logo":{"@type":"ImageObject","inLanguage":"en-US","@id":"https:\/\/noremana.com\/en\/#\/schema\/logo\/image\/","url":"https:\/\/noremana.com\/wp-content\/uploads\/2024\/03\/Logo-vertical-white.svg","contentUrl":"https:\/\/noremana.com\/wp-content\/uploads\/2024\/03\/Logo-vertical-white.svg","width":398,"height":179,"caption":"Noremana"},"image":{"@id":"https:\/\/noremana.com\/en\/#\/schema\/logo\/image\/"},"sameAs":["https:\/\/www.facebook.com\/noremana","https:\/\/www.tiktok.com\/@noremana_ltd?lang=fr","https:\/\/www.youtube.com\/@noremana69","https:\/\/www.instagram.com\/noremana_ltd\/"]}]}},"_links":{"self":[{"href":"https:\/\/noremana.com\/en\/wp-json\/wp\/v2\/product\/5883","targetHints":{"allow":["GET"]}}],"collection":[{"href":"https:\/\/noremana.com\/en\/wp-json\/wp\/v2\/product"}],"about":[{"href":"https:\/\/noremana.com\/en\/wp-json\/wp\/v2\/types\/product"}],"wp:featuredmedia":[{"embeddable":true,"href":"https:\/\/noremana.com\/en\/wp-json\/wp\/v2\/media\/5884"}],"wp:attachment":[{"href":"https:\/\/noremana.com\/en\/wp-json\/wp\/v2\/media?parent=5883"}],"wp:term":[{"taxonomy":"product_brand","embeddable":true,"href":"https:\/\/noremana.com\/en\/wp-json\/wp\/v2\/product_brand?post=5883"},{"taxonomy":"product_cat","embeddable":true,"href":"https:\/\/noremana.com\/en\/wp-json\/wp\/v2\/product_cat?post=5883"},{"taxonomy":"product_tag","embeddable":true,"href":"https:\/\/noremana.com\/en\/wp-json\/wp\/v2\/product_tag?post=5883"}],"curies":[{"name":"wp","href":"https:\/\/api.w.org\/{rel}","templated":true}]}}