{"id":5379,"date":"2025-03-01T18:17:48","date_gmt":"2025-03-01T17:17:48","guid":{"rendered":"https:\/\/noremana.com\/?post_type=product&#038;p=5379"},"modified":"2026-01-12T20:55:55","modified_gmt":"2026-01-12T19:55:55","slug":"housse-side-on-wingfoil-2","status":"publish","type":"product","link":"https:\/\/noremana.com\/en\/produit\/housse-side-on-wingfoil-2\/","title":{"rendered":"Housse Side-On &#8211; Wingfoil"},"content":{"rendered":"<p>Side On cover for Wingfoil boards, suitable for everyday use, 5 mm foam, side handle and carrying strap for easy handling. The scratch opening on the hull side lets you leave the assembled foil on the board.<\/p>","protected":false},"excerpt":{"rendered":"<p>Side On cover for the Wingfoil, suitable for everyday use to get to the spot with the possibility of keeping the foil assembled on the board.<\/p>\n","protected":false},"featured_media":5380,"template":"","meta":{"_acf_changed":false,"inline_featured_image":false},"product_brand":[],"product_cat":[147],"product_tag":[191,193,62,66,82,67],"class_list":{"0":"post-5379","1":"product","2":"type-product","3":"status-publish","4":"has-post-thumbnail","6":"product_cat-bagagerie","7":"product_tag-boardbag","8":"product_tag-daily","9":"product_tag-foil","10":"product_tag-housse","11":"product_tag-wing","12":"product_tag-wingfoil","13":"product_shipping_class-mondial-relay-colissimo","15":"first","16":"instock","17":"sale","18":"shipping-taxable","19":"purchasable","20":"product-type-variable"},"acf":[],"yoast_head":"<!-- This site is optimized with the Yoast SEO plugin v26.7 - https:\/\/yoast.com\/wordpress\/plugins\/seo\/ -->\n<title>Housse Side-On - Wingfoil - Noremana<\/title>\n<meta name=\"description\" content=\"Housse Side-On Wingfoil, housse adapt\u00e9e \u00e0 une pratique quotidienne pour les trajet jusqu&#039;au spot avec la possibilit\u00e9 de garder le foil assembl\u00e9.\" \/>\n<meta name=\"robots\" content=\"index, follow, max-snippet:-1, max-image-preview:large, max-video-preview:-1\" \/>\n<link rel=\"canonical\" href=\"https:\/\/noremana.com\/en\/produit\/housse-side-on-wingfoil-2\/\" \/>\n<meta property=\"og:locale\" content=\"en_US\" \/>\n<meta property=\"og:type\" content=\"article\" \/>\n<meta property=\"og:title\" content=\"Housse Side-On - Wingfoil - Noremana\" \/>\n<meta property=\"og:description\" content=\"Housse Side-On Wingfoil, housse adapt\u00e9e \u00e0 une pratique quotidienne pour les trajet jusqu&#039;au spot avec la possibilit\u00e9 de garder le foil assembl\u00e9.\" \/>\n<meta property=\"og:url\" content=\"https:\/\/noremana.com\/en\/produit\/housse-side-on-wingfoil-2\/\" \/>\n<meta property=\"og:site_name\" content=\"Noremana\" \/>\n<meta property=\"article:publisher\" content=\"https:\/\/www.facebook.com\/noremana\" \/>\n<meta property=\"article:modified_time\" content=\"2026-01-12T19:55:55+00:00\" \/>\n<meta property=\"og:image\" content=\"https:\/\/noremana.com\/wp-content\/uploads\/2025\/03\/PAGE_Produits.POPUP_photo.IMG_principale.png\" \/>\n\t<meta property=\"og:image:width\" content=\"592\" \/>\n\t<meta property=\"og:image:height\" content=\"532\" \/>\n\t<meta property=\"og:image:type\" content=\"image\/png\" \/>\n<meta name=\"twitter:card\" content=\"summary_large_image\" \/>\n<meta name=\"twitter:label1\" content=\"Est. reading time\" \/>\n\t<meta name=\"twitter:data1\" content=\"1 minute\" \/>\n<script type=\"application\/ld+json\" class=\"yoast-schema-graph\">{\"@context\":\"https:\/\/schema.org\",\"@graph\":[{\"@type\":\"WebPage\",\"@id\":\"https:\/\/noremana.com\/en\/produit\/housse-side-on-wingfoil-2\/\",\"url\":\"https:\/\/noremana.com\/en\/produit\/housse-side-on-wingfoil-2\/\",\"name\":\"Housse Side-On - Wingfoil - Noremana\",\"isPartOf\":{\"@id\":\"https:\/\/noremana.com\/en\/#website\"},\"primaryImageOfPage\":{\"@id\":\"https:\/\/noremana.com\/en\/produit\/housse-side-on-wingfoil-2\/#primaryimage\"},\"image\":{\"@id\":\"https:\/\/noremana.com\/produit\/housse-side-on-wingfoil-2\/#primaryimage\"},\"thumbnailUrl\":\"https:\/\/noremana.com\/wp-content\/uploads\/2025\/03\/PAGE_Produits.POPUP_photo.IMG_principale.png\",\"datePublished\":\"2025-03-01T17:17:48+00:00\",\"dateModified\":\"2026-01-12T19:55:55+00:00\",\"description\":\"Housse Side-On Wingfoil, housse adapt\u00e9e \u00e0 une pratique quotidienne pour les trajet jusqu'au spot avec la possibilit\u00e9 de garder le foil assembl\u00e9.\",\"breadcrumb\":{\"@id\":\"https:\/\/noremana.com\/en\/produit\/housse-side-on-wingfoil-2\/#breadcrumb\"},\"inLanguage\":\"en-US\",\"potentialAction\":[{\"@type\":\"ReadAction\",\"target\":[[\"https:\/\/noremana.com\/en\/produit\/housse-side-on-wingfoil-2\/\"]]}]},{\"@type\":\"ImageObject\",\"inLanguage\":\"en-US\",\"@id\":\"https:\/\/noremana.com\/en\/produit\/housse-side-on-wingfoil-2\/#primaryimage\",\"url\":\"https:\/\/noremana.com\/wp-content\/uploads\/2025\/03\/PAGE_Produits.POPUP_photo.IMG_principale.png\",\"contentUrl\":\"https:\/\/noremana.com\/wp-content\/uploads\/2025\/03\/PAGE_Produits.POPUP_photo.IMG_principale.png\",\"width\":592,\"height\":532},{\"@type\":\"BreadcrumbList\",\"@id\":\"https:\/\/noremana.com\/en\/produit\/housse-side-on-wingfoil-2\/#breadcrumb\",\"itemListElement\":[{\"@type\":\"ListItem\",\"position\":1,\"name\":\"Accueil\",\"item\":\"https:\/\/noremana.com\/en\/\"},{\"@type\":\"ListItem\",\"position\":2,\"name\":\"Boutique\",\"item\":\"https:\/\/noremana.com\/en\/shop\/\"},{\"@type\":\"ListItem\",\"position\":3,\"name\":\"Housse Side-On &#8211; Wingfoil\"}]},{\"@type\":\"WebSite\",\"@id\":\"https:\/\/noremana.com\/en\/#website\",\"url\":\"https:\/\/noremana.com\/en\/\",\"name\":\"Noremana\",\"description\":\"\",\"publisher\":{\"@id\":\"https:\/\/noremana.com\/en\/#organization\"},\"potentialAction\":[{\"@type\":\"SearchAction\",\"target\":{\"@type\":\"EntryPoint\",\"urlTemplate\":\"https:\/\/noremana.com\/en\/?s={search_term_string}\"},\"query-input\":{\"@type\":\"PropertyValueSpecification\",\"valueRequired\":true,\"valueName\":\"search_term_string\"}}],\"inLanguage\":\"en-US\"},{\"@type\":\"Organization\",\"@id\":\"https:\/\/noremana.com\/en\/#organization\",\"name\":\"Noremana\",\"url\":\"https:\/\/noremana.com\/en\/\",\"logo\":{\"@type\":\"ImageObject\",\"inLanguage\":\"en-US\",\"@id\":\"https:\/\/noremana.com\/en\/#\/schema\/logo\/image\/\",\"url\":\"https:\/\/noremana.com\/wp-content\/uploads\/2024\/03\/Logo-vertical-white.svg\",\"contentUrl\":\"https:\/\/noremana.com\/wp-content\/uploads\/2024\/03\/Logo-vertical-white.svg\",\"width\":398,\"height\":179,\"caption\":\"Noremana\"},\"image\":{\"@id\":\"https:\/\/noremana.com\/en\/#\/schema\/logo\/image\/\"},\"sameAs\":[\"https:\/\/www.facebook.com\/noremana\",\"https:\/\/www.tiktok.com\/@noremana_ltd?lang=fr\",\"https:\/\/www.youtube.com\/@noremana69\",\"https:\/\/www.instagram.com\/noremana_ltd\/\"]}]}<\/script>\n<!-- \/ Yoast SEO plugin. -->","yoast_head_json":{"title":"Housse Side-On - Wingfoil - Noremana","description":"Housse Side-On Wingfoil, housse adapt\u00e9e \u00e0 une pratique quotidienne pour les trajet jusqu'au spot avec la possibilit\u00e9 de garder le foil assembl\u00e9.","robots":{"index":"index","follow":"follow","max-snippet":"max-snippet:-1","max-image-preview":"max-image-preview:large","max-video-preview":"max-video-preview:-1"},"canonical":"https:\/\/noremana.com\/en\/produit\/housse-side-on-wingfoil-2\/","og_locale":"en_US","og_type":"article","og_title":"Housse Side-On - Wingfoil - Noremana","og_description":"Housse Side-On Wingfoil, housse adapt\u00e9e \u00e0 une pratique quotidienne pour les trajet jusqu'au spot avec la possibilit\u00e9 de garder le foil assembl\u00e9.","og_url":"https:\/\/noremana.com\/en\/produit\/housse-side-on-wingfoil-2\/","og_site_name":"Noremana","article_publisher":"https:\/\/www.facebook.com\/noremana","article_modified_time":"2026-01-12T19:55:55+00:00","og_image":[{"width":592,"height":532,"url":"https:\/\/noremana.com\/wp-content\/uploads\/2025\/03\/PAGE_Produits.POPUP_photo.IMG_principale.png","type":"image\/png"}],"twitter_card":"summary_large_image","twitter_misc":{"Est. reading time":"1 minute"},"schema":{"@context":"https:\/\/schema.org","@graph":[{"@type":"WebPage","@id":"https:\/\/noremana.com\/en\/produit\/housse-side-on-wingfoil-2\/","url":"https:\/\/noremana.com\/en\/produit\/housse-side-on-wingfoil-2\/","name":"Housse Side-On - Wingfoil - Noremana","isPartOf":{"@id":"https:\/\/noremana.com\/en\/#website"},"primaryImageOfPage":{"@id":"https:\/\/noremana.com\/en\/produit\/housse-side-on-wingfoil-2\/#primaryimage"},"image":{"@id":"https:\/\/noremana.com\/produit\/housse-side-on-wingfoil-2\/#primaryimage"},"thumbnailUrl":"https:\/\/noremana.com\/wp-content\/uploads\/2025\/03\/PAGE_Produits.POPUP_photo.IMG_principale.png","datePublished":"2025-03-01T17:17:48+00:00","dateModified":"2026-01-12T19:55:55+00:00","description":"Housse Side-On Wingfoil, housse adapt\u00e9e \u00e0 une pratique quotidienne pour les trajet jusqu'au spot avec la possibilit\u00e9 de garder le foil assembl\u00e9.","breadcrumb":{"@id":"https:\/\/noremana.com\/en\/produit\/housse-side-on-wingfoil-2\/#breadcrumb"},"inLanguage":"en-US","potentialAction":[{"@type":"ReadAction","target":[["https:\/\/noremana.com\/en\/produit\/housse-side-on-wingfoil-2\/"]]}]},{"@type":"ImageObject","inLanguage":"en-US","@id":"https:\/\/noremana.com\/en\/produit\/housse-side-on-wingfoil-2\/#primaryimage","url":"https:\/\/noremana.com\/wp-content\/uploads\/2025\/03\/PAGE_Produits.POPUP_photo.IMG_principale.png","contentUrl":"https:\/\/noremana.com\/wp-content\/uploads\/2025\/03\/PAGE_Produits.POPUP_photo.IMG_principale.png","width":592,"height":532},{"@type":"BreadcrumbList","@id":"https:\/\/noremana.com\/en\/produit\/housse-side-on-wingfoil-2\/#breadcrumb","itemListElement":[{"@type":"ListItem","position":1,"name":"Accueil","item":"https:\/\/noremana.com\/en\/"},{"@type":"ListItem","position":2,"name":"Boutique","item":"https:\/\/noremana.com\/en\/shop\/"},{"@type":"ListItem","position":3,"name":"Housse Side-On &#8211; Wingfoil"}]},{"@type":"WebSite","@id":"https:\/\/noremana.com\/en\/#website","url":"https:\/\/noremana.com\/en\/","name":"Noremana","description":"","publisher":{"@id":"https:\/\/noremana.com\/en\/#organization"},"potentialAction":[{"@type":"SearchAction","target":{"@type":"EntryPoint","urlTemplate":"https:\/\/noremana.com\/en\/?s={search_term_string}"},"query-input":{"@type":"PropertyValueSpecification","valueRequired":true,"valueName":"search_term_string"}}],"inLanguage":"en-US"},{"@type":"Organization","@id":"https:\/\/noremana.com\/en\/#organization","name":"Noremana","url":"https:\/\/noremana.com\/en\/","logo":{"@type":"ImageObject","inLanguage":"en-US","@id":"https:\/\/noremana.com\/en\/#\/schema\/logo\/image\/","url":"https:\/\/noremana.com\/wp-content\/uploads\/2024\/03\/Logo-vertical-white.svg","contentUrl":"https:\/\/noremana.com\/wp-content\/uploads\/2024\/03\/Logo-vertical-white.svg","width":398,"height":179,"caption":"Noremana"},"image":{"@id":"https:\/\/noremana.com\/en\/#\/schema\/logo\/image\/"},"sameAs":["https:\/\/www.facebook.com\/noremana","https:\/\/www.tiktok.com\/@noremana_ltd?lang=fr","https:\/\/www.youtube.com\/@noremana69","https:\/\/www.instagram.com\/noremana_ltd\/"]}]}},"_links":{"self":[{"href":"https:\/\/noremana.com\/en\/wp-json\/wp\/v2\/product\/5379","targetHints":{"allow":["GET"]}}],"collection":[{"href":"https:\/\/noremana.com\/en\/wp-json\/wp\/v2\/product"}],"about":[{"href":"https:\/\/noremana.com\/en\/wp-json\/wp\/v2\/types\/product"}],"wp:featuredmedia":[{"embeddable":true,"href":"https:\/\/noremana.com\/en\/wp-json\/wp\/v2\/media\/5380"}],"wp:attachment":[{"href":"https:\/\/noremana.com\/en\/wp-json\/wp\/v2\/media?parent=5379"}],"wp:term":[{"taxonomy":"product_brand","embeddable":true,"href":"https:\/\/noremana.com\/en\/wp-json\/wp\/v2\/product_brand?post=5379"},{"taxonomy":"product_cat","embeddable":true,"href":"https:\/\/noremana.com\/en\/wp-json\/wp\/v2\/product_cat?post=5379"},{"taxonomy":"product_tag","embeddable":true,"href":"https:\/\/noremana.com\/en\/wp-json\/wp\/v2\/product_tag?post=5379"}],"curies":[{"name":"wp","href":"https:\/\/api.w.org\/{rel}","templated":true}]}}