{"id":5250,"date":"2025-02-19T22:29:38","date_gmt":"2025-02-19T21:29:38","guid":{"rendered":"https:\/\/noremana.com\/?post_type=product&#038;p=5250"},"modified":"2025-03-10T16:41:56","modified_gmt":"2025-03-10T15:41:56","slug":"ceinture-harnais-afs","status":"publish","type":"product","link":"https:\/\/noremana.com\/en\/produit\/ceinture-harnais-afs\/","title":{"rendered":"AFS Belt \/ Harness"},"content":{"rendered":"<p>The AFS Belt\/Harness allows you to have a harness with your hook to attach to your wing, in a minimalist version that maintains a good grip compared to a classic belt leash. You can also use it without a hook (your choice), as it allows you to attach your wing and\/or board leash thanks to different attachment points on the sides or back. The belt also features a zippered pocket that lets you take along safety equipment for a downwind session, for example, or a waterproof VHF\/smartphone.<\/p>","protected":false},"excerpt":{"rendered":"<p>AFS Belt \/ Harness for use as a Wingfoil harness or as a safety belt for Sup Downwind use.<\/p>\n","protected":false},"featured_media":5251,"template":"","meta":{"_acf_changed":false,"inline_featured_image":false},"product_brand":[],"product_cat":[145],"product_tag":[187,95,62,97,185,130,82,67],"class_list":{"0":"post-5250","1":"product","2":"type-product","3":"status-publish","4":"has-post-thumbnail","6":"product_cat-wingfoil","7":"product_tag-belt","8":"product_tag-ceinture","9":"product_tag-foil","10":"product_tag-harnais","11":"product_tag-harness","12":"product_tag-supfoil","13":"product_tag-wing","14":"product_tag-wingfoil","15":"product_shipping_class-mondial-relay-colissimo","17":"first","18":"instock","19":"shipping-taxable","20":"purchasable","21":"product-type-simple"},"acf":[],"yoast_head":"<!-- This site is optimized with the Yoast SEO plugin v26.7 - https:\/\/yoast.com\/wordpress\/plugins\/seo\/ -->\n<title>AFS Belt \/ Harness - Noremana<\/title>\n<meta name=\"description\" content=\"Ceinture \/ Harnais AFS, une ceinture \u00e0 utiliser avec un crochet de harnais pour le wingfoil ou en ceinture de leash avec la poche \u00e0 l&#039;arri\u00e8re.\" \/>\n<meta name=\"robots\" content=\"index, follow, max-snippet:-1, max-image-preview:large, max-video-preview:-1\" \/>\n<link rel=\"canonical\" href=\"https:\/\/noremana.com\/en\/produit\/ceinture-harnais-afs\/\" \/>\n<meta property=\"og:locale\" content=\"en_US\" \/>\n<meta property=\"og:type\" content=\"article\" \/>\n<meta property=\"og:title\" content=\"AFS Belt \/ Harness - Noremana\" \/>\n<meta property=\"og:description\" content=\"Ceinture \/ Harnais AFS, une ceinture \u00e0 utiliser avec un crochet de harnais pour le wingfoil ou en ceinture de leash avec la poche \u00e0 l&#039;arri\u00e8re.\" \/>\n<meta property=\"og:url\" content=\"https:\/\/noremana.com\/en\/produit\/ceinture-harnais-afs\/\" \/>\n<meta property=\"og:site_name\" content=\"Noremana\" \/>\n<meta property=\"article:publisher\" content=\"https:\/\/www.facebook.com\/noremana\" \/>\n<meta property=\"article:modified_time\" content=\"2025-03-10T15:41:56+00:00\" \/>\n<meta property=\"og:image\" content=\"https:\/\/noremana.com\/wp-content\/uploads\/2025\/02\/afs-harnais.png\" \/>\n\t<meta property=\"og:image:width\" content=\"500\" \/>\n\t<meta property=\"og:image:height\" content=\"500\" \/>\n\t<meta property=\"og:image:type\" content=\"image\/png\" \/>\n<meta name=\"twitter:card\" content=\"summary_large_image\" \/>\n<meta name=\"twitter:label1\" content=\"Est. reading time\" \/>\n\t<meta name=\"twitter:data1\" content=\"1 minute\" \/>\n<script type=\"application\/ld+json\" class=\"yoast-schema-graph\">{\"@context\":\"https:\/\/schema.org\",\"@graph\":[{\"@type\":\"WebPage\",\"@id\":\"https:\/\/noremana.com\/en\/produit\/ceinture-harnais-afs\/\",\"url\":\"https:\/\/noremana.com\/en\/produit\/ceinture-harnais-afs\/\",\"name\":\"AFS Belt \/ Harness - Noremana\",\"isPartOf\":{\"@id\":\"https:\/\/noremana.com\/en\/#website\"},\"primaryImageOfPage\":{\"@id\":\"https:\/\/noremana.com\/en\/produit\/ceinture-harnais-afs\/#primaryimage\"},\"image\":{\"@id\":\"https:\/\/noremana.com\/produit\/ceinture-harnais-afs\/#primaryimage\"},\"thumbnailUrl\":\"https:\/\/noremana.com\/wp-content\/uploads\/2025\/02\/afs-harnais.png\",\"datePublished\":\"2025-02-19T21:29:38+00:00\",\"dateModified\":\"2025-03-10T15:41:56+00:00\",\"description\":\"Ceinture \/ Harnais AFS, une ceinture \u00e0 utiliser avec un crochet de harnais pour le wingfoil ou en ceinture de leash avec la poche \u00e0 l'arri\u00e8re.\",\"breadcrumb\":{\"@id\":\"https:\/\/noremana.com\/en\/produit\/ceinture-harnais-afs\/#breadcrumb\"},\"inLanguage\":\"en-US\",\"potentialAction\":[{\"@type\":\"ReadAction\",\"target\":[[\"https:\/\/noremana.com\/en\/produit\/ceinture-harnais-afs\/\"]]}]},{\"@type\":\"ImageObject\",\"inLanguage\":\"en-US\",\"@id\":\"https:\/\/noremana.com\/en\/produit\/ceinture-harnais-afs\/#primaryimage\",\"url\":\"https:\/\/noremana.com\/wp-content\/uploads\/2025\/02\/afs-harnais.png\",\"contentUrl\":\"https:\/\/noremana.com\/wp-content\/uploads\/2025\/02\/afs-harnais.png\",\"width\":500,\"height\":500},{\"@type\":\"BreadcrumbList\",\"@id\":\"https:\/\/noremana.com\/en\/produit\/ceinture-harnais-afs\/#breadcrumb\",\"itemListElement\":[{\"@type\":\"ListItem\",\"position\":1,\"name\":\"Accueil\",\"item\":\"https:\/\/noremana.com\/en\/\"},{\"@type\":\"ListItem\",\"position\":2,\"name\":\"Boutique\",\"item\":\"https:\/\/noremana.com\/en\/shop\/\"},{\"@type\":\"ListItem\",\"position\":3,\"name\":\"Ceinture \/ Harnais AFS\"}]},{\"@type\":\"WebSite\",\"@id\":\"https:\/\/noremana.com\/en\/#website\",\"url\":\"https:\/\/noremana.com\/en\/\",\"name\":\"Noremana\",\"description\":\"\",\"publisher\":{\"@id\":\"https:\/\/noremana.com\/en\/#organization\"},\"potentialAction\":[{\"@type\":\"SearchAction\",\"target\":{\"@type\":\"EntryPoint\",\"urlTemplate\":\"https:\/\/noremana.com\/en\/?s={search_term_string}\"},\"query-input\":{\"@type\":\"PropertyValueSpecification\",\"valueRequired\":true,\"valueName\":\"search_term_string\"}}],\"inLanguage\":\"en-US\"},{\"@type\":\"Organization\",\"@id\":\"https:\/\/noremana.com\/en\/#organization\",\"name\":\"Noremana\",\"url\":\"https:\/\/noremana.com\/en\/\",\"logo\":{\"@type\":\"ImageObject\",\"inLanguage\":\"en-US\",\"@id\":\"https:\/\/noremana.com\/en\/#\/schema\/logo\/image\/\",\"url\":\"https:\/\/noremana.com\/wp-content\/uploads\/2024\/03\/Logo-vertical-white.svg\",\"contentUrl\":\"https:\/\/noremana.com\/wp-content\/uploads\/2024\/03\/Logo-vertical-white.svg\",\"width\":398,\"height\":179,\"caption\":\"Noremana\"},\"image\":{\"@id\":\"https:\/\/noremana.com\/en\/#\/schema\/logo\/image\/\"},\"sameAs\":[\"https:\/\/www.facebook.com\/noremana\",\"https:\/\/www.tiktok.com\/@noremana_ltd?lang=fr\",\"https:\/\/www.youtube.com\/@noremana69\",\"https:\/\/www.instagram.com\/noremana_ltd\/\"]}]}<\/script>\n<!-- \/ Yoast SEO plugin. -->","yoast_head_json":{"title":"AFS Belt \/ Harness - Noremana","description":"Ceinture \/ Harnais AFS, une ceinture \u00e0 utiliser avec un crochet de harnais pour le wingfoil ou en ceinture de leash avec la poche \u00e0 l'arri\u00e8re.","robots":{"index":"index","follow":"follow","max-snippet":"max-snippet:-1","max-image-preview":"max-image-preview:large","max-video-preview":"max-video-preview:-1"},"canonical":"https:\/\/noremana.com\/en\/produit\/ceinture-harnais-afs\/","og_locale":"en_US","og_type":"article","og_title":"AFS Belt \/ Harness - Noremana","og_description":"Ceinture \/ Harnais AFS, une ceinture \u00e0 utiliser avec un crochet de harnais pour le wingfoil ou en ceinture de leash avec la poche \u00e0 l'arri\u00e8re.","og_url":"https:\/\/noremana.com\/en\/produit\/ceinture-harnais-afs\/","og_site_name":"Noremana","article_publisher":"https:\/\/www.facebook.com\/noremana","article_modified_time":"2025-03-10T15:41:56+00:00","og_image":[{"width":500,"height":500,"url":"https:\/\/noremana.com\/wp-content\/uploads\/2025\/02\/afs-harnais.png","type":"image\/png"}],"twitter_card":"summary_large_image","twitter_misc":{"Est. reading time":"1 minute"},"schema":{"@context":"https:\/\/schema.org","@graph":[{"@type":"WebPage","@id":"https:\/\/noremana.com\/en\/produit\/ceinture-harnais-afs\/","url":"https:\/\/noremana.com\/en\/produit\/ceinture-harnais-afs\/","name":"AFS Belt \/ Harness - Noremana","isPartOf":{"@id":"https:\/\/noremana.com\/en\/#website"},"primaryImageOfPage":{"@id":"https:\/\/noremana.com\/en\/produit\/ceinture-harnais-afs\/#primaryimage"},"image":{"@id":"https:\/\/noremana.com\/produit\/ceinture-harnais-afs\/#primaryimage"},"thumbnailUrl":"https:\/\/noremana.com\/wp-content\/uploads\/2025\/02\/afs-harnais.png","datePublished":"2025-02-19T21:29:38+00:00","dateModified":"2025-03-10T15:41:56+00:00","description":"Ceinture \/ Harnais AFS, une ceinture \u00e0 utiliser avec un crochet de harnais pour le wingfoil ou en ceinture de leash avec la poche \u00e0 l'arri\u00e8re.","breadcrumb":{"@id":"https:\/\/noremana.com\/en\/produit\/ceinture-harnais-afs\/#breadcrumb"},"inLanguage":"en-US","potentialAction":[{"@type":"ReadAction","target":[["https:\/\/noremana.com\/en\/produit\/ceinture-harnais-afs\/"]]}]},{"@type":"ImageObject","inLanguage":"en-US","@id":"https:\/\/noremana.com\/en\/produit\/ceinture-harnais-afs\/#primaryimage","url":"https:\/\/noremana.com\/wp-content\/uploads\/2025\/02\/afs-harnais.png","contentUrl":"https:\/\/noremana.com\/wp-content\/uploads\/2025\/02\/afs-harnais.png","width":500,"height":500},{"@type":"BreadcrumbList","@id":"https:\/\/noremana.com\/en\/produit\/ceinture-harnais-afs\/#breadcrumb","itemListElement":[{"@type":"ListItem","position":1,"name":"Accueil","item":"https:\/\/noremana.com\/en\/"},{"@type":"ListItem","position":2,"name":"Boutique","item":"https:\/\/noremana.com\/en\/shop\/"},{"@type":"ListItem","position":3,"name":"Ceinture \/ Harnais AFS"}]},{"@type":"WebSite","@id":"https:\/\/noremana.com\/en\/#website","url":"https:\/\/noremana.com\/en\/","name":"Noremana","description":"","publisher":{"@id":"https:\/\/noremana.com\/en\/#organization"},"potentialAction":[{"@type":"SearchAction","target":{"@type":"EntryPoint","urlTemplate":"https:\/\/noremana.com\/en\/?s={search_term_string}"},"query-input":{"@type":"PropertyValueSpecification","valueRequired":true,"valueName":"search_term_string"}}],"inLanguage":"en-US"},{"@type":"Organization","@id":"https:\/\/noremana.com\/en\/#organization","name":"Noremana","url":"https:\/\/noremana.com\/en\/","logo":{"@type":"ImageObject","inLanguage":"en-US","@id":"https:\/\/noremana.com\/en\/#\/schema\/logo\/image\/","url":"https:\/\/noremana.com\/wp-content\/uploads\/2024\/03\/Logo-vertical-white.svg","contentUrl":"https:\/\/noremana.com\/wp-content\/uploads\/2024\/03\/Logo-vertical-white.svg","width":398,"height":179,"caption":"Noremana"},"image":{"@id":"https:\/\/noremana.com\/en\/#\/schema\/logo\/image\/"},"sameAs":["https:\/\/www.facebook.com\/noremana","https:\/\/www.tiktok.com\/@noremana_ltd?lang=fr","https:\/\/www.youtube.com\/@noremana69","https:\/\/www.instagram.com\/noremana_ltd\/"]}]}},"_links":{"self":[{"href":"https:\/\/noremana.com\/en\/wp-json\/wp\/v2\/product\/5250","targetHints":{"allow":["GET"]}}],"collection":[{"href":"https:\/\/noremana.com\/en\/wp-json\/wp\/v2\/product"}],"about":[{"href":"https:\/\/noremana.com\/en\/wp-json\/wp\/v2\/types\/product"}],"wp:featuredmedia":[{"embeddable":true,"href":"https:\/\/noremana.com\/en\/wp-json\/wp\/v2\/media\/5251"}],"wp:attachment":[{"href":"https:\/\/noremana.com\/en\/wp-json\/wp\/v2\/media?parent=5250"}],"wp:term":[{"taxonomy":"product_brand","embeddable":true,"href":"https:\/\/noremana.com\/en\/wp-json\/wp\/v2\/product_brand?post=5250"},{"taxonomy":"product_cat","embeddable":true,"href":"https:\/\/noremana.com\/en\/wp-json\/wp\/v2\/product_cat?post=5250"},{"taxonomy":"product_tag","embeddable":true,"href":"https:\/\/noremana.com\/en\/wp-json\/wp\/v2\/product_tag?post=5250"}],"curies":[{"name":"wp","href":"https:\/\/api.w.org\/{rel}","templated":true}]}}