{"id":5233,"date":"2025-02-19T22:07:51","date_gmt":"2025-02-19T21:07:51","guid":{"rendered":"https:\/\/noremana.com\/?post_type=product&#038;p=5233"},"modified":"2025-03-10T16:45:53","modified_gmt":"2025-03-10T15:45:53","slug":"creme-solaire-bio-eq-love-spf50-100ml","status":"publish","type":"product","link":"https:\/\/noremana.com\/en\/produit\/creme-solaire-bio-eq-love-spf50-100ml\/","title":{"rendered":"BIO EQ LOVE SPF50 Sunscreen Cream &#8211; 100mL"},"content":{"rendered":"<p><\/p>\n<div>\n<h3>Very High Mineral Sun Protection<\/h3>\n<p>\nHighly water-resistant, environmentally friendly, and marine-safe. Ranked No. 1 sunscreen by Le Parisien.\n<\/p>\n<p><br data-v-2556c0ea=\"\" data-v-eab70dca=\"\" \/><\/p>\n<p>\nHigh UVA\/UVB sun protection, certified organic by Ecocert, designed for skin prone to sunburn and strong sunlight conditions. Ideal for the whole family, including children from 3 years old. Enriched with organic vegetable oils such as Sunflower Oil, Apricot Kernel Oil, and Safflower Oil, its formula is 100% naturally derived and water-resistant.\n<\/p>\n<p>\nContains 100% mineral-based filters. Non-ecotoxic to the marine environment. Certified organic by ECOCERT and labeled COSMEBIO. Certified Vegan by PETA. Offers a rich texture that may leave a more or less white cast depending on the skin due to the exclusive use of mineral filters. Water-resistant. Does not run and does not sting the eyes. Shake well before applying to the skin.\n<\/p>\n<p>\n<strong>Dimensions:<\/strong> 6cm x 14cm<br \/>\n<strong>Net weight:<\/strong> 120 g<br \/>\n<strong>Capacity:<\/strong> 100 mL\n<\/p>\n<h4>Ingredients:<\/h4>\n<div data-v-0f036384=\"\">\n<h4 data-v-cca255d6=\"\" data-v-0f036384=\"\">\nTitanium Dioxide, Organic Sunflower Oil, Organic Virgin Safflower Oil, Organic Virgin Apricot Kernel Oil, Organic Virgin Olive Oil, Organic Aloe Vera Oil Macerate<br \/>\n<\/h4>\n<\/div>\n<\/div>\n<p><\/p>","protected":false},"excerpt":{"rendered":"<p>Sun Care Cream EQ LOVE BIO SPF 50 &#8211; 100mL<\/p>\n","protected":false},"featured_media":5234,"template":"","meta":{"_acf_changed":false,"inline_featured_image":false},"product_brand":[],"product_cat":[146,145],"product_tag":[90,91,85,94,184],"class_list":{"0":"post-5233","1":"product","2":"type-product","3":"status-publish","4":"has-post-thumbnail","6":"product_cat-kitesurf","7":"product_cat-wingfoil","8":"product_tag-cream","9":"product_tag-creme-solaire","10":"product_tag-kitesurf","11":"product_tag-solar","12":"product_tag-suncream","13":"product_shipping_class-mondial-relay-colissimo","15":"first","16":"instock","17":"shipping-taxable","18":"purchasable","19":"product-type-simple"},"acf":[],"yoast_head":"<!-- This site is optimized with the Yoast SEO plugin v26.7 - https:\/\/yoast.com\/wordpress\/plugins\/seo\/ -->\n<title>BIO EQ LOVE SPF50 Sunscreen Cream - 100mL - Noremana<\/title>\n<meta name=\"description\" content=\"Tr\u00e8s Haute protection solaire min\u00e9rale, r\u00e9sistante \u00e0 l\u2019eau, respectueuse du milieu marin et de l\u2019environnement.\" \/>\n<meta name=\"robots\" content=\"index, follow, max-snippet:-1, max-image-preview:large, max-video-preview:-1\" \/>\n<link rel=\"canonical\" href=\"https:\/\/noremana.com\/en\/produit\/creme-solaire-bio-eq-love-spf50-100ml\/\" \/>\n<meta property=\"og:locale\" content=\"en_US\" \/>\n<meta property=\"og:type\" content=\"article\" \/>\n<meta property=\"og:title\" content=\"BIO EQ LOVE SPF50 Sunscreen Cream - 100mL - Noremana\" \/>\n<meta property=\"og:description\" content=\"Tr\u00e8s Haute protection solaire min\u00e9rale, r\u00e9sistante \u00e0 l\u2019eau, respectueuse du milieu marin et de l\u2019environnement.\" \/>\n<meta property=\"og:url\" content=\"https:\/\/noremana.com\/en\/produit\/creme-solaire-bio-eq-love-spf50-100ml\/\" \/>\n<meta property=\"og:site_name\" content=\"Noremana\" \/>\n<meta property=\"article:publisher\" content=\"https:\/\/www.facebook.com\/noremana\" \/>\n<meta property=\"article:modified_time\" content=\"2025-03-10T15:45:53+00:00\" \/>\n<meta property=\"og:image\" content=\"https:\/\/noremana.com\/wp-content\/uploads\/2025\/02\/Creme-solaire.jpg\" \/>\n\t<meta property=\"og:image:width\" content=\"582\" \/>\n\t<meta property=\"og:image:height\" content=\"582\" \/>\n\t<meta property=\"og:image:type\" content=\"image\/jpeg\" \/>\n<meta name=\"twitter:card\" content=\"summary_large_image\" \/>\n<meta name=\"twitter:label1\" content=\"Est. reading time\" \/>\n\t<meta name=\"twitter:data1\" content=\"2 minutes\" \/>\n<script type=\"application\/ld+json\" class=\"yoast-schema-graph\">{\"@context\":\"https:\/\/schema.org\",\"@graph\":[{\"@type\":\"WebPage\",\"@id\":\"https:\/\/noremana.com\/en\/produit\/creme-solaire-bio-eq-love-spf50-100ml\/\",\"url\":\"https:\/\/noremana.com\/en\/produit\/creme-solaire-bio-eq-love-spf50-100ml\/\",\"name\":\"BIO EQ LOVE SPF50 Sunscreen Cream - 100mL - Noremana\",\"isPartOf\":{\"@id\":\"https:\/\/noremana.com\/en\/#website\"},\"primaryImageOfPage\":{\"@id\":\"https:\/\/noremana.com\/en\/produit\/creme-solaire-bio-eq-love-spf50-100ml\/#primaryimage\"},\"image\":{\"@id\":\"https:\/\/noremana.com\/en\/produit\/creme-solaire-bio-eq-love-spf50-100ml\/#primaryimage\"},\"thumbnailUrl\":\"https:\/\/noremana.com\/wp-content\/uploads\/2025\/02\/Creme-solaire.jpg\",\"datePublished\":\"2025-02-19T21:07:51+00:00\",\"dateModified\":\"2025-03-10T15:45:53+00:00\",\"description\":\"Tr\u00e8s Haute protection solaire min\u00e9rale, r\u00e9sistante \u00e0 l\u2019eau, respectueuse du milieu marin et de l\u2019environnement.\",\"breadcrumb\":{\"@id\":\"https:\/\/noremana.com\/en\/produit\/creme-solaire-bio-eq-love-spf50-100ml\/#breadcrumb\"},\"inLanguage\":\"en-US\",\"potentialAction\":[{\"@type\":\"ReadAction\",\"target\":[[\"https:\/\/noremana.com\/en\/produit\/creme-solaire-bio-eq-love-spf50-100ml\/\"]]}]},{\"@type\":\"ImageObject\",\"inLanguage\":\"en-US\",\"@id\":\"https:\/\/noremana.com\/en\/produit\/creme-solaire-bio-eq-love-spf50-100ml\/#primaryimage\",\"url\":\"https:\/\/noremana.com\/wp-content\/uploads\/2025\/02\/Creme-solaire.jpg\",\"contentUrl\":\"https:\/\/noremana.com\/wp-content\/uploads\/2025\/02\/Creme-solaire.jpg\",\"width\":582,\"height\":582},{\"@type\":\"BreadcrumbList\",\"@id\":\"https:\/\/noremana.com\/en\/produit\/creme-solaire-bio-eq-love-spf50-100ml\/#breadcrumb\",\"itemListElement\":[{\"@type\":\"ListItem\",\"position\":1,\"name\":\"Accueil\",\"item\":\"https:\/\/noremana.com\/en\/\"},{\"@type\":\"ListItem\",\"position\":2,\"name\":\"Boutique\",\"item\":\"https:\/\/noremana.com\/en\/shop\/\"},{\"@type\":\"ListItem\",\"position\":3,\"name\":\"BIO EQ LOVE SPF50 Sunscreen Cream &#8211; 100mL\"}]},{\"@type\":\"WebSite\",\"@id\":\"https:\/\/noremana.com\/en\/#website\",\"url\":\"https:\/\/noremana.com\/en\/\",\"name\":\"Noremana\",\"description\":\"\",\"publisher\":{\"@id\":\"https:\/\/noremana.com\/en\/#organization\"},\"potentialAction\":[{\"@type\":\"SearchAction\",\"target\":{\"@type\":\"EntryPoint\",\"urlTemplate\":\"https:\/\/noremana.com\/en\/?s={search_term_string}\"},\"query-input\":{\"@type\":\"PropertyValueSpecification\",\"valueRequired\":true,\"valueName\":\"search_term_string\"}}],\"inLanguage\":\"en-US\"},{\"@type\":\"Organization\",\"@id\":\"https:\/\/noremana.com\/en\/#organization\",\"name\":\"Noremana\",\"url\":\"https:\/\/noremana.com\/en\/\",\"logo\":{\"@type\":\"ImageObject\",\"inLanguage\":\"en-US\",\"@id\":\"https:\/\/noremana.com\/en\/#\/schema\/logo\/image\/\",\"url\":\"https:\/\/noremana.com\/wp-content\/uploads\/2024\/03\/Logo-vertical-white.svg\",\"contentUrl\":\"https:\/\/noremana.com\/wp-content\/uploads\/2024\/03\/Logo-vertical-white.svg\",\"width\":398,\"height\":179,\"caption\":\"Noremana\"},\"image\":{\"@id\":\"https:\/\/noremana.com\/en\/#\/schema\/logo\/image\/\"},\"sameAs\":[\"https:\/\/www.facebook.com\/noremana\",\"https:\/\/www.tiktok.com\/@noremana_ltd?lang=fr\",\"https:\/\/www.youtube.com\/@noremana69\",\"https:\/\/www.instagram.com\/noremana_ltd\/\"]}]}<\/script>\n<!-- \/ Yoast SEO plugin. -->","yoast_head_json":{"title":"BIO EQ LOVE SPF50 Sunscreen Cream - 100mL - Noremana","description":"Tr\u00e8s Haute protection solaire min\u00e9rale, r\u00e9sistante \u00e0 l\u2019eau, respectueuse du milieu marin et de l\u2019environnement.","robots":{"index":"index","follow":"follow","max-snippet":"max-snippet:-1","max-image-preview":"max-image-preview:large","max-video-preview":"max-video-preview:-1"},"canonical":"https:\/\/noremana.com\/en\/produit\/creme-solaire-bio-eq-love-spf50-100ml\/","og_locale":"en_US","og_type":"article","og_title":"BIO EQ LOVE SPF50 Sunscreen Cream - 100mL - Noremana","og_description":"Tr\u00e8s Haute protection solaire min\u00e9rale, r\u00e9sistante \u00e0 l\u2019eau, respectueuse du milieu marin et de l\u2019environnement.","og_url":"https:\/\/noremana.com\/en\/produit\/creme-solaire-bio-eq-love-spf50-100ml\/","og_site_name":"Noremana","article_publisher":"https:\/\/www.facebook.com\/noremana","article_modified_time":"2025-03-10T15:45:53+00:00","og_image":[{"width":582,"height":582,"url":"https:\/\/noremana.com\/wp-content\/uploads\/2025\/02\/Creme-solaire.jpg","type":"image\/jpeg"}],"twitter_card":"summary_large_image","twitter_misc":{"Est. reading time":"2 minutes"},"schema":{"@context":"https:\/\/schema.org","@graph":[{"@type":"WebPage","@id":"https:\/\/noremana.com\/en\/produit\/creme-solaire-bio-eq-love-spf50-100ml\/","url":"https:\/\/noremana.com\/en\/produit\/creme-solaire-bio-eq-love-spf50-100ml\/","name":"BIO EQ LOVE SPF50 Sunscreen Cream - 100mL - Noremana","isPartOf":{"@id":"https:\/\/noremana.com\/en\/#website"},"primaryImageOfPage":{"@id":"https:\/\/noremana.com\/en\/produit\/creme-solaire-bio-eq-love-spf50-100ml\/#primaryimage"},"image":{"@id":"https:\/\/noremana.com\/en\/produit\/creme-solaire-bio-eq-love-spf50-100ml\/#primaryimage"},"thumbnailUrl":"https:\/\/noremana.com\/wp-content\/uploads\/2025\/02\/Creme-solaire.jpg","datePublished":"2025-02-19T21:07:51+00:00","dateModified":"2025-03-10T15:45:53+00:00","description":"Tr\u00e8s Haute protection solaire min\u00e9rale, r\u00e9sistante \u00e0 l\u2019eau, respectueuse du milieu marin et de l\u2019environnement.","breadcrumb":{"@id":"https:\/\/noremana.com\/en\/produit\/creme-solaire-bio-eq-love-spf50-100ml\/#breadcrumb"},"inLanguage":"en-US","potentialAction":[{"@type":"ReadAction","target":[["https:\/\/noremana.com\/en\/produit\/creme-solaire-bio-eq-love-spf50-100ml\/"]]}]},{"@type":"ImageObject","inLanguage":"en-US","@id":"https:\/\/noremana.com\/en\/produit\/creme-solaire-bio-eq-love-spf50-100ml\/#primaryimage","url":"https:\/\/noremana.com\/wp-content\/uploads\/2025\/02\/Creme-solaire.jpg","contentUrl":"https:\/\/noremana.com\/wp-content\/uploads\/2025\/02\/Creme-solaire.jpg","width":582,"height":582},{"@type":"BreadcrumbList","@id":"https:\/\/noremana.com\/en\/produit\/creme-solaire-bio-eq-love-spf50-100ml\/#breadcrumb","itemListElement":[{"@type":"ListItem","position":1,"name":"Accueil","item":"https:\/\/noremana.com\/en\/"},{"@type":"ListItem","position":2,"name":"Boutique","item":"https:\/\/noremana.com\/en\/shop\/"},{"@type":"ListItem","position":3,"name":"BIO EQ LOVE SPF50 Sunscreen Cream &#8211; 100mL"}]},{"@type":"WebSite","@id":"https:\/\/noremana.com\/en\/#website","url":"https:\/\/noremana.com\/en\/","name":"Noremana","description":"","publisher":{"@id":"https:\/\/noremana.com\/en\/#organization"},"potentialAction":[{"@type":"SearchAction","target":{"@type":"EntryPoint","urlTemplate":"https:\/\/noremana.com\/en\/?s={search_term_string}"},"query-input":{"@type":"PropertyValueSpecification","valueRequired":true,"valueName":"search_term_string"}}],"inLanguage":"en-US"},{"@type":"Organization","@id":"https:\/\/noremana.com\/en\/#organization","name":"Noremana","url":"https:\/\/noremana.com\/en\/","logo":{"@type":"ImageObject","inLanguage":"en-US","@id":"https:\/\/noremana.com\/en\/#\/schema\/logo\/image\/","url":"https:\/\/noremana.com\/wp-content\/uploads\/2024\/03\/Logo-vertical-white.svg","contentUrl":"https:\/\/noremana.com\/wp-content\/uploads\/2024\/03\/Logo-vertical-white.svg","width":398,"height":179,"caption":"Noremana"},"image":{"@id":"https:\/\/noremana.com\/en\/#\/schema\/logo\/image\/"},"sameAs":["https:\/\/www.facebook.com\/noremana","https:\/\/www.tiktok.com\/@noremana_ltd?lang=fr","https:\/\/www.youtube.com\/@noremana69","https:\/\/www.instagram.com\/noremana_ltd\/"]}]}},"_links":{"self":[{"href":"https:\/\/noremana.com\/en\/wp-json\/wp\/v2\/product\/5233","targetHints":{"allow":["GET"]}}],"collection":[{"href":"https:\/\/noremana.com\/en\/wp-json\/wp\/v2\/product"}],"about":[{"href":"https:\/\/noremana.com\/en\/wp-json\/wp\/v2\/types\/product"}],"wp:featuredmedia":[{"embeddable":true,"href":"https:\/\/noremana.com\/en\/wp-json\/wp\/v2\/media\/5234"}],"wp:attachment":[{"href":"https:\/\/noremana.com\/en\/wp-json\/wp\/v2\/media?parent=5233"}],"wp:term":[{"taxonomy":"product_brand","embeddable":true,"href":"https:\/\/noremana.com\/en\/wp-json\/wp\/v2\/product_brand?post=5233"},{"taxonomy":"product_cat","embeddable":true,"href":"https:\/\/noremana.com\/en\/wp-json\/wp\/v2\/product_cat?post=5233"},{"taxonomy":"product_tag","embeddable":true,"href":"https:\/\/noremana.com\/en\/wp-json\/wp\/v2\/product_tag?post=5233"}],"curies":[{"name":"wp","href":"https:\/\/api.w.org\/{rel}","templated":true}]}}