{"id":5229,"date":"2025-02-19T22:03:55","date_gmt":"2025-02-19T21:03:55","guid":{"rendered":"https:\/\/noremana.com\/?post_type=product&#038;p=5229"},"modified":"2025-03-10T16:47:06","modified_gmt":"2025-03-10T15:47:06","slug":"stick-solaire-eq-love-spf50-beige-sable","status":"publish","type":"product","link":"https:\/\/noremana.com\/en\/produit\/stick-solaire-eq-love-spf50-beige-sable\/","title":{"rendered":"Sun Stick EQ Love SPF50+ Beige Sable"},"content":{"rendered":"<p><\/p>\n<div>\n<h3>Tested and Approved by Surfers Worldwide<\/h3>\n<p>\nThe SPF 50+ EQ Sunscreen Stick provides very high UVA\/UVB protection for the face and sensitive areas, thanks to its environmentally friendly formula.\n<\/p>\n<p><br data-v-2556c0ea=\"\" data-v-eab70dca=\"\" \/><\/p>\n<p>\nCertified organic formula and travel-friendly format. Water-resistant and easy to apply, the SPF 50+ sunscreen stick is perfectly suited for extreme sunlight conditions, both on water and snow. It ensures very high UVA\/UVB protection for the face, lips, scars, and tattoos of even the most sun-sensitive skin.\n<\/p>\n<p>\nEnriched with beeswax and organic vegetable oils such as Safflower Oil, Tamanu Oil, and Shea Butter, its 100% naturally derived formula prevents skin and lips from drying out. Ideal for the whole family, including children from 3 years old. Contains 100% mineral-based filters. Non-ecotoxic to the marine environment. Its rich, water-free, lipophilic texture prevents tightness and does not dry out the skin. Water-resistant. Does not run into the eyes.\n<\/p>\n<p><span><strong>Dimensions:<\/strong> 2cm x 6.5 cm<\/span><br \/>\n<span><strong>Net weight:<\/strong> 15.63 g<\/span><br \/>\n<span><strong>Capacity:<\/strong> 10 g<\/span><\/p>\n<h4>INCI List:<\/h4>\n<p><span><br \/>\nCERA ALBA, TITANIUM DIOXIDE, CAPRYLIC\/CAPRIC TRIGLYCERIDE, CI 77007, C10-18 TRIGLYCERIDES, POLYGLYCERYL-3 DIISOSTEARATE, RICINUS COMMUNIS SEED OIL*, SILICA, COPERNICIA CERIFERA CERA*, BUTYROSPERMUM PARKII BUTTER*, OLEA EUROPAEA FRUIT OIL*, CALOPHYLLUM INOPHYLLUM SEED OIL*, JOJOBA ESTERS, PARFUM, POLYHYDROXYSTEARIC ACID, PRUNUS ARMENIACA KERNEL OIL*, TOCOPHEROL<br \/>\n<\/span><\/p>\n<p><span>*Ingredient from organic farming.<\/span><\/p>\n<p><span>100% of the total ingredients are of natural origin, 17.8% of the total ingredients are from organic farming.<\/span><\/p>\n<\/div>\n<p><\/p>","protected":false},"excerpt":{"rendered":"<p>Sun Stick EQ LOVE SPF50+ Beige Sable 10gr<\/p>\n","protected":false},"featured_media":5230,"template":"","meta":{"_acf_changed":false,"inline_featured_image":false},"product_brand":[],"product_cat":[146,145],"product_tag":[],"class_list":{"0":"post-5229","1":"product","2":"type-product","3":"status-publish","4":"has-post-thumbnail","6":"product_cat-kitesurf","7":"product_cat-wingfoil","8":"product_shipping_class-mondial-relay-colissimo","10":"first","11":"instock","12":"shipping-taxable","13":"purchasable","14":"product-type-simple"},"acf":[],"yoast_head":"<!-- This site is optimized with the Yoast SEO plugin v26.7 - https:\/\/yoast.com\/wordpress\/plugins\/seo\/ -->\n<title>Sun Stick EQ Love SPF50+ Beige Sable - Noremana<\/title>\n<meta name=\"description\" content=\"Le stick Solaire EQ Love, \u00e0 toujours avoir avec soi pour se prot\u00e9ger avant sa session, fait \u00e0 partir de composants naturels.\" \/>\n<meta name=\"robots\" content=\"index, follow, max-snippet:-1, max-image-preview:large, max-video-preview:-1\" \/>\n<link rel=\"canonical\" href=\"https:\/\/noremana.com\/en\/produit\/stick-solaire-eq-love-spf50-beige-sable\/\" \/>\n<meta property=\"og:locale\" content=\"en_US\" \/>\n<meta property=\"og:type\" content=\"article\" \/>\n<meta property=\"og:title\" content=\"Sun Stick EQ Love SPF50+ Beige Sable - Noremana\" \/>\n<meta property=\"og:description\" content=\"Le stick Solaire EQ Love, \u00e0 toujours avoir avec soi pour se prot\u00e9ger avant sa session, fait \u00e0 partir de composants naturels.\" \/>\n<meta property=\"og:url\" content=\"https:\/\/noremana.com\/en\/produit\/stick-solaire-eq-love-spf50-beige-sable\/\" \/>\n<meta property=\"og:site_name\" content=\"Noremana\" \/>\n<meta property=\"article:publisher\" content=\"https:\/\/www.facebook.com\/noremana\" \/>\n<meta property=\"article:modified_time\" content=\"2025-03-10T15:47:06+00:00\" \/>\n<meta property=\"og:image\" content=\"https:\/\/noremana.com\/wp-content\/uploads\/2025\/02\/Stick-solaire.jpg\" \/>\n\t<meta property=\"og:image:width\" content=\"582\" \/>\n\t<meta property=\"og:image:height\" content=\"582\" \/>\n\t<meta property=\"og:image:type\" content=\"image\/jpeg\" \/>\n<meta name=\"twitter:card\" content=\"summary_large_image\" \/>\n<meta name=\"twitter:label1\" content=\"Est. reading time\" \/>\n\t<meta name=\"twitter:data1\" content=\"2 minutes\" \/>\n<script type=\"application\/ld+json\" class=\"yoast-schema-graph\">{\"@context\":\"https:\/\/schema.org\",\"@graph\":[{\"@type\":\"WebPage\",\"@id\":\"https:\/\/noremana.com\/en\/produit\/stick-solaire-eq-love-spf50-beige-sable\/\",\"url\":\"https:\/\/noremana.com\/en\/produit\/stick-solaire-eq-love-spf50-beige-sable\/\",\"name\":\"Sun Stick EQ Love SPF50+ Beige Sable - Noremana\",\"isPartOf\":{\"@id\":\"https:\/\/noremana.com\/en\/#website\"},\"primaryImageOfPage\":{\"@id\":\"https:\/\/noremana.com\/en\/produit\/stick-solaire-eq-love-spf50-beige-sable\/#primaryimage\"},\"image\":{\"@id\":\"https:\/\/noremana.com\/en\/produit\/stick-solaire-eq-love-spf50-beige-sable\/#primaryimage\"},\"thumbnailUrl\":\"https:\/\/noremana.com\/wp-content\/uploads\/2025\/02\/Stick-solaire.jpg\",\"datePublished\":\"2025-02-19T21:03:55+00:00\",\"dateModified\":\"2025-03-10T15:47:06+00:00\",\"description\":\"Le stick Solaire EQ Love, \u00e0 toujours avoir avec soi pour se prot\u00e9ger avant sa session, fait \u00e0 partir de composants naturels.\",\"breadcrumb\":{\"@id\":\"https:\/\/noremana.com\/en\/produit\/stick-solaire-eq-love-spf50-beige-sable\/#breadcrumb\"},\"inLanguage\":\"en-US\",\"potentialAction\":[{\"@type\":\"ReadAction\",\"target\":[[\"https:\/\/noremana.com\/en\/produit\/stick-solaire-eq-love-spf50-beige-sable\/\"]]}]},{\"@type\":\"ImageObject\",\"inLanguage\":\"en-US\",\"@id\":\"https:\/\/noremana.com\/en\/produit\/stick-solaire-eq-love-spf50-beige-sable\/#primaryimage\",\"url\":\"https:\/\/noremana.com\/wp-content\/uploads\/2025\/02\/Stick-solaire.jpg\",\"contentUrl\":\"https:\/\/noremana.com\/wp-content\/uploads\/2025\/02\/Stick-solaire.jpg\",\"width\":582,\"height\":582},{\"@type\":\"BreadcrumbList\",\"@id\":\"https:\/\/noremana.com\/en\/produit\/stick-solaire-eq-love-spf50-beige-sable\/#breadcrumb\",\"itemListElement\":[{\"@type\":\"ListItem\",\"position\":1,\"name\":\"Accueil\",\"item\":\"https:\/\/noremana.com\/en\/\"},{\"@type\":\"ListItem\",\"position\":2,\"name\":\"Boutique\",\"item\":\"https:\/\/noremana.com\/en\/shop\/\"},{\"@type\":\"ListItem\",\"position\":3,\"name\":\"Sun Stick EQ Love SPF50+ Beige Sable\"}]},{\"@type\":\"WebSite\",\"@id\":\"https:\/\/noremana.com\/en\/#website\",\"url\":\"https:\/\/noremana.com\/en\/\",\"name\":\"Noremana\",\"description\":\"\",\"publisher\":{\"@id\":\"https:\/\/noremana.com\/en\/#organization\"},\"potentialAction\":[{\"@type\":\"SearchAction\",\"target\":{\"@type\":\"EntryPoint\",\"urlTemplate\":\"https:\/\/noremana.com\/en\/?s={search_term_string}\"},\"query-input\":{\"@type\":\"PropertyValueSpecification\",\"valueRequired\":true,\"valueName\":\"search_term_string\"}}],\"inLanguage\":\"en-US\"},{\"@type\":\"Organization\",\"@id\":\"https:\/\/noremana.com\/en\/#organization\",\"name\":\"Noremana\",\"url\":\"https:\/\/noremana.com\/en\/\",\"logo\":{\"@type\":\"ImageObject\",\"inLanguage\":\"en-US\",\"@id\":\"https:\/\/noremana.com\/en\/#\/schema\/logo\/image\/\",\"url\":\"https:\/\/noremana.com\/wp-content\/uploads\/2024\/03\/Logo-vertical-white.svg\",\"contentUrl\":\"https:\/\/noremana.com\/wp-content\/uploads\/2024\/03\/Logo-vertical-white.svg\",\"width\":398,\"height\":179,\"caption\":\"Noremana\"},\"image\":{\"@id\":\"https:\/\/noremana.com\/en\/#\/schema\/logo\/image\/\"},\"sameAs\":[\"https:\/\/www.facebook.com\/noremana\",\"https:\/\/www.tiktok.com\/@noremana_ltd?lang=fr\",\"https:\/\/www.youtube.com\/@noremana69\",\"https:\/\/www.instagram.com\/noremana_ltd\/\"]}]}<\/script>\n<!-- \/ Yoast SEO plugin. -->","yoast_head_json":{"title":"Sun Stick EQ Love SPF50+ Beige Sable - Noremana","description":"Le stick Solaire EQ Love, \u00e0 toujours avoir avec soi pour se prot\u00e9ger avant sa session, fait \u00e0 partir de composants naturels.","robots":{"index":"index","follow":"follow","max-snippet":"max-snippet:-1","max-image-preview":"max-image-preview:large","max-video-preview":"max-video-preview:-1"},"canonical":"https:\/\/noremana.com\/en\/produit\/stick-solaire-eq-love-spf50-beige-sable\/","og_locale":"en_US","og_type":"article","og_title":"Sun Stick EQ Love SPF50+ Beige Sable - Noremana","og_description":"Le stick Solaire EQ Love, \u00e0 toujours avoir avec soi pour se prot\u00e9ger avant sa session, fait \u00e0 partir de composants naturels.","og_url":"https:\/\/noremana.com\/en\/produit\/stick-solaire-eq-love-spf50-beige-sable\/","og_site_name":"Noremana","article_publisher":"https:\/\/www.facebook.com\/noremana","article_modified_time":"2025-03-10T15:47:06+00:00","og_image":[{"width":582,"height":582,"url":"https:\/\/noremana.com\/wp-content\/uploads\/2025\/02\/Stick-solaire.jpg","type":"image\/jpeg"}],"twitter_card":"summary_large_image","twitter_misc":{"Est. reading time":"2 minutes"},"schema":{"@context":"https:\/\/schema.org","@graph":[{"@type":"WebPage","@id":"https:\/\/noremana.com\/en\/produit\/stick-solaire-eq-love-spf50-beige-sable\/","url":"https:\/\/noremana.com\/en\/produit\/stick-solaire-eq-love-spf50-beige-sable\/","name":"Sun Stick EQ Love SPF50+ Beige Sable - Noremana","isPartOf":{"@id":"https:\/\/noremana.com\/en\/#website"},"primaryImageOfPage":{"@id":"https:\/\/noremana.com\/en\/produit\/stick-solaire-eq-love-spf50-beige-sable\/#primaryimage"},"image":{"@id":"https:\/\/noremana.com\/en\/produit\/stick-solaire-eq-love-spf50-beige-sable\/#primaryimage"},"thumbnailUrl":"https:\/\/noremana.com\/wp-content\/uploads\/2025\/02\/Stick-solaire.jpg","datePublished":"2025-02-19T21:03:55+00:00","dateModified":"2025-03-10T15:47:06+00:00","description":"Le stick Solaire EQ Love, \u00e0 toujours avoir avec soi pour se prot\u00e9ger avant sa session, fait \u00e0 partir de composants naturels.","breadcrumb":{"@id":"https:\/\/noremana.com\/en\/produit\/stick-solaire-eq-love-spf50-beige-sable\/#breadcrumb"},"inLanguage":"en-US","potentialAction":[{"@type":"ReadAction","target":[["https:\/\/noremana.com\/en\/produit\/stick-solaire-eq-love-spf50-beige-sable\/"]]}]},{"@type":"ImageObject","inLanguage":"en-US","@id":"https:\/\/noremana.com\/en\/produit\/stick-solaire-eq-love-spf50-beige-sable\/#primaryimage","url":"https:\/\/noremana.com\/wp-content\/uploads\/2025\/02\/Stick-solaire.jpg","contentUrl":"https:\/\/noremana.com\/wp-content\/uploads\/2025\/02\/Stick-solaire.jpg","width":582,"height":582},{"@type":"BreadcrumbList","@id":"https:\/\/noremana.com\/en\/produit\/stick-solaire-eq-love-spf50-beige-sable\/#breadcrumb","itemListElement":[{"@type":"ListItem","position":1,"name":"Accueil","item":"https:\/\/noremana.com\/en\/"},{"@type":"ListItem","position":2,"name":"Boutique","item":"https:\/\/noremana.com\/en\/shop\/"},{"@type":"ListItem","position":3,"name":"Sun Stick EQ Love SPF50+ Beige Sable"}]},{"@type":"WebSite","@id":"https:\/\/noremana.com\/en\/#website","url":"https:\/\/noremana.com\/en\/","name":"Noremana","description":"","publisher":{"@id":"https:\/\/noremana.com\/en\/#organization"},"potentialAction":[{"@type":"SearchAction","target":{"@type":"EntryPoint","urlTemplate":"https:\/\/noremana.com\/en\/?s={search_term_string}"},"query-input":{"@type":"PropertyValueSpecification","valueRequired":true,"valueName":"search_term_string"}}],"inLanguage":"en-US"},{"@type":"Organization","@id":"https:\/\/noremana.com\/en\/#organization","name":"Noremana","url":"https:\/\/noremana.com\/en\/","logo":{"@type":"ImageObject","inLanguage":"en-US","@id":"https:\/\/noremana.com\/en\/#\/schema\/logo\/image\/","url":"https:\/\/noremana.com\/wp-content\/uploads\/2024\/03\/Logo-vertical-white.svg","contentUrl":"https:\/\/noremana.com\/wp-content\/uploads\/2024\/03\/Logo-vertical-white.svg","width":398,"height":179,"caption":"Noremana"},"image":{"@id":"https:\/\/noremana.com\/en\/#\/schema\/logo\/image\/"},"sameAs":["https:\/\/www.facebook.com\/noremana","https:\/\/www.tiktok.com\/@noremana_ltd?lang=fr","https:\/\/www.youtube.com\/@noremana69","https:\/\/www.instagram.com\/noremana_ltd\/"]}]}},"_links":{"self":[{"href":"https:\/\/noremana.com\/en\/wp-json\/wp\/v2\/product\/5229","targetHints":{"allow":["GET"]}}],"collection":[{"href":"https:\/\/noremana.com\/en\/wp-json\/wp\/v2\/product"}],"about":[{"href":"https:\/\/noremana.com\/en\/wp-json\/wp\/v2\/types\/product"}],"wp:featuredmedia":[{"embeddable":true,"href":"https:\/\/noremana.com\/en\/wp-json\/wp\/v2\/media\/5230"}],"wp:attachment":[{"href":"https:\/\/noremana.com\/en\/wp-json\/wp\/v2\/media?parent=5229"}],"wp:term":[{"taxonomy":"product_brand","embeddable":true,"href":"https:\/\/noremana.com\/en\/wp-json\/wp\/v2\/product_brand?post=5229"},{"taxonomy":"product_cat","embeddable":true,"href":"https:\/\/noremana.com\/en\/wp-json\/wp\/v2\/product_cat?post=5229"},{"taxonomy":"product_tag","embeddable":true,"href":"https:\/\/noremana.com\/en\/wp-json\/wp\/v2\/product_tag?post=5229"}],"curies":[{"name":"wp","href":"https:\/\/api.w.org\/{rel}","templated":true}]}}