{"id":5221,"date":"2025-02-19T21:50:48","date_gmt":"2025-02-19T20:50:48","guid":{"rendered":"https:\/\/noremana.com\/?post_type=product&#038;p=5221"},"modified":"2025-03-10T16:48:23","modified_gmt":"2025-03-10T15:48:23","slug":"ecrou-carre-m8-14x14mm","status":"publish","type":"product","link":"https:\/\/noremana.com\/en\/produit\/ecrou-carre-m8-14x14mm\/","title":{"rendered":"Square Nut M8 &#8211; 14x14mm"},"content":{"rendered":"","protected":false},"excerpt":{"rendered":"<p>Nautix Nickel-plated M8 square nut &#8211; 14x14mm &#8211; Perfect for fitting to your US rails to secure your kitesurf, wingfoil and surffoil foils.<\/p>\n","protected":false},"featured_media":5222,"template":"","meta":{"_acf_changed":false,"inline_featured_image":false},"product_brand":[],"product_cat":[145],"product_tag":[62,182,150,71,183,67],"class_list":{"0":"post-5221","1":"product","2":"type-product","3":"status-publish","4":"has-post-thumbnail","6":"product_cat-wingfoil","7":"product_tag-foil","8":"product_tag-rail-us","9":"product_tag-surfoil","10":"product_tag-t-nuts","11":"product_tag-tnuts","12":"product_tag-wingfoil","13":"product_shipping_class-mondial-relay-colissimo","15":"first","16":"instock","17":"shipping-taxable","18":"purchasable","19":"product-type-variable"},"acf":[],"yoast_head":"<!-- This site is optimized with the Yoast SEO plugin v26.7 - https:\/\/yoast.com\/wordpress\/plugins\/seo\/ -->\n<title>Square Nut M8 - 14x14mm - Noremana<\/title>\n<meta name=\"description\" content=\"L&#039;\u00e9crou carr\u00e9 M8 est une bonne alternative au T-Nuts, il est en inox et il permet d&#039;\u00eatre monter dans tous les boitiers du march\u00e9.\" \/>\n<meta name=\"robots\" content=\"index, follow, max-snippet:-1, max-image-preview:large, max-video-preview:-1\" \/>\n<link rel=\"canonical\" href=\"https:\/\/noremana.com\/en\/produit\/ecrou-carre-m8-14x14mm\/\" \/>\n<meta property=\"og:locale\" content=\"en_US\" \/>\n<meta property=\"og:type\" content=\"article\" \/>\n<meta property=\"og:title\" content=\"Square Nut M8 - 14x14mm - Noremana\" \/>\n<meta property=\"og:description\" content=\"L&#039;\u00e9crou carr\u00e9 M8 est une bonne alternative au T-Nuts, il est en inox et il permet d&#039;\u00eatre monter dans tous les boitiers du march\u00e9.\" \/>\n<meta property=\"og:url\" content=\"https:\/\/noremana.com\/en\/produit\/ecrou-carre-m8-14x14mm\/\" \/>\n<meta property=\"og:site_name\" content=\"Noremana\" \/>\n<meta property=\"article:publisher\" content=\"https:\/\/www.facebook.com\/noremana\" \/>\n<meta property=\"article:modified_time\" content=\"2025-03-10T15:48:23+00:00\" \/>\n<meta property=\"og:image\" content=\"https:\/\/noremana.com\/wp-content\/uploads\/2025\/02\/020018_nautix_crou_carr_m8.jpg\" \/>\n\t<meta property=\"og:image:width\" content=\"1196\" \/>\n\t<meta property=\"og:image:height\" content=\"872\" \/>\n\t<meta property=\"og:image:type\" content=\"image\/jpeg\" \/>\n<meta name=\"twitter:card\" content=\"summary_large_image\" \/>\n<meta name=\"twitter:label1\" content=\"Est. reading time\" \/>\n\t<meta name=\"twitter:data1\" content=\"1 minute\" \/>\n<script type=\"application\/ld+json\" class=\"yoast-schema-graph\">{\"@context\":\"https:\/\/schema.org\",\"@graph\":[{\"@type\":\"WebPage\",\"@id\":\"https:\/\/noremana.com\/en\/produit\/ecrou-carre-m8-14x14mm\/\",\"url\":\"https:\/\/noremana.com\/en\/produit\/ecrou-carre-m8-14x14mm\/\",\"name\":\"Square Nut M8 - 14x14mm - Noremana\",\"isPartOf\":{\"@id\":\"https:\/\/noremana.com\/en\/#website\"},\"primaryImageOfPage\":{\"@id\":\"https:\/\/noremana.com\/en\/produit\/ecrou-carre-m8-14x14mm\/#primaryimage\"},\"image\":{\"@id\":\"https:\/\/noremana.com\/en\/produit\/ecrou-carre-m8-14x14mm\/#primaryimage\"},\"thumbnailUrl\":\"https:\/\/noremana.com\/wp-content\/uploads\/2025\/02\/020018_nautix_crou_carr_m8.jpg\",\"datePublished\":\"2025-02-19T20:50:48+00:00\",\"dateModified\":\"2025-03-10T15:48:23+00:00\",\"description\":\"L'\u00e9crou carr\u00e9 M8 est une bonne alternative au T-Nuts, il est en inox et il permet d'\u00eatre monter dans tous les boitiers du march\u00e9.\",\"breadcrumb\":{\"@id\":\"https:\/\/noremana.com\/en\/produit\/ecrou-carre-m8-14x14mm\/#breadcrumb\"},\"inLanguage\":\"en-US\",\"potentialAction\":[{\"@type\":\"ReadAction\",\"target\":[[\"https:\/\/noremana.com\/en\/produit\/ecrou-carre-m8-14x14mm\/\"]]}]},{\"@type\":\"ImageObject\",\"inLanguage\":\"en-US\",\"@id\":\"https:\/\/noremana.com\/en\/produit\/ecrou-carre-m8-14x14mm\/#primaryimage\",\"url\":\"https:\/\/noremana.com\/wp-content\/uploads\/2025\/02\/020018_nautix_crou_carr_m8.jpg\",\"contentUrl\":\"https:\/\/noremana.com\/wp-content\/uploads\/2025\/02\/020018_nautix_crou_carr_m8.jpg\",\"width\":1196,\"height\":872},{\"@type\":\"BreadcrumbList\",\"@id\":\"https:\/\/noremana.com\/en\/produit\/ecrou-carre-m8-14x14mm\/#breadcrumb\",\"itemListElement\":[{\"@type\":\"ListItem\",\"position\":1,\"name\":\"Accueil\",\"item\":\"https:\/\/noremana.com\/en\/\"},{\"@type\":\"ListItem\",\"position\":2,\"name\":\"Boutique\",\"item\":\"https:\/\/noremana.com\/en\/shop\/\"},{\"@type\":\"ListItem\",\"position\":3,\"name\":\"Square Nut M8 &#8211; 14x14mm\"}]},{\"@type\":\"WebSite\",\"@id\":\"https:\/\/noremana.com\/en\/#website\",\"url\":\"https:\/\/noremana.com\/en\/\",\"name\":\"Noremana\",\"description\":\"\",\"publisher\":{\"@id\":\"https:\/\/noremana.com\/en\/#organization\"},\"potentialAction\":[{\"@type\":\"SearchAction\",\"target\":{\"@type\":\"EntryPoint\",\"urlTemplate\":\"https:\/\/noremana.com\/en\/?s={search_term_string}\"},\"query-input\":{\"@type\":\"PropertyValueSpecification\",\"valueRequired\":true,\"valueName\":\"search_term_string\"}}],\"inLanguage\":\"en-US\"},{\"@type\":\"Organization\",\"@id\":\"https:\/\/noremana.com\/en\/#organization\",\"name\":\"Noremana\",\"url\":\"https:\/\/noremana.com\/en\/\",\"logo\":{\"@type\":\"ImageObject\",\"inLanguage\":\"en-US\",\"@id\":\"https:\/\/noremana.com\/en\/#\/schema\/logo\/image\/\",\"url\":\"https:\/\/noremana.com\/wp-content\/uploads\/2024\/03\/Logo-vertical-white.svg\",\"contentUrl\":\"https:\/\/noremana.com\/wp-content\/uploads\/2024\/03\/Logo-vertical-white.svg\",\"width\":398,\"height\":179,\"caption\":\"Noremana\"},\"image\":{\"@id\":\"https:\/\/noremana.com\/en\/#\/schema\/logo\/image\/\"},\"sameAs\":[\"https:\/\/www.facebook.com\/noremana\",\"https:\/\/www.tiktok.com\/@noremana_ltd?lang=fr\",\"https:\/\/www.youtube.com\/@noremana69\",\"https:\/\/www.instagram.com\/noremana_ltd\/\"]}]}<\/script>\n<!-- \/ Yoast SEO plugin. -->","yoast_head_json":{"title":"Square Nut M8 - 14x14mm - Noremana","description":"L'\u00e9crou carr\u00e9 M8 est une bonne alternative au T-Nuts, il est en inox et il permet d'\u00eatre monter dans tous les boitiers du march\u00e9.","robots":{"index":"index","follow":"follow","max-snippet":"max-snippet:-1","max-image-preview":"max-image-preview:large","max-video-preview":"max-video-preview:-1"},"canonical":"https:\/\/noremana.com\/en\/produit\/ecrou-carre-m8-14x14mm\/","og_locale":"en_US","og_type":"article","og_title":"Square Nut M8 - 14x14mm - Noremana","og_description":"L'\u00e9crou carr\u00e9 M8 est une bonne alternative au T-Nuts, il est en inox et il permet d'\u00eatre monter dans tous les boitiers du march\u00e9.","og_url":"https:\/\/noremana.com\/en\/produit\/ecrou-carre-m8-14x14mm\/","og_site_name":"Noremana","article_publisher":"https:\/\/www.facebook.com\/noremana","article_modified_time":"2025-03-10T15:48:23+00:00","og_image":[{"width":1196,"height":872,"url":"https:\/\/noremana.com\/wp-content\/uploads\/2025\/02\/020018_nautix_crou_carr_m8.jpg","type":"image\/jpeg"}],"twitter_card":"summary_large_image","twitter_misc":{"Est. reading time":"1 minute"},"schema":{"@context":"https:\/\/schema.org","@graph":[{"@type":"WebPage","@id":"https:\/\/noremana.com\/en\/produit\/ecrou-carre-m8-14x14mm\/","url":"https:\/\/noremana.com\/en\/produit\/ecrou-carre-m8-14x14mm\/","name":"Square Nut M8 - 14x14mm - Noremana","isPartOf":{"@id":"https:\/\/noremana.com\/en\/#website"},"primaryImageOfPage":{"@id":"https:\/\/noremana.com\/en\/produit\/ecrou-carre-m8-14x14mm\/#primaryimage"},"image":{"@id":"https:\/\/noremana.com\/en\/produit\/ecrou-carre-m8-14x14mm\/#primaryimage"},"thumbnailUrl":"https:\/\/noremana.com\/wp-content\/uploads\/2025\/02\/020018_nautix_crou_carr_m8.jpg","datePublished":"2025-02-19T20:50:48+00:00","dateModified":"2025-03-10T15:48:23+00:00","description":"L'\u00e9crou carr\u00e9 M8 est une bonne alternative au T-Nuts, il est en inox et il permet d'\u00eatre monter dans tous les boitiers du march\u00e9.","breadcrumb":{"@id":"https:\/\/noremana.com\/en\/produit\/ecrou-carre-m8-14x14mm\/#breadcrumb"},"inLanguage":"en-US","potentialAction":[{"@type":"ReadAction","target":[["https:\/\/noremana.com\/en\/produit\/ecrou-carre-m8-14x14mm\/"]]}]},{"@type":"ImageObject","inLanguage":"en-US","@id":"https:\/\/noremana.com\/en\/produit\/ecrou-carre-m8-14x14mm\/#primaryimage","url":"https:\/\/noremana.com\/wp-content\/uploads\/2025\/02\/020018_nautix_crou_carr_m8.jpg","contentUrl":"https:\/\/noremana.com\/wp-content\/uploads\/2025\/02\/020018_nautix_crou_carr_m8.jpg","width":1196,"height":872},{"@type":"BreadcrumbList","@id":"https:\/\/noremana.com\/en\/produit\/ecrou-carre-m8-14x14mm\/#breadcrumb","itemListElement":[{"@type":"ListItem","position":1,"name":"Accueil","item":"https:\/\/noremana.com\/en\/"},{"@type":"ListItem","position":2,"name":"Boutique","item":"https:\/\/noremana.com\/en\/shop\/"},{"@type":"ListItem","position":3,"name":"Square Nut M8 &#8211; 14x14mm"}]},{"@type":"WebSite","@id":"https:\/\/noremana.com\/en\/#website","url":"https:\/\/noremana.com\/en\/","name":"Noremana","description":"","publisher":{"@id":"https:\/\/noremana.com\/en\/#organization"},"potentialAction":[{"@type":"SearchAction","target":{"@type":"EntryPoint","urlTemplate":"https:\/\/noremana.com\/en\/?s={search_term_string}"},"query-input":{"@type":"PropertyValueSpecification","valueRequired":true,"valueName":"search_term_string"}}],"inLanguage":"en-US"},{"@type":"Organization","@id":"https:\/\/noremana.com\/en\/#organization","name":"Noremana","url":"https:\/\/noremana.com\/en\/","logo":{"@type":"ImageObject","inLanguage":"en-US","@id":"https:\/\/noremana.com\/en\/#\/schema\/logo\/image\/","url":"https:\/\/noremana.com\/wp-content\/uploads\/2024\/03\/Logo-vertical-white.svg","contentUrl":"https:\/\/noremana.com\/wp-content\/uploads\/2024\/03\/Logo-vertical-white.svg","width":398,"height":179,"caption":"Noremana"},"image":{"@id":"https:\/\/noremana.com\/en\/#\/schema\/logo\/image\/"},"sameAs":["https:\/\/www.facebook.com\/noremana","https:\/\/www.tiktok.com\/@noremana_ltd?lang=fr","https:\/\/www.youtube.com\/@noremana69","https:\/\/www.instagram.com\/noremana_ltd\/"]}]}},"_links":{"self":[{"href":"https:\/\/noremana.com\/en\/wp-json\/wp\/v2\/product\/5221","targetHints":{"allow":["GET"]}}],"collection":[{"href":"https:\/\/noremana.com\/en\/wp-json\/wp\/v2\/product"}],"about":[{"href":"https:\/\/noremana.com\/en\/wp-json\/wp\/v2\/types\/product"}],"wp:featuredmedia":[{"embeddable":true,"href":"https:\/\/noremana.com\/en\/wp-json\/wp\/v2\/media\/5222"}],"wp:attachment":[{"href":"https:\/\/noremana.com\/en\/wp-json\/wp\/v2\/media?parent=5221"}],"wp:term":[{"taxonomy":"product_brand","embeddable":true,"href":"https:\/\/noremana.com\/en\/wp-json\/wp\/v2\/product_brand?post=5221"},{"taxonomy":"product_cat","embeddable":true,"href":"https:\/\/noremana.com\/en\/wp-json\/wp\/v2\/product_cat?post=5221"},{"taxonomy":"product_tag","embeddable":true,"href":"https:\/\/noremana.com\/en\/wp-json\/wp\/v2\/product_tag?post=5221"}],"curies":[{"name":"wp","href":"https:\/\/api.w.org\/{rel}","templated":true}]}}