{"id":5201,"date":"2025-02-19T21:37:22","date_gmt":"2025-02-19T20:37:22","guid":{"rendered":"https:\/\/noremana.com\/?post_type=product&#038;p=5201"},"modified":"2026-01-12T21:06:23","modified_gmt":"2026-01-12T20:06:23","slug":"pad-integral-ovhd","status":"publish","type":"product","link":"https:\/\/noremana.com\/en\/produit\/pad-integral-ovhd\/","title":{"rendered":"Integral Pad OVHD"},"content":{"rendered":"<p><\/p>\n<p>Six-piece full pad that covers the entire board for excellent grip, in light blue color.<\/p>\n<ul>\n<li>5mm EVA foam for optimal feel and support \u2013 108\u00d740.5 cm (42\u201dx16.5\u201d)<\/li>\n<li>Includes the tail pad, front section, and center section<\/li>\n<li>You can space out the different parts to cover a larger surface<\/li>\n<li>3M Pro adhesive included<\/li>\n<li>Designed for modern board shapes<\/li>\n<\/ul>\n<p><strong>Pad Type:<\/strong> Stubby \u2192 Wide Tail \/ Surf \u2192 Narrower Tail<\/p>\n<p><\/p>","protected":false},"excerpt":{"rendered":"<p>Integral pad for surfboard, kitesurf or wingfoil, consisting of 6 pieces.<\/p>\n","protected":false},"featured_media":5202,"template":"","meta":{"_acf_changed":false,"inline_featured_image":false},"product_brand":[],"product_cat":[137,146,145],"product_tag":[200,46,89,36,201,202],"class_list":{"0":"post-5201","1":"product","2":"type-product","3":"status-publish","4":"has-post-thumbnail","6":"product_cat-bon-plan-occasions","7":"product_cat-kitesurf","8":"product_cat-wingfoil","9":"product_tag-antiderapant","10":"product_tag-pad","11":"product_tag-surf","12":"product_tag-surfkite","13":"product_tag-surfpad","14":"product_tag-traction-pad","15":"product_shipping_class-mondial-relay-colissimo","17":"first","18":"instock","19":"sale","20":"shipping-taxable","21":"purchasable","22":"product-type-variable"},"acf":[],"yoast_head":"<!-- This site is optimized with the Yoast SEO plugin v26.7 - https:\/\/yoast.com\/wordpress\/plugins\/seo\/ -->\n<title>Integral Pad OVHD - Noremana<\/title>\n<meta name=\"description\" content=\"Pad Int\u00e9gral OVHD, pad antid\u00e9rapant pour vos planches de surf, surfkite et wingfoil, disponible dans 3 coloris et 2 tailles diff\u00e9rentes.\" \/>\n<meta name=\"robots\" content=\"index, follow, max-snippet:-1, max-image-preview:large, max-video-preview:-1\" \/>\n<link rel=\"canonical\" href=\"https:\/\/noremana.com\/en\/produit\/pad-integral-ovhd\/\" \/>\n<meta property=\"og:locale\" content=\"en_US\" \/>\n<meta property=\"og:type\" content=\"article\" \/>\n<meta property=\"og:title\" content=\"Integral Pad OVHD - Noremana\" \/>\n<meta property=\"og:description\" content=\"Pad Int\u00e9gral OVHD, pad antid\u00e9rapant pour vos planches de surf, surfkite et wingfoil, disponible dans 3 coloris et 2 tailles diff\u00e9rentes.\" \/>\n<meta property=\"og:url\" content=\"https:\/\/noremana.com\/en\/produit\/pad-integral-ovhd\/\" \/>\n<meta property=\"og:site_name\" content=\"Noremana\" \/>\n<meta property=\"article:publisher\" content=\"https:\/\/www.facebook.com\/noremana\" \/>\n<meta property=\"article:modified_time\" content=\"2026-01-12T20:06:23+00:00\" \/>\n<meta property=\"og:image\" content=\"https:\/\/noremana.com\/wp-content\/uploads\/2025\/02\/Capture-decran-2022-12-12-094823.png\" \/>\n\t<meta property=\"og:image:width\" content=\"513\" \/>\n\t<meta property=\"og:image:height\" content=\"910\" \/>\n\t<meta property=\"og:image:type\" content=\"image\/png\" \/>\n<meta name=\"twitter:card\" content=\"summary_large_image\" \/>\n<meta name=\"twitter:label1\" content=\"Est. reading time\" \/>\n\t<meta name=\"twitter:data1\" content=\"1 minute\" \/>\n<script type=\"application\/ld+json\" class=\"yoast-schema-graph\">{\"@context\":\"https:\/\/schema.org\",\"@graph\":[{\"@type\":\"WebPage\",\"@id\":\"https:\/\/noremana.com\/en\/produit\/pad-integral-ovhd\/\",\"url\":\"https:\/\/noremana.com\/en\/produit\/pad-integral-ovhd\/\",\"name\":\"Integral Pad OVHD - Noremana\",\"isPartOf\":{\"@id\":\"https:\/\/noremana.com\/en\/#website\"},\"primaryImageOfPage\":{\"@id\":\"https:\/\/noremana.com\/en\/produit\/pad-integral-ovhd\/#primaryimage\"},\"image\":{\"@id\":\"https:\/\/noremana.com\/en\/produit\/pad-integral-ovhd\/#primaryimage\"},\"thumbnailUrl\":\"https:\/\/noremana.com\/wp-content\/uploads\/2025\/02\/Capture-decran-2022-12-12-094823.png\",\"datePublished\":\"2025-02-19T20:37:22+00:00\",\"dateModified\":\"2026-01-12T20:06:23+00:00\",\"description\":\"Pad Int\u00e9gral OVHD, pad antid\u00e9rapant pour vos planches de surf, surfkite et wingfoil, disponible dans 3 coloris et 2 tailles diff\u00e9rentes.\",\"breadcrumb\":{\"@id\":\"https:\/\/noremana.com\/en\/produit\/pad-integral-ovhd\/#breadcrumb\"},\"inLanguage\":\"en-US\",\"potentialAction\":[{\"@type\":\"ReadAction\",\"target\":[[\"https:\/\/noremana.com\/en\/produit\/pad-integral-ovhd\/\"]]}]},{\"@type\":\"ImageObject\",\"inLanguage\":\"en-US\",\"@id\":\"https:\/\/noremana.com\/en\/produit\/pad-integral-ovhd\/#primaryimage\",\"url\":\"https:\/\/noremana.com\/wp-content\/uploads\/2025\/02\/Capture-decran-2022-12-12-094823.png\",\"contentUrl\":\"https:\/\/noremana.com\/wp-content\/uploads\/2025\/02\/Capture-decran-2022-12-12-094823.png\",\"width\":513,\"height\":910},{\"@type\":\"BreadcrumbList\",\"@id\":\"https:\/\/noremana.com\/en\/produit\/pad-integral-ovhd\/#breadcrumb\",\"itemListElement\":[{\"@type\":\"ListItem\",\"position\":1,\"name\":\"Accueil\",\"item\":\"https:\/\/noremana.com\/en\/\"},{\"@type\":\"ListItem\",\"position\":2,\"name\":\"Boutique\",\"item\":\"https:\/\/noremana.com\/en\/shop\/\"},{\"@type\":\"ListItem\",\"position\":3,\"name\":\"Integral Pad OVHD\"}]},{\"@type\":\"WebSite\",\"@id\":\"https:\/\/noremana.com\/en\/#website\",\"url\":\"https:\/\/noremana.com\/en\/\",\"name\":\"Noremana\",\"description\":\"\",\"publisher\":{\"@id\":\"https:\/\/noremana.com\/en\/#organization\"},\"potentialAction\":[{\"@type\":\"SearchAction\",\"target\":{\"@type\":\"EntryPoint\",\"urlTemplate\":\"https:\/\/noremana.com\/en\/?s={search_term_string}\"},\"query-input\":{\"@type\":\"PropertyValueSpecification\",\"valueRequired\":true,\"valueName\":\"search_term_string\"}}],\"inLanguage\":\"en-US\"},{\"@type\":\"Organization\",\"@id\":\"https:\/\/noremana.com\/en\/#organization\",\"name\":\"Noremana\",\"url\":\"https:\/\/noremana.com\/en\/\",\"logo\":{\"@type\":\"ImageObject\",\"inLanguage\":\"en-US\",\"@id\":\"https:\/\/noremana.com\/en\/#\/schema\/logo\/image\/\",\"url\":\"https:\/\/noremana.com\/wp-content\/uploads\/2024\/03\/Logo-vertical-white.svg\",\"contentUrl\":\"https:\/\/noremana.com\/wp-content\/uploads\/2024\/03\/Logo-vertical-white.svg\",\"width\":398,\"height\":179,\"caption\":\"Noremana\"},\"image\":{\"@id\":\"https:\/\/noremana.com\/en\/#\/schema\/logo\/image\/\"},\"sameAs\":[\"https:\/\/www.facebook.com\/noremana\",\"https:\/\/www.tiktok.com\/@noremana_ltd?lang=fr\",\"https:\/\/www.youtube.com\/@noremana69\",\"https:\/\/www.instagram.com\/noremana_ltd\/\"]}]}<\/script>\n<!-- \/ Yoast SEO plugin. -->","yoast_head_json":{"title":"Integral Pad OVHD - Noremana","description":"Pad Int\u00e9gral OVHD, pad antid\u00e9rapant pour vos planches de surf, surfkite et wingfoil, disponible dans 3 coloris et 2 tailles diff\u00e9rentes.","robots":{"index":"index","follow":"follow","max-snippet":"max-snippet:-1","max-image-preview":"max-image-preview:large","max-video-preview":"max-video-preview:-1"},"canonical":"https:\/\/noremana.com\/en\/produit\/pad-integral-ovhd\/","og_locale":"en_US","og_type":"article","og_title":"Integral Pad OVHD - Noremana","og_description":"Pad Int\u00e9gral OVHD, pad antid\u00e9rapant pour vos planches de surf, surfkite et wingfoil, disponible dans 3 coloris et 2 tailles diff\u00e9rentes.","og_url":"https:\/\/noremana.com\/en\/produit\/pad-integral-ovhd\/","og_site_name":"Noremana","article_publisher":"https:\/\/www.facebook.com\/noremana","article_modified_time":"2026-01-12T20:06:23+00:00","og_image":[{"width":513,"height":910,"url":"https:\/\/noremana.com\/wp-content\/uploads\/2025\/02\/Capture-decran-2022-12-12-094823.png","type":"image\/png"}],"twitter_card":"summary_large_image","twitter_misc":{"Est. reading time":"1 minute"},"schema":{"@context":"https:\/\/schema.org","@graph":[{"@type":"WebPage","@id":"https:\/\/noremana.com\/en\/produit\/pad-integral-ovhd\/","url":"https:\/\/noremana.com\/en\/produit\/pad-integral-ovhd\/","name":"Integral Pad OVHD - Noremana","isPartOf":{"@id":"https:\/\/noremana.com\/en\/#website"},"primaryImageOfPage":{"@id":"https:\/\/noremana.com\/en\/produit\/pad-integral-ovhd\/#primaryimage"},"image":{"@id":"https:\/\/noremana.com\/en\/produit\/pad-integral-ovhd\/#primaryimage"},"thumbnailUrl":"https:\/\/noremana.com\/wp-content\/uploads\/2025\/02\/Capture-decran-2022-12-12-094823.png","datePublished":"2025-02-19T20:37:22+00:00","dateModified":"2026-01-12T20:06:23+00:00","description":"Pad Int\u00e9gral OVHD, pad antid\u00e9rapant pour vos planches de surf, surfkite et wingfoil, disponible dans 3 coloris et 2 tailles diff\u00e9rentes.","breadcrumb":{"@id":"https:\/\/noremana.com\/en\/produit\/pad-integral-ovhd\/#breadcrumb"},"inLanguage":"en-US","potentialAction":[{"@type":"ReadAction","target":[["https:\/\/noremana.com\/en\/produit\/pad-integral-ovhd\/"]]}]},{"@type":"ImageObject","inLanguage":"en-US","@id":"https:\/\/noremana.com\/en\/produit\/pad-integral-ovhd\/#primaryimage","url":"https:\/\/noremana.com\/wp-content\/uploads\/2025\/02\/Capture-decran-2022-12-12-094823.png","contentUrl":"https:\/\/noremana.com\/wp-content\/uploads\/2025\/02\/Capture-decran-2022-12-12-094823.png","width":513,"height":910},{"@type":"BreadcrumbList","@id":"https:\/\/noremana.com\/en\/produit\/pad-integral-ovhd\/#breadcrumb","itemListElement":[{"@type":"ListItem","position":1,"name":"Accueil","item":"https:\/\/noremana.com\/en\/"},{"@type":"ListItem","position":2,"name":"Boutique","item":"https:\/\/noremana.com\/en\/shop\/"},{"@type":"ListItem","position":3,"name":"Integral Pad OVHD"}]},{"@type":"WebSite","@id":"https:\/\/noremana.com\/en\/#website","url":"https:\/\/noremana.com\/en\/","name":"Noremana","description":"","publisher":{"@id":"https:\/\/noremana.com\/en\/#organization"},"potentialAction":[{"@type":"SearchAction","target":{"@type":"EntryPoint","urlTemplate":"https:\/\/noremana.com\/en\/?s={search_term_string}"},"query-input":{"@type":"PropertyValueSpecification","valueRequired":true,"valueName":"search_term_string"}}],"inLanguage":"en-US"},{"@type":"Organization","@id":"https:\/\/noremana.com\/en\/#organization","name":"Noremana","url":"https:\/\/noremana.com\/en\/","logo":{"@type":"ImageObject","inLanguage":"en-US","@id":"https:\/\/noremana.com\/en\/#\/schema\/logo\/image\/","url":"https:\/\/noremana.com\/wp-content\/uploads\/2024\/03\/Logo-vertical-white.svg","contentUrl":"https:\/\/noremana.com\/wp-content\/uploads\/2024\/03\/Logo-vertical-white.svg","width":398,"height":179,"caption":"Noremana"},"image":{"@id":"https:\/\/noremana.com\/en\/#\/schema\/logo\/image\/"},"sameAs":["https:\/\/www.facebook.com\/noremana","https:\/\/www.tiktok.com\/@noremana_ltd?lang=fr","https:\/\/www.youtube.com\/@noremana69","https:\/\/www.instagram.com\/noremana_ltd\/"]}]}},"_links":{"self":[{"href":"https:\/\/noremana.com\/en\/wp-json\/wp\/v2\/product\/5201","targetHints":{"allow":["GET"]}}],"collection":[{"href":"https:\/\/noremana.com\/en\/wp-json\/wp\/v2\/product"}],"about":[{"href":"https:\/\/noremana.com\/en\/wp-json\/wp\/v2\/types\/product"}],"wp:featuredmedia":[{"embeddable":true,"href":"https:\/\/noremana.com\/en\/wp-json\/wp\/v2\/media\/5202"}],"wp:attachment":[{"href":"https:\/\/noremana.com\/en\/wp-json\/wp\/v2\/media?parent=5201"}],"wp:term":[{"taxonomy":"product_brand","embeddable":true,"href":"https:\/\/noremana.com\/en\/wp-json\/wp\/v2\/product_brand?post=5201"},{"taxonomy":"product_cat","embeddable":true,"href":"https:\/\/noremana.com\/en\/wp-json\/wp\/v2\/product_cat?post=5201"},{"taxonomy":"product_tag","embeddable":true,"href":"https:\/\/noremana.com\/en\/wp-json\/wp\/v2\/product_tag?post=5201"}],"curies":[{"name":"wp","href":"https:\/\/api.w.org\/{rel}","templated":true}]}}