{"id":5067,"date":"2024-12-09T21:54:05","date_gmt":"2024-12-09T20:54:05","guid":{"rendered":"https:\/\/noremana.com\/?post_type=product&#038;p=5067"},"modified":"2025-03-10T17:02:11","modified_gmt":"2025-03-10T16:02:11","slug":"footstraps-surf-noremana","status":"publish","type":"product","link":"https:\/\/noremana.com\/en\/produit\/footstraps-surf-noremana\/","title":{"rendered":"Footstraps Surf Noremana"},"content":{"rendered":"<p>Noremana Surf Footstraps are the classic straps for surfkiting, kitefoiling and wingfoiling.<\/p>\n<p>They are adjustable by means of a Velcro system, which, combined with the different screw positioning holes on the sides, allow these straps to adapt to all foot types and be compatible with all boards on the market. They are very easy to adjust, making them easy to use and very comfortable to ride.<\/p>","protected":false},"excerpt":{"rendered":"<p>Footstraps Surf Noremana, classic footstrap with Velcro adjustment and screw position on ends, suitable for surfkite and wingfoil.<\/p>\n","protected":false},"featured_media":5068,"template":"","meta":{"_acf_changed":false,"inline_featured_image":false},"product_brand":[],"product_cat":[146],"product_tag":[179,63,85,78,65,36,181,180],"class_list":{"0":"post-5067","1":"product","2":"type-product","3":"status-publish","4":"has-post-thumbnail","6":"product_cat-kitesurf","7":"product_tag-footstrap","8":"product_tag-footstraps","9":"product_tag-kitesurf","10":"product_tag-strap","11":"product_tag-straps","12":"product_tag-surfkite","13":"product_tag-tow-foil","14":"product_tag-tow-in","15":"product_shipping_class-mondial-relay-colissimo","17":"first","18":"instock","19":"shipping-taxable","20":"purchasable","21":"product-type-variable"},"acf":[],"yoast_head":"<!-- This site is optimized with the Yoast SEO plugin v26.7 - https:\/\/yoast.com\/wordpress\/plugins\/seo\/ -->\n<title>Footstraps Surf Noremana - Noremana<\/title>\n<meta name=\"description\" content=\"Les footstraps de surf vont vous permettre d&#039;avoir des straps r\u00e9glable tr\u00e8s confortable, \u00e0 utiliser sur vos planches de kitesurf, de wing ou de surfoil.\" \/>\n<meta name=\"robots\" content=\"index, follow, max-snippet:-1, max-image-preview:large, max-video-preview:-1\" \/>\n<link rel=\"canonical\" href=\"https:\/\/noremana.com\/en\/produit\/footstraps-surf-noremana\/\" \/>\n<meta property=\"og:locale\" content=\"en_US\" \/>\n<meta property=\"og:type\" content=\"article\" \/>\n<meta property=\"og:title\" content=\"Footstraps Surf Noremana - Noremana\" \/>\n<meta property=\"og:description\" content=\"Les footstraps de surf vont vous permettre d&#039;avoir des straps r\u00e9glable tr\u00e8s confortable, \u00e0 utiliser sur vos planches de kitesurf, de wing ou de surfoil.\" \/>\n<meta property=\"og:url\" content=\"https:\/\/noremana.com\/en\/produit\/footstraps-surf-noremana\/\" \/>\n<meta property=\"og:site_name\" content=\"Noremana\" \/>\n<meta property=\"article:publisher\" content=\"https:\/\/www.facebook.com\/noremana\" \/>\n<meta property=\"article:modified_time\" content=\"2025-03-10T16:02:11+00:00\" \/>\n<meta property=\"og:image\" content=\"https:\/\/noremana.com\/wp-content\/uploads\/2024\/12\/20200803_195825_2.jpg\" \/>\n\t<meta property=\"og:image:width\" content=\"1484\" \/>\n\t<meta property=\"og:image:height\" content=\"1080\" \/>\n\t<meta property=\"og:image:type\" content=\"image\/jpeg\" \/>\n<meta name=\"twitter:card\" content=\"summary_large_image\" \/>\n<meta name=\"twitter:label1\" content=\"Est. reading time\" \/>\n\t<meta name=\"twitter:data1\" content=\"1 minute\" \/>\n<script type=\"application\/ld+json\" class=\"yoast-schema-graph\">{\"@context\":\"https:\/\/schema.org\",\"@graph\":[{\"@type\":\"WebPage\",\"@id\":\"https:\/\/noremana.com\/en\/produit\/footstraps-surf-noremana\/\",\"url\":\"https:\/\/noremana.com\/en\/produit\/footstraps-surf-noremana\/\",\"name\":\"Footstraps Surf Noremana - Noremana\",\"isPartOf\":{\"@id\":\"https:\/\/noremana.com\/en\/#website\"},\"primaryImageOfPage\":{\"@id\":\"https:\/\/noremana.com\/en\/produit\/footstraps-surf-noremana\/#primaryimage\"},\"image\":{\"@id\":\"https:\/\/noremana.com\/en\/produit\/footstraps-surf-noremana\/#primaryimage\"},\"thumbnailUrl\":\"https:\/\/noremana.com\/wp-content\/uploads\/2024\/12\/20200803_195825_2.jpg\",\"datePublished\":\"2024-12-09T20:54:05+00:00\",\"dateModified\":\"2025-03-10T16:02:11+00:00\",\"description\":\"Les footstraps de surf vont vous permettre d'avoir des straps r\u00e9glable tr\u00e8s confortable, \u00e0 utiliser sur vos planches de kitesurf, de wing ou de surfoil.\",\"breadcrumb\":{\"@id\":\"https:\/\/noremana.com\/en\/produit\/footstraps-surf-noremana\/#breadcrumb\"},\"inLanguage\":\"en-US\",\"potentialAction\":[{\"@type\":\"ReadAction\",\"target\":[[\"https:\/\/noremana.com\/en\/produit\/footstraps-surf-noremana\/\"]]}]},{\"@type\":\"ImageObject\",\"inLanguage\":\"en-US\",\"@id\":\"https:\/\/noremana.com\/en\/produit\/footstraps-surf-noremana\/#primaryimage\",\"url\":\"https:\/\/noremana.com\/wp-content\/uploads\/2024\/12\/20200803_195825_2.jpg\",\"contentUrl\":\"https:\/\/noremana.com\/wp-content\/uploads\/2024\/12\/20200803_195825_2.jpg\",\"width\":1484,\"height\":1080},{\"@type\":\"BreadcrumbList\",\"@id\":\"https:\/\/noremana.com\/en\/produit\/footstraps-surf-noremana\/#breadcrumb\",\"itemListElement\":[{\"@type\":\"ListItem\",\"position\":1,\"name\":\"Accueil\",\"item\":\"https:\/\/noremana.com\/en\/\"},{\"@type\":\"ListItem\",\"position\":2,\"name\":\"Boutique\",\"item\":\"https:\/\/noremana.com\/en\/shop\/\"},{\"@type\":\"ListItem\",\"position\":3,\"name\":\"Footstraps Surf Noremana\"}]},{\"@type\":\"WebSite\",\"@id\":\"https:\/\/noremana.com\/en\/#website\",\"url\":\"https:\/\/noremana.com\/en\/\",\"name\":\"Noremana\",\"description\":\"\",\"publisher\":{\"@id\":\"https:\/\/noremana.com\/en\/#organization\"},\"potentialAction\":[{\"@type\":\"SearchAction\",\"target\":{\"@type\":\"EntryPoint\",\"urlTemplate\":\"https:\/\/noremana.com\/en\/?s={search_term_string}\"},\"query-input\":{\"@type\":\"PropertyValueSpecification\",\"valueRequired\":true,\"valueName\":\"search_term_string\"}}],\"inLanguage\":\"en-US\"},{\"@type\":\"Organization\",\"@id\":\"https:\/\/noremana.com\/en\/#organization\",\"name\":\"Noremana\",\"url\":\"https:\/\/noremana.com\/en\/\",\"logo\":{\"@type\":\"ImageObject\",\"inLanguage\":\"en-US\",\"@id\":\"https:\/\/noremana.com\/en\/#\/schema\/logo\/image\/\",\"url\":\"https:\/\/noremana.com\/wp-content\/uploads\/2024\/03\/Logo-vertical-white.svg\",\"contentUrl\":\"https:\/\/noremana.com\/wp-content\/uploads\/2024\/03\/Logo-vertical-white.svg\",\"width\":398,\"height\":179,\"caption\":\"Noremana\"},\"image\":{\"@id\":\"https:\/\/noremana.com\/en\/#\/schema\/logo\/image\/\"},\"sameAs\":[\"https:\/\/www.facebook.com\/noremana\",\"https:\/\/www.tiktok.com\/@noremana_ltd?lang=fr\",\"https:\/\/www.youtube.com\/@noremana69\",\"https:\/\/www.instagram.com\/noremana_ltd\/\"]}]}<\/script>\n<!-- \/ Yoast SEO plugin. -->","yoast_head_json":{"title":"Footstraps Surf Noremana - Noremana","description":"Les footstraps de surf vont vous permettre d'avoir des straps r\u00e9glable tr\u00e8s confortable, \u00e0 utiliser sur vos planches de kitesurf, de wing ou de surfoil.","robots":{"index":"index","follow":"follow","max-snippet":"max-snippet:-1","max-image-preview":"max-image-preview:large","max-video-preview":"max-video-preview:-1"},"canonical":"https:\/\/noremana.com\/en\/produit\/footstraps-surf-noremana\/","og_locale":"en_US","og_type":"article","og_title":"Footstraps Surf Noremana - Noremana","og_description":"Les footstraps de surf vont vous permettre d'avoir des straps r\u00e9glable tr\u00e8s confortable, \u00e0 utiliser sur vos planches de kitesurf, de wing ou de surfoil.","og_url":"https:\/\/noremana.com\/en\/produit\/footstraps-surf-noremana\/","og_site_name":"Noremana","article_publisher":"https:\/\/www.facebook.com\/noremana","article_modified_time":"2025-03-10T16:02:11+00:00","og_image":[{"width":1484,"height":1080,"url":"https:\/\/noremana.com\/wp-content\/uploads\/2024\/12\/20200803_195825_2.jpg","type":"image\/jpeg"}],"twitter_card":"summary_large_image","twitter_misc":{"Est. reading time":"1 minute"},"schema":{"@context":"https:\/\/schema.org","@graph":[{"@type":"WebPage","@id":"https:\/\/noremana.com\/en\/produit\/footstraps-surf-noremana\/","url":"https:\/\/noremana.com\/en\/produit\/footstraps-surf-noremana\/","name":"Footstraps Surf Noremana - Noremana","isPartOf":{"@id":"https:\/\/noremana.com\/en\/#website"},"primaryImageOfPage":{"@id":"https:\/\/noremana.com\/en\/produit\/footstraps-surf-noremana\/#primaryimage"},"image":{"@id":"https:\/\/noremana.com\/en\/produit\/footstraps-surf-noremana\/#primaryimage"},"thumbnailUrl":"https:\/\/noremana.com\/wp-content\/uploads\/2024\/12\/20200803_195825_2.jpg","datePublished":"2024-12-09T20:54:05+00:00","dateModified":"2025-03-10T16:02:11+00:00","description":"Les footstraps de surf vont vous permettre d'avoir des straps r\u00e9glable tr\u00e8s confortable, \u00e0 utiliser sur vos planches de kitesurf, de wing ou de surfoil.","breadcrumb":{"@id":"https:\/\/noremana.com\/en\/produit\/footstraps-surf-noremana\/#breadcrumb"},"inLanguage":"en-US","potentialAction":[{"@type":"ReadAction","target":[["https:\/\/noremana.com\/en\/produit\/footstraps-surf-noremana\/"]]}]},{"@type":"ImageObject","inLanguage":"en-US","@id":"https:\/\/noremana.com\/en\/produit\/footstraps-surf-noremana\/#primaryimage","url":"https:\/\/noremana.com\/wp-content\/uploads\/2024\/12\/20200803_195825_2.jpg","contentUrl":"https:\/\/noremana.com\/wp-content\/uploads\/2024\/12\/20200803_195825_2.jpg","width":1484,"height":1080},{"@type":"BreadcrumbList","@id":"https:\/\/noremana.com\/en\/produit\/footstraps-surf-noremana\/#breadcrumb","itemListElement":[{"@type":"ListItem","position":1,"name":"Accueil","item":"https:\/\/noremana.com\/en\/"},{"@type":"ListItem","position":2,"name":"Boutique","item":"https:\/\/noremana.com\/en\/shop\/"},{"@type":"ListItem","position":3,"name":"Footstraps Surf Noremana"}]},{"@type":"WebSite","@id":"https:\/\/noremana.com\/en\/#website","url":"https:\/\/noremana.com\/en\/","name":"Noremana","description":"","publisher":{"@id":"https:\/\/noremana.com\/en\/#organization"},"potentialAction":[{"@type":"SearchAction","target":{"@type":"EntryPoint","urlTemplate":"https:\/\/noremana.com\/en\/?s={search_term_string}"},"query-input":{"@type":"PropertyValueSpecification","valueRequired":true,"valueName":"search_term_string"}}],"inLanguage":"en-US"},{"@type":"Organization","@id":"https:\/\/noremana.com\/en\/#organization","name":"Noremana","url":"https:\/\/noremana.com\/en\/","logo":{"@type":"ImageObject","inLanguage":"en-US","@id":"https:\/\/noremana.com\/en\/#\/schema\/logo\/image\/","url":"https:\/\/noremana.com\/wp-content\/uploads\/2024\/03\/Logo-vertical-white.svg","contentUrl":"https:\/\/noremana.com\/wp-content\/uploads\/2024\/03\/Logo-vertical-white.svg","width":398,"height":179,"caption":"Noremana"},"image":{"@id":"https:\/\/noremana.com\/en\/#\/schema\/logo\/image\/"},"sameAs":["https:\/\/www.facebook.com\/noremana","https:\/\/www.tiktok.com\/@noremana_ltd?lang=fr","https:\/\/www.youtube.com\/@noremana69","https:\/\/www.instagram.com\/noremana_ltd\/"]}]}},"_links":{"self":[{"href":"https:\/\/noremana.com\/en\/wp-json\/wp\/v2\/product\/5067","targetHints":{"allow":["GET"]}}],"collection":[{"href":"https:\/\/noremana.com\/en\/wp-json\/wp\/v2\/product"}],"about":[{"href":"https:\/\/noremana.com\/en\/wp-json\/wp\/v2\/types\/product"}],"wp:featuredmedia":[{"embeddable":true,"href":"https:\/\/noremana.com\/en\/wp-json\/wp\/v2\/media\/5068"}],"wp:attachment":[{"href":"https:\/\/noremana.com\/en\/wp-json\/wp\/v2\/media?parent=5067"}],"wp:term":[{"taxonomy":"product_brand","embeddable":true,"href":"https:\/\/noremana.com\/en\/wp-json\/wp\/v2\/product_brand?post=5067"},{"taxonomy":"product_cat","embeddable":true,"href":"https:\/\/noremana.com\/en\/wp-json\/wp\/v2\/product_cat?post=5067"},{"taxonomy":"product_tag","embeddable":true,"href":"https:\/\/noremana.com\/en\/wp-json\/wp\/v2\/product_tag?post=5067"}],"curies":[{"name":"wp","href":"https:\/\/api.w.org\/{rel}","templated":true}]}}