{"id":5037,"date":"2024-12-09T21:24:06","date_gmt":"2024-12-09T20:24:06","guid":{"rendered":"https:\/\/noremana.com\/?post_type=product&#038;p=5037"},"modified":"2025-03-10T17:06:04","modified_gmt":"2025-03-10T16:06:04","slug":"derives-carbone-honeycomb-set","status":"publish","type":"product","link":"https:\/\/noremana.com\/en\/produit\/derives-carbone-honeycomb-set\/","title":{"rendered":"Carbon\/Honeycomb drift &#8211; Set"},"content":{"rendered":"<p><\/p>\n<p>The Carbon\/Honeycomb Fins are the default fins provided with NOREMANA boards!<\/p>\n<p>The NOREMANA Carbon\/Honeycomb fins are available for &#8220;Futures Fins&#8221; boxes (compatible with all boards in the range and all &#8220;Futures Fins&#8221; boxes on the market). They are built with a carbon base and a honeycomb core throughout the entire fin. This construction minimizes deformation at the lower part while allowing some flex at the tip.<\/p>\n<p>The NOREMANA Carbon\/Honeycomb fins are highly versatile and will allow you to ride in most conditions encountered daily.<\/p>\n<p><strong>Dimensions:<\/strong><\/p>\n<ul>\n<li><b>Front asymmetric side fins:<\/b> Height 115mm \/ Base width 110mm<\/li>\n<li><b>Rear asymmetric side fins:<\/b> Height 100mm \/ Base width 100mm<\/li>\n<li><b>Central symmetrical fin:<\/b> Height 115mm \/ Base width 110mm<\/li>\n<\/ul>\n<p><\/p>","protected":false},"excerpt":{"rendered":"<p>NOREMANA carbon\/honeycomb daggerboards are the default daggerboards for the NOREMANA range. Adapted to Futures Fins, they are versatile daggerboards that can be used in all conditions encountered on a daily basis.<\/p>\n","protected":false},"featured_media":5038,"template":"","meta":{"_acf_changed":false,"inline_featured_image":false},"product_brand":[],"product_cat":[146],"product_tag":[41,174,85,32,36],"class_list":{"0":"post-5037","1":"product","2":"type-product","3":"status-publish","4":"has-post-thumbnail","6":"product_cat-kitesurf","7":"product_tag-ailerons","8":"product_tag-derives","9":"product_tag-kitesurf","10":"product_tag-strapless","11":"product_tag-surfkite","12":"product_shipping_class-mondial-relay-colissimo","14":"first","15":"instock","16":"shipping-taxable","17":"purchasable","18":"product-type-variable"},"acf":[],"yoast_head":"<!-- This site is optimized with the Yoast SEO plugin v26.7 - https:\/\/yoast.com\/wordpress\/plugins\/seo\/ -->\n<title>Carbon\/Honeycomb drift - Set - Noremana<\/title>\n<meta name=\"description\" content=\"Les d\u00e9rives Carbone\/Honeycomb sont un excellent compromis entre rigidit\u00e9 et solidit\u00e9, elles sont pr\u00e9vues pour \u00eatre utilis\u00e9es en surfkite et en surf.\" \/>\n<meta name=\"robots\" content=\"index, follow, max-snippet:-1, max-image-preview:large, max-video-preview:-1\" \/>\n<link rel=\"canonical\" href=\"https:\/\/noremana.com\/en\/produit\/derives-carbone-honeycomb-set\/\" \/>\n<meta property=\"og:locale\" content=\"en_US\" \/>\n<meta property=\"og:type\" content=\"article\" \/>\n<meta property=\"og:title\" content=\"Carbon\/Honeycomb drift - Set - Noremana\" \/>\n<meta property=\"og:description\" content=\"Les d\u00e9rives Carbone\/Honeycomb sont un excellent compromis entre rigidit\u00e9 et solidit\u00e9, elles sont pr\u00e9vues pour \u00eatre utilis\u00e9es en surfkite et en surf.\" \/>\n<meta property=\"og:url\" content=\"https:\/\/noremana.com\/en\/produit\/derives-carbone-honeycomb-set\/\" \/>\n<meta property=\"og:site_name\" content=\"Noremana\" \/>\n<meta property=\"article:publisher\" content=\"https:\/\/www.facebook.com\/noremana\" \/>\n<meta property=\"article:modified_time\" content=\"2025-03-10T16:06:04+00:00\" \/>\n<meta property=\"og:image\" content=\"https:\/\/noremana.com\/wp-content\/uploads\/2024\/12\/20180816_163846-scaled.jpg\" \/>\n\t<meta property=\"og:image:width\" content=\"2560\" \/>\n\t<meta property=\"og:image:height\" content=\"1920\" \/>\n\t<meta property=\"og:image:type\" content=\"image\/jpeg\" \/>\n<meta name=\"twitter:card\" content=\"summary_large_image\" \/>\n<meta name=\"twitter:label1\" content=\"Est. reading time\" \/>\n\t<meta name=\"twitter:data1\" content=\"1 minute\" \/>\n<script type=\"application\/ld+json\" class=\"yoast-schema-graph\">{\"@context\":\"https:\/\/schema.org\",\"@graph\":[{\"@type\":\"WebPage\",\"@id\":\"https:\/\/noremana.com\/en\/produit\/derives-carbone-honeycomb-set\/\",\"url\":\"https:\/\/noremana.com\/en\/produit\/derives-carbone-honeycomb-set\/\",\"name\":\"Carbon\/Honeycomb drift - Set - Noremana\",\"isPartOf\":{\"@id\":\"https:\/\/noremana.com\/en\/#website\"},\"primaryImageOfPage\":{\"@id\":\"https:\/\/noremana.com\/en\/produit\/derives-carbone-honeycomb-set\/#primaryimage\"},\"image\":{\"@id\":\"https:\/\/noremana.com\/produit\/derives-carbone-honeycomb-set\/#primaryimage\"},\"thumbnailUrl\":\"https:\/\/noremana.com\/wp-content\/uploads\/2024\/12\/20180816_163846-scaled.jpg\",\"datePublished\":\"2024-12-09T20:24:06+00:00\",\"dateModified\":\"2025-03-10T16:06:04+00:00\",\"description\":\"Les d\u00e9rives Carbone\/Honeycomb sont un excellent compromis entre rigidit\u00e9 et solidit\u00e9, elles sont pr\u00e9vues pour \u00eatre utilis\u00e9es en surfkite et en surf.\",\"breadcrumb\":{\"@id\":\"https:\/\/noremana.com\/en\/produit\/derives-carbone-honeycomb-set\/#breadcrumb\"},\"inLanguage\":\"en-US\",\"potentialAction\":[{\"@type\":\"ReadAction\",\"target\":[[\"https:\/\/noremana.com\/en\/produit\/derives-carbone-honeycomb-set\/\"]]}]},{\"@type\":\"ImageObject\",\"inLanguage\":\"en-US\",\"@id\":\"https:\/\/noremana.com\/en\/produit\/derives-carbone-honeycomb-set\/#primaryimage\",\"url\":\"https:\/\/noremana.com\/wp-content\/uploads\/2024\/12\/20180816_163846-scaled.jpg\",\"contentUrl\":\"https:\/\/noremana.com\/wp-content\/uploads\/2024\/12\/20180816_163846-scaled.jpg\",\"width\":2560,\"height\":1920},{\"@type\":\"BreadcrumbList\",\"@id\":\"https:\/\/noremana.com\/en\/produit\/derives-carbone-honeycomb-set\/#breadcrumb\",\"itemListElement\":[{\"@type\":\"ListItem\",\"position\":1,\"name\":\"Accueil\",\"item\":\"https:\/\/noremana.com\/en\/\"},{\"@type\":\"ListItem\",\"position\":2,\"name\":\"Boutique\",\"item\":\"https:\/\/noremana.com\/en\/shop\/\"},{\"@type\":\"ListItem\",\"position\":3,\"name\":\"D\u00e9rives Carbone\/Honeycomb \u2013 Set\"}]},{\"@type\":\"WebSite\",\"@id\":\"https:\/\/noremana.com\/en\/#website\",\"url\":\"https:\/\/noremana.com\/en\/\",\"name\":\"Noremana\",\"description\":\"\",\"publisher\":{\"@id\":\"https:\/\/noremana.com\/en\/#organization\"},\"potentialAction\":[{\"@type\":\"SearchAction\",\"target\":{\"@type\":\"EntryPoint\",\"urlTemplate\":\"https:\/\/noremana.com\/en\/?s={search_term_string}\"},\"query-input\":{\"@type\":\"PropertyValueSpecification\",\"valueRequired\":true,\"valueName\":\"search_term_string\"}}],\"inLanguage\":\"en-US\"},{\"@type\":\"Organization\",\"@id\":\"https:\/\/noremana.com\/en\/#organization\",\"name\":\"Noremana\",\"url\":\"https:\/\/noremana.com\/en\/\",\"logo\":{\"@type\":\"ImageObject\",\"inLanguage\":\"en-US\",\"@id\":\"https:\/\/noremana.com\/en\/#\/schema\/logo\/image\/\",\"url\":\"https:\/\/noremana.com\/wp-content\/uploads\/2024\/03\/Logo-vertical-white.svg\",\"contentUrl\":\"https:\/\/noremana.com\/wp-content\/uploads\/2024\/03\/Logo-vertical-white.svg\",\"width\":398,\"height\":179,\"caption\":\"Noremana\"},\"image\":{\"@id\":\"https:\/\/noremana.com\/en\/#\/schema\/logo\/image\/\"},\"sameAs\":[\"https:\/\/www.facebook.com\/noremana\",\"https:\/\/www.tiktok.com\/@noremana_ltd?lang=fr\",\"https:\/\/www.youtube.com\/@noremana69\",\"https:\/\/www.instagram.com\/noremana_ltd\/\"]}]}<\/script>\n<!-- \/ Yoast SEO plugin. -->","yoast_head_json":{"title":"Carbon\/Honeycomb drift - Set - Noremana","description":"Les d\u00e9rives Carbone\/Honeycomb sont un excellent compromis entre rigidit\u00e9 et solidit\u00e9, elles sont pr\u00e9vues pour \u00eatre utilis\u00e9es en surfkite et en surf.","robots":{"index":"index","follow":"follow","max-snippet":"max-snippet:-1","max-image-preview":"max-image-preview:large","max-video-preview":"max-video-preview:-1"},"canonical":"https:\/\/noremana.com\/en\/produit\/derives-carbone-honeycomb-set\/","og_locale":"en_US","og_type":"article","og_title":"Carbon\/Honeycomb drift - Set - Noremana","og_description":"Les d\u00e9rives Carbone\/Honeycomb sont un excellent compromis entre rigidit\u00e9 et solidit\u00e9, elles sont pr\u00e9vues pour \u00eatre utilis\u00e9es en surfkite et en surf.","og_url":"https:\/\/noremana.com\/en\/produit\/derives-carbone-honeycomb-set\/","og_site_name":"Noremana","article_publisher":"https:\/\/www.facebook.com\/noremana","article_modified_time":"2025-03-10T16:06:04+00:00","og_image":[{"width":2560,"height":1920,"url":"https:\/\/noremana.com\/wp-content\/uploads\/2024\/12\/20180816_163846-scaled.jpg","type":"image\/jpeg"}],"twitter_card":"summary_large_image","twitter_misc":{"Est. reading time":"1 minute"},"schema":{"@context":"https:\/\/schema.org","@graph":[{"@type":"WebPage","@id":"https:\/\/noremana.com\/en\/produit\/derives-carbone-honeycomb-set\/","url":"https:\/\/noremana.com\/en\/produit\/derives-carbone-honeycomb-set\/","name":"Carbon\/Honeycomb drift - Set - Noremana","isPartOf":{"@id":"https:\/\/noremana.com\/en\/#website"},"primaryImageOfPage":{"@id":"https:\/\/noremana.com\/en\/produit\/derives-carbone-honeycomb-set\/#primaryimage"},"image":{"@id":"https:\/\/noremana.com\/produit\/derives-carbone-honeycomb-set\/#primaryimage"},"thumbnailUrl":"https:\/\/noremana.com\/wp-content\/uploads\/2024\/12\/20180816_163846-scaled.jpg","datePublished":"2024-12-09T20:24:06+00:00","dateModified":"2025-03-10T16:06:04+00:00","description":"Les d\u00e9rives Carbone\/Honeycomb sont un excellent compromis entre rigidit\u00e9 et solidit\u00e9, elles sont pr\u00e9vues pour \u00eatre utilis\u00e9es en surfkite et en surf.","breadcrumb":{"@id":"https:\/\/noremana.com\/en\/produit\/derives-carbone-honeycomb-set\/#breadcrumb"},"inLanguage":"en-US","potentialAction":[{"@type":"ReadAction","target":[["https:\/\/noremana.com\/en\/produit\/derives-carbone-honeycomb-set\/"]]}]},{"@type":"ImageObject","inLanguage":"en-US","@id":"https:\/\/noremana.com\/en\/produit\/derives-carbone-honeycomb-set\/#primaryimage","url":"https:\/\/noremana.com\/wp-content\/uploads\/2024\/12\/20180816_163846-scaled.jpg","contentUrl":"https:\/\/noremana.com\/wp-content\/uploads\/2024\/12\/20180816_163846-scaled.jpg","width":2560,"height":1920},{"@type":"BreadcrumbList","@id":"https:\/\/noremana.com\/en\/produit\/derives-carbone-honeycomb-set\/#breadcrumb","itemListElement":[{"@type":"ListItem","position":1,"name":"Accueil","item":"https:\/\/noremana.com\/en\/"},{"@type":"ListItem","position":2,"name":"Boutique","item":"https:\/\/noremana.com\/en\/shop\/"},{"@type":"ListItem","position":3,"name":"D\u00e9rives Carbone\/Honeycomb \u2013 Set"}]},{"@type":"WebSite","@id":"https:\/\/noremana.com\/en\/#website","url":"https:\/\/noremana.com\/en\/","name":"Noremana","description":"","publisher":{"@id":"https:\/\/noremana.com\/en\/#organization"},"potentialAction":[{"@type":"SearchAction","target":{"@type":"EntryPoint","urlTemplate":"https:\/\/noremana.com\/en\/?s={search_term_string}"},"query-input":{"@type":"PropertyValueSpecification","valueRequired":true,"valueName":"search_term_string"}}],"inLanguage":"en-US"},{"@type":"Organization","@id":"https:\/\/noremana.com\/en\/#organization","name":"Noremana","url":"https:\/\/noremana.com\/en\/","logo":{"@type":"ImageObject","inLanguage":"en-US","@id":"https:\/\/noremana.com\/en\/#\/schema\/logo\/image\/","url":"https:\/\/noremana.com\/wp-content\/uploads\/2024\/03\/Logo-vertical-white.svg","contentUrl":"https:\/\/noremana.com\/wp-content\/uploads\/2024\/03\/Logo-vertical-white.svg","width":398,"height":179,"caption":"Noremana"},"image":{"@id":"https:\/\/noremana.com\/en\/#\/schema\/logo\/image\/"},"sameAs":["https:\/\/www.facebook.com\/noremana","https:\/\/www.tiktok.com\/@noremana_ltd?lang=fr","https:\/\/www.youtube.com\/@noremana69","https:\/\/www.instagram.com\/noremana_ltd\/"]}]}},"_links":{"self":[{"href":"https:\/\/noremana.com\/en\/wp-json\/wp\/v2\/product\/5037","targetHints":{"allow":["GET"]}}],"collection":[{"href":"https:\/\/noremana.com\/en\/wp-json\/wp\/v2\/product"}],"about":[{"href":"https:\/\/noremana.com\/en\/wp-json\/wp\/v2\/types\/product"}],"wp:featuredmedia":[{"embeddable":true,"href":"https:\/\/noremana.com\/en\/wp-json\/wp\/v2\/media\/5038"}],"wp:attachment":[{"href":"https:\/\/noremana.com\/en\/wp-json\/wp\/v2\/media?parent=5037"}],"wp:term":[{"taxonomy":"product_brand","embeddable":true,"href":"https:\/\/noremana.com\/en\/wp-json\/wp\/v2\/product_brand?post=5037"},{"taxonomy":"product_cat","embeddable":true,"href":"https:\/\/noremana.com\/en\/wp-json\/wp\/v2\/product_cat?post=5037"},{"taxonomy":"product_tag","embeddable":true,"href":"https:\/\/noremana.com\/en\/wp-json\/wp\/v2\/product_tag?post=5037"}],"curies":[{"name":"wp","href":"https:\/\/api.w.org\/{rel}","templated":true}]}}