{"id":4911,"date":"2024-10-27T21:41:22","date_gmt":"2024-10-27T20:41:22","guid":{"rendered":"https:\/\/noremana.com\/?post_type=product&#038;p=4911"},"modified":"2026-01-12T21:09:25","modified_gmt":"2026-01-12T20:09:25","slug":"housse-surfpistols-supfoil-downwind","status":"publish","type":"product","link":"https:\/\/noremana.com\/en\/produit\/housse-surfpistols-supfoil-downwind\/","title":{"rendered":"Surfpistols Cover &#8211; Supfoil Downwind"},"content":{"rendered":"<p>Surfpistols Supfoil Downwind cover, adapted to the shapes of supfoil downwind and wingfoil Midlength boards. Designed for everyday use with its 5mm foam, it will protect your board in your daily travels. Side and center handles make it easy to handle, and the shoulder strap lets you carry it on your shoulder.<\/p>\n<p>It has an opening on the hull side that lets you keep the foil assembled on the board.<\/p>","protected":false},"excerpt":{"rendered":"<p>Surfpistols Supfoil downwind cover, suitable for everyday use, with side handle and shoulder strap for easy handling.<\/p>\n","protected":false},"featured_media":4505,"template":"","meta":{"_acf_changed":false,"inline_featured_image":false},"product_brand":[],"product_cat":[147,137],"product_tag":[191,96,66,130,67],"class_list":{"0":"post-4911","1":"product","2":"type-product","3":"status-publish","4":"has-post-thumbnail","6":"product_cat-bagagerie","7":"product_cat-bon-plan-occasions","8":"product_tag-boardbag","9":"product_tag-downwind","10":"product_tag-housse","11":"product_tag-supfoil","12":"product_tag-wingfoil","13":"product_shipping_class-mondial-relay-colissimo","15":"first","16":"instock","17":"sale","18":"shipping-taxable","19":"purchasable","20":"product-type-variable"},"acf":[],"yoast_head":"<!-- This site is optimized with the Yoast SEO plugin v26.7 - https:\/\/yoast.com\/wordpress\/plugins\/seo\/ -->\n<title>Surfpistols Cover - Supfoil Downwind - Noremana<\/title>\n<meta name=\"description\" content=\"Housse Surfpistols Supfoil Downwind, adapt\u00e9e \u00e0 vos planches de downwind pour une utilisation quotidienne, possibilit\u00e9 de garder le foil assembl\u00e9.\" \/>\n<meta name=\"robots\" content=\"index, follow, max-snippet:-1, max-image-preview:large, max-video-preview:-1\" \/>\n<link rel=\"canonical\" href=\"https:\/\/noremana.com\/en\/produit\/housse-surfpistols-supfoil-downwind\/\" \/>\n<meta property=\"og:locale\" content=\"en_US\" \/>\n<meta property=\"og:type\" content=\"article\" \/>\n<meta property=\"og:title\" content=\"Surfpistols Cover - Supfoil Downwind - Noremana\" \/>\n<meta property=\"og:description\" content=\"Housse Surfpistols Supfoil Downwind, adapt\u00e9e \u00e0 vos planches de downwind pour une utilisation quotidienne, possibilit\u00e9 de garder le foil assembl\u00e9.\" \/>\n<meta property=\"og:url\" content=\"https:\/\/noremana.com\/en\/produit\/housse-surfpistols-supfoil-downwind\/\" \/>\n<meta property=\"og:site_name\" content=\"Noremana\" \/>\n<meta property=\"article:publisher\" content=\"https:\/\/www.facebook.com\/noremana\" \/>\n<meta property=\"article:modified_time\" content=\"2026-01-12T20:09:25+00:00\" \/>\n<meta property=\"og:image\" content=\"https:\/\/noremana.com\/wp-content\/uploads\/2024\/08\/housse-foil-board-5-0-x24-5mm-surfpistols_3_1607346063_550x550.png\" \/>\n\t<meta property=\"og:image:width\" content=\"412\" \/>\n\t<meta property=\"og:image:height\" content=\"550\" \/>\n\t<meta property=\"og:image:type\" content=\"image\/png\" \/>\n<meta name=\"twitter:card\" content=\"summary_large_image\" \/>\n<meta name=\"twitter:label1\" content=\"Est. reading time\" \/>\n\t<meta name=\"twitter:data1\" content=\"1 minute\" \/>\n<script type=\"application\/ld+json\" class=\"yoast-schema-graph\">{\"@context\":\"https:\/\/schema.org\",\"@graph\":[{\"@type\":\"WebPage\",\"@id\":\"https:\/\/noremana.com\/en\/produit\/housse-surfpistols-supfoil-downwind\/\",\"url\":\"https:\/\/noremana.com\/en\/produit\/housse-surfpistols-supfoil-downwind\/\",\"name\":\"Surfpistols Cover - Supfoil Downwind - Noremana\",\"isPartOf\":{\"@id\":\"https:\/\/noremana.com\/en\/#website\"},\"primaryImageOfPage\":{\"@id\":\"https:\/\/noremana.com\/en\/produit\/housse-surfpistols-supfoil-downwind\/#primaryimage\"},\"image\":{\"@id\":\"https:\/\/noremana.com\/produit\/housse-surfpistols-supfoil-downwind\/#primaryimage\"},\"thumbnailUrl\":\"https:\/\/noremana.com\/wp-content\/uploads\/2024\/08\/housse-foil-board-5-0-x24-5mm-surfpistols_3_1607346063_550x550.png\",\"datePublished\":\"2024-10-27T20:41:22+00:00\",\"dateModified\":\"2026-01-12T20:09:25+00:00\",\"description\":\"Housse Surfpistols Supfoil Downwind, adapt\u00e9e \u00e0 vos planches de downwind pour une utilisation quotidienne, possibilit\u00e9 de garder le foil assembl\u00e9.\",\"breadcrumb\":{\"@id\":\"https:\/\/noremana.com\/en\/produit\/housse-surfpistols-supfoil-downwind\/#breadcrumb\"},\"inLanguage\":\"en-US\",\"potentialAction\":[{\"@type\":\"ReadAction\",\"target\":[[\"https:\/\/noremana.com\/en\/produit\/housse-surfpistols-supfoil-downwind\/\"]]}]},{\"@type\":\"ImageObject\",\"inLanguage\":\"en-US\",\"@id\":\"https:\/\/noremana.com\/en\/produit\/housse-surfpistols-supfoil-downwind\/#primaryimage\",\"url\":\"https:\/\/noremana.com\/wp-content\/uploads\/2024\/08\/housse-foil-board-5-0-x24-5mm-surfpistols_3_1607346063_550x550.png\",\"contentUrl\":\"https:\/\/noremana.com\/wp-content\/uploads\/2024\/08\/housse-foil-board-5-0-x24-5mm-surfpistols_3_1607346063_550x550.png\",\"width\":412,\"height\":550},{\"@type\":\"BreadcrumbList\",\"@id\":\"https:\/\/noremana.com\/en\/produit\/housse-surfpistols-supfoil-downwind\/#breadcrumb\",\"itemListElement\":[{\"@type\":\"ListItem\",\"position\":1,\"name\":\"Accueil\",\"item\":\"https:\/\/noremana.com\/en\/\"},{\"@type\":\"ListItem\",\"position\":2,\"name\":\"Boutique\",\"item\":\"https:\/\/noremana.com\/en\/shop\/\"},{\"@type\":\"ListItem\",\"position\":3,\"name\":\"Housse Surfpistols &#8211; Supfoil Downwind\"}]},{\"@type\":\"WebSite\",\"@id\":\"https:\/\/noremana.com\/en\/#website\",\"url\":\"https:\/\/noremana.com\/en\/\",\"name\":\"Noremana\",\"description\":\"\",\"publisher\":{\"@id\":\"https:\/\/noremana.com\/en\/#organization\"},\"potentialAction\":[{\"@type\":\"SearchAction\",\"target\":{\"@type\":\"EntryPoint\",\"urlTemplate\":\"https:\/\/noremana.com\/en\/?s={search_term_string}\"},\"query-input\":{\"@type\":\"PropertyValueSpecification\",\"valueRequired\":true,\"valueName\":\"search_term_string\"}}],\"inLanguage\":\"en-US\"},{\"@type\":\"Organization\",\"@id\":\"https:\/\/noremana.com\/en\/#organization\",\"name\":\"Noremana\",\"url\":\"https:\/\/noremana.com\/en\/\",\"logo\":{\"@type\":\"ImageObject\",\"inLanguage\":\"en-US\",\"@id\":\"https:\/\/noremana.com\/en\/#\/schema\/logo\/image\/\",\"url\":\"https:\/\/noremana.com\/wp-content\/uploads\/2024\/03\/Logo-vertical-white.svg\",\"contentUrl\":\"https:\/\/noremana.com\/wp-content\/uploads\/2024\/03\/Logo-vertical-white.svg\",\"width\":398,\"height\":179,\"caption\":\"Noremana\"},\"image\":{\"@id\":\"https:\/\/noremana.com\/en\/#\/schema\/logo\/image\/\"},\"sameAs\":[\"https:\/\/www.facebook.com\/noremana\",\"https:\/\/www.tiktok.com\/@noremana_ltd?lang=fr\",\"https:\/\/www.youtube.com\/@noremana69\",\"https:\/\/www.instagram.com\/noremana_ltd\/\"]}]}<\/script>\n<!-- \/ Yoast SEO plugin. -->","yoast_head_json":{"title":"Surfpistols Cover - Supfoil Downwind - Noremana","description":"Housse Surfpistols Supfoil Downwind, adapt\u00e9e \u00e0 vos planches de downwind pour une utilisation quotidienne, possibilit\u00e9 de garder le foil assembl\u00e9.","robots":{"index":"index","follow":"follow","max-snippet":"max-snippet:-1","max-image-preview":"max-image-preview:large","max-video-preview":"max-video-preview:-1"},"canonical":"https:\/\/noremana.com\/en\/produit\/housse-surfpistols-supfoil-downwind\/","og_locale":"en_US","og_type":"article","og_title":"Surfpistols Cover - Supfoil Downwind - Noremana","og_description":"Housse Surfpistols Supfoil Downwind, adapt\u00e9e \u00e0 vos planches de downwind pour une utilisation quotidienne, possibilit\u00e9 de garder le foil assembl\u00e9.","og_url":"https:\/\/noremana.com\/en\/produit\/housse-surfpistols-supfoil-downwind\/","og_site_name":"Noremana","article_publisher":"https:\/\/www.facebook.com\/noremana","article_modified_time":"2026-01-12T20:09:25+00:00","og_image":[{"width":412,"height":550,"url":"https:\/\/noremana.com\/wp-content\/uploads\/2024\/08\/housse-foil-board-5-0-x24-5mm-surfpistols_3_1607346063_550x550.png","type":"image\/png"}],"twitter_card":"summary_large_image","twitter_misc":{"Est. reading time":"1 minute"},"schema":{"@context":"https:\/\/schema.org","@graph":[{"@type":"WebPage","@id":"https:\/\/noremana.com\/en\/produit\/housse-surfpistols-supfoil-downwind\/","url":"https:\/\/noremana.com\/en\/produit\/housse-surfpistols-supfoil-downwind\/","name":"Surfpistols Cover - Supfoil Downwind - Noremana","isPartOf":{"@id":"https:\/\/noremana.com\/en\/#website"},"primaryImageOfPage":{"@id":"https:\/\/noremana.com\/en\/produit\/housse-surfpistols-supfoil-downwind\/#primaryimage"},"image":{"@id":"https:\/\/noremana.com\/produit\/housse-surfpistols-supfoil-downwind\/#primaryimage"},"thumbnailUrl":"https:\/\/noremana.com\/wp-content\/uploads\/2024\/08\/housse-foil-board-5-0-x24-5mm-surfpistols_3_1607346063_550x550.png","datePublished":"2024-10-27T20:41:22+00:00","dateModified":"2026-01-12T20:09:25+00:00","description":"Housse Surfpistols Supfoil Downwind, adapt\u00e9e \u00e0 vos planches de downwind pour une utilisation quotidienne, possibilit\u00e9 de garder le foil assembl\u00e9.","breadcrumb":{"@id":"https:\/\/noremana.com\/en\/produit\/housse-surfpistols-supfoil-downwind\/#breadcrumb"},"inLanguage":"en-US","potentialAction":[{"@type":"ReadAction","target":[["https:\/\/noremana.com\/en\/produit\/housse-surfpistols-supfoil-downwind\/"]]}]},{"@type":"ImageObject","inLanguage":"en-US","@id":"https:\/\/noremana.com\/en\/produit\/housse-surfpistols-supfoil-downwind\/#primaryimage","url":"https:\/\/noremana.com\/wp-content\/uploads\/2024\/08\/housse-foil-board-5-0-x24-5mm-surfpistols_3_1607346063_550x550.png","contentUrl":"https:\/\/noremana.com\/wp-content\/uploads\/2024\/08\/housse-foil-board-5-0-x24-5mm-surfpistols_3_1607346063_550x550.png","width":412,"height":550},{"@type":"BreadcrumbList","@id":"https:\/\/noremana.com\/en\/produit\/housse-surfpistols-supfoil-downwind\/#breadcrumb","itemListElement":[{"@type":"ListItem","position":1,"name":"Accueil","item":"https:\/\/noremana.com\/en\/"},{"@type":"ListItem","position":2,"name":"Boutique","item":"https:\/\/noremana.com\/en\/shop\/"},{"@type":"ListItem","position":3,"name":"Housse Surfpistols &#8211; Supfoil Downwind"}]},{"@type":"WebSite","@id":"https:\/\/noremana.com\/en\/#website","url":"https:\/\/noremana.com\/en\/","name":"Noremana","description":"","publisher":{"@id":"https:\/\/noremana.com\/en\/#organization"},"potentialAction":[{"@type":"SearchAction","target":{"@type":"EntryPoint","urlTemplate":"https:\/\/noremana.com\/en\/?s={search_term_string}"},"query-input":{"@type":"PropertyValueSpecification","valueRequired":true,"valueName":"search_term_string"}}],"inLanguage":"en-US"},{"@type":"Organization","@id":"https:\/\/noremana.com\/en\/#organization","name":"Noremana","url":"https:\/\/noremana.com\/en\/","logo":{"@type":"ImageObject","inLanguage":"en-US","@id":"https:\/\/noremana.com\/en\/#\/schema\/logo\/image\/","url":"https:\/\/noremana.com\/wp-content\/uploads\/2024\/03\/Logo-vertical-white.svg","contentUrl":"https:\/\/noremana.com\/wp-content\/uploads\/2024\/03\/Logo-vertical-white.svg","width":398,"height":179,"caption":"Noremana"},"image":{"@id":"https:\/\/noremana.com\/en\/#\/schema\/logo\/image\/"},"sameAs":["https:\/\/www.facebook.com\/noremana","https:\/\/www.tiktok.com\/@noremana_ltd?lang=fr","https:\/\/www.youtube.com\/@noremana69","https:\/\/www.instagram.com\/noremana_ltd\/"]}]}},"_links":{"self":[{"href":"https:\/\/noremana.com\/en\/wp-json\/wp\/v2\/product\/4911","targetHints":{"allow":["GET"]}}],"collection":[{"href":"https:\/\/noremana.com\/en\/wp-json\/wp\/v2\/product"}],"about":[{"href":"https:\/\/noremana.com\/en\/wp-json\/wp\/v2\/types\/product"}],"wp:featuredmedia":[{"embeddable":true,"href":"https:\/\/noremana.com\/en\/wp-json\/wp\/v2\/media\/4505"}],"wp:attachment":[{"href":"https:\/\/noremana.com\/en\/wp-json\/wp\/v2\/media?parent=4911"}],"wp:term":[{"taxonomy":"product_brand","embeddable":true,"href":"https:\/\/noremana.com\/en\/wp-json\/wp\/v2\/product_brand?post=4911"},{"taxonomy":"product_cat","embeddable":true,"href":"https:\/\/noremana.com\/en\/wp-json\/wp\/v2\/product_cat?post=4911"},{"taxonomy":"product_tag","embeddable":true,"href":"https:\/\/noremana.com\/en\/wp-json\/wp\/v2\/product_tag?post=4911"}],"curies":[{"name":"wp","href":"https:\/\/api.w.org\/{rel}","templated":true}]}}