{"id":3840,"date":"2024-08-27T07:00:45","date_gmt":"2024-08-27T05:00:45","guid":{"rendered":"https:\/\/noremana.com\/?post_type=product&#038;p=3840"},"modified":"2025-03-10T17:40:07","modified_gmt":"2025-03-10T16:40:07","slug":"luth","status":"publish","type":"product","link":"https:\/\/noremana.com\/en\/produit\/luth\/","title":{"rendered":"Luth"},"content":{"rendered":"<p>The Luth is the Wingfoil board designed for Freeride, perfect for use on flat water or in the swell. For formed waves, the Ray or Manta would be preferred. It will offer excellent glide for catching the smallest breeze.<\/p>\n<p>The Luth features a clean hull, with a slight double concave on the front third and a flat hull on the rear half, providing great glide and quick takeoff. The bevels are not very pronounced and are vertical, offering the maximum glide surface on the hull. However, they are still present to provide tolerance during touchdowns. The concave deck lowers the center of gravity, and the volume is evenly distributed, with volume at the front to provide good longitudinal stability. As a result, the Luth offers excellent stability during the kneeling takeoff phase, as well as making the transition to planing easier.<\/p>\n<p>Wind range: 13 to 35 knots (depending on the rider&#8217;s size).<\/p>","protected":false},"excerpt":{"rendered":"<p>The Luth is the Wingfoil board for Freeride, highly versatile.<\/p>\n<p>Manufacturing time: 6 to 8 weeks.<\/p>\n","protected":false},"featured_media":5115,"template":"","meta":{"_acf_changed":false,"inline_featured_image":false},"product_brand":[],"product_cat":[142],"product_tag":[62,47,190,82,67],"class_list":{"0":"post-3840","1":"product","2":"type-product","3":"status-publish","4":"has-post-thumbnail","6":"product_cat-wingfoil-supfoil","7":"product_tag-foil","8":"product_tag-freeride","9":"product_tag-luth","10":"product_tag-wing","11":"product_tag-wingfoil","12":"product_shipping_class-geodis-planches","14":"first","15":"instock","16":"shipping-taxable","17":"purchasable","18":"product-type-variable","19":"has-default-attributes"},"acf":[],"yoast_head":"<!-- This site is optimized with the Yoast SEO plugin v26.7 - https:\/\/yoast.com\/wordpress\/plugins\/seo\/ -->\n<title>Luth - Noremana<\/title>\n<meta name=\"description\" content=\"La Luth est la planche de Wingfoil dessin\u00e9e pour le Freeride, parfaite pour une utilisation sur le flat ou dans la houle avec un d\u00e9part au planning optimis\u00e9\" \/>\n<meta name=\"robots\" content=\"index, follow, max-snippet:-1, max-image-preview:large, max-video-preview:-1\" \/>\n<link rel=\"canonical\" href=\"https:\/\/noremana.com\/en\/produit\/luth\/\" \/>\n<meta property=\"og:locale\" content=\"en_US\" \/>\n<meta property=\"og:type\" content=\"article\" \/>\n<meta property=\"og:title\" content=\"Luth - Noremana\" \/>\n<meta property=\"og:description\" content=\"La Luth est la planche de Wingfoil dessin\u00e9e pour le Freeride, parfaite pour une utilisation sur le flat ou dans la houle avec un d\u00e9part au planning optimis\u00e9\" \/>\n<meta property=\"og:url\" content=\"https:\/\/noremana.com\/en\/produit\/luth\/\" \/>\n<meta property=\"og:site_name\" content=\"Noremana\" \/>\n<meta property=\"article:publisher\" content=\"https:\/\/www.facebook.com\/noremana\" \/>\n<meta property=\"article:modified_time\" content=\"2025-03-10T16:40:07+00:00\" \/>\n<meta property=\"og:image\" content=\"https:\/\/noremana.com\/wp-content\/uploads\/2024\/08\/Copie_de_Copie_de_Sans_titre__1485_x_2640_px___11_-removebg-preview.png\" \/>\n\t<meta property=\"og:image:width\" content=\"375\" \/>\n\t<meta property=\"og:image:height\" content=\"666\" \/>\n\t<meta property=\"og:image:type\" content=\"image\/png\" \/>\n<meta name=\"twitter:card\" content=\"summary_large_image\" \/>\n<meta name=\"twitter:label1\" content=\"Est. reading time\" \/>\n\t<meta name=\"twitter:data1\" content=\"2 minutes\" \/>\n<script type=\"application\/ld+json\" class=\"yoast-schema-graph\">{\"@context\":\"https:\/\/schema.org\",\"@graph\":[{\"@type\":\"WebPage\",\"@id\":\"https:\/\/noremana.com\/en\/produit\/luth\/\",\"url\":\"https:\/\/noremana.com\/en\/produit\/luth\/\",\"name\":\"Luth - Noremana\",\"isPartOf\":{\"@id\":\"https:\/\/noremana.com\/en\/#website\"},\"primaryImageOfPage\":{\"@id\":\"https:\/\/noremana.com\/en\/produit\/luth\/#primaryimage\"},\"image\":{\"@id\":\"https:\/\/noremana.com\/en\/produit\/luth\/#primaryimage\"},\"thumbnailUrl\":\"https:\/\/noremana.com\/wp-content\/uploads\/2024\/08\/Copie_de_Copie_de_Sans_titre__1485_x_2640_px___11_-removebg-preview.png\",\"datePublished\":\"2024-08-27T05:00:45+00:00\",\"dateModified\":\"2025-03-10T16:40:07+00:00\",\"description\":\"La Luth est la planche de Wingfoil dessin\u00e9e pour le Freeride, parfaite pour une utilisation sur le flat ou dans la houle avec un d\u00e9part au planning optimis\u00e9\",\"breadcrumb\":{\"@id\":\"https:\/\/noremana.com\/en\/produit\/luth\/#breadcrumb\"},\"inLanguage\":\"en-US\",\"potentialAction\":[{\"@type\":\"ReadAction\",\"target\":[[\"https:\/\/noremana.com\/en\/produit\/luth\/\"]]}]},{\"@type\":\"ImageObject\",\"inLanguage\":\"en-US\",\"@id\":\"https:\/\/noremana.com\/en\/produit\/luth\/#primaryimage\",\"url\":\"https:\/\/noremana.com\/wp-content\/uploads\/2024\/08\/Copie_de_Copie_de_Sans_titre__1485_x_2640_px___11_-removebg-preview.png\",\"contentUrl\":\"https:\/\/noremana.com\/wp-content\/uploads\/2024\/08\/Copie_de_Copie_de_Sans_titre__1485_x_2640_px___11_-removebg-preview.png\",\"width\":375,\"height\":666},{\"@type\":\"BreadcrumbList\",\"@id\":\"https:\/\/noremana.com\/en\/produit\/luth\/#breadcrumb\",\"itemListElement\":[{\"@type\":\"ListItem\",\"position\":1,\"name\":\"Accueil\",\"item\":\"https:\/\/noremana.com\/en\/\"},{\"@type\":\"ListItem\",\"position\":2,\"name\":\"Boutique\",\"item\":\"https:\/\/noremana.com\/en\/shop\/\"},{\"@type\":\"ListItem\",\"position\":3,\"name\":\"Luth\"}]},{\"@type\":\"WebSite\",\"@id\":\"https:\/\/noremana.com\/en\/#website\",\"url\":\"https:\/\/noremana.com\/en\/\",\"name\":\"Noremana\",\"description\":\"\",\"publisher\":{\"@id\":\"https:\/\/noremana.com\/en\/#organization\"},\"potentialAction\":[{\"@type\":\"SearchAction\",\"target\":{\"@type\":\"EntryPoint\",\"urlTemplate\":\"https:\/\/noremana.com\/en\/?s={search_term_string}\"},\"query-input\":{\"@type\":\"PropertyValueSpecification\",\"valueRequired\":true,\"valueName\":\"search_term_string\"}}],\"inLanguage\":\"en-US\"},{\"@type\":\"Organization\",\"@id\":\"https:\/\/noremana.com\/en\/#organization\",\"name\":\"Noremana\",\"url\":\"https:\/\/noremana.com\/en\/\",\"logo\":{\"@type\":\"ImageObject\",\"inLanguage\":\"en-US\",\"@id\":\"https:\/\/noremana.com\/en\/#\/schema\/logo\/image\/\",\"url\":\"https:\/\/noremana.com\/wp-content\/uploads\/2024\/03\/Logo-vertical-white.svg\",\"contentUrl\":\"https:\/\/noremana.com\/wp-content\/uploads\/2024\/03\/Logo-vertical-white.svg\",\"width\":398,\"height\":179,\"caption\":\"Noremana\"},\"image\":{\"@id\":\"https:\/\/noremana.com\/en\/#\/schema\/logo\/image\/\"},\"sameAs\":[\"https:\/\/www.facebook.com\/noremana\",\"https:\/\/www.tiktok.com\/@noremana_ltd?lang=fr\",\"https:\/\/www.youtube.com\/@noremana69\",\"https:\/\/www.instagram.com\/noremana_ltd\/\"]}]}<\/script>\n<!-- \/ Yoast SEO plugin. -->","yoast_head_json":{"title":"Luth - Noremana","description":"La Luth est la planche de Wingfoil dessin\u00e9e pour le Freeride, parfaite pour une utilisation sur le flat ou dans la houle avec un d\u00e9part au planning optimis\u00e9","robots":{"index":"index","follow":"follow","max-snippet":"max-snippet:-1","max-image-preview":"max-image-preview:large","max-video-preview":"max-video-preview:-1"},"canonical":"https:\/\/noremana.com\/en\/produit\/luth\/","og_locale":"en_US","og_type":"article","og_title":"Luth - Noremana","og_description":"La Luth est la planche de Wingfoil dessin\u00e9e pour le Freeride, parfaite pour une utilisation sur le flat ou dans la houle avec un d\u00e9part au planning optimis\u00e9","og_url":"https:\/\/noremana.com\/en\/produit\/luth\/","og_site_name":"Noremana","article_publisher":"https:\/\/www.facebook.com\/noremana","article_modified_time":"2025-03-10T16:40:07+00:00","og_image":[{"width":375,"height":666,"url":"https:\/\/noremana.com\/wp-content\/uploads\/2024\/08\/Copie_de_Copie_de_Sans_titre__1485_x_2640_px___11_-removebg-preview.png","type":"image\/png"}],"twitter_card":"summary_large_image","twitter_misc":{"Est. reading time":"2 minutes"},"schema":{"@context":"https:\/\/schema.org","@graph":[{"@type":"WebPage","@id":"https:\/\/noremana.com\/en\/produit\/luth\/","url":"https:\/\/noremana.com\/en\/produit\/luth\/","name":"Luth - Noremana","isPartOf":{"@id":"https:\/\/noremana.com\/en\/#website"},"primaryImageOfPage":{"@id":"https:\/\/noremana.com\/en\/produit\/luth\/#primaryimage"},"image":{"@id":"https:\/\/noremana.com\/en\/produit\/luth\/#primaryimage"},"thumbnailUrl":"https:\/\/noremana.com\/wp-content\/uploads\/2024\/08\/Copie_de_Copie_de_Sans_titre__1485_x_2640_px___11_-removebg-preview.png","datePublished":"2024-08-27T05:00:45+00:00","dateModified":"2025-03-10T16:40:07+00:00","description":"La Luth est la planche de Wingfoil dessin\u00e9e pour le Freeride, parfaite pour une utilisation sur le flat ou dans la houle avec un d\u00e9part au planning optimis\u00e9","breadcrumb":{"@id":"https:\/\/noremana.com\/en\/produit\/luth\/#breadcrumb"},"inLanguage":"en-US","potentialAction":[{"@type":"ReadAction","target":[["https:\/\/noremana.com\/en\/produit\/luth\/"]]}]},{"@type":"ImageObject","inLanguage":"en-US","@id":"https:\/\/noremana.com\/en\/produit\/luth\/#primaryimage","url":"https:\/\/noremana.com\/wp-content\/uploads\/2024\/08\/Copie_de_Copie_de_Sans_titre__1485_x_2640_px___11_-removebg-preview.png","contentUrl":"https:\/\/noremana.com\/wp-content\/uploads\/2024\/08\/Copie_de_Copie_de_Sans_titre__1485_x_2640_px___11_-removebg-preview.png","width":375,"height":666},{"@type":"BreadcrumbList","@id":"https:\/\/noremana.com\/en\/produit\/luth\/#breadcrumb","itemListElement":[{"@type":"ListItem","position":1,"name":"Accueil","item":"https:\/\/noremana.com\/en\/"},{"@type":"ListItem","position":2,"name":"Boutique","item":"https:\/\/noremana.com\/en\/shop\/"},{"@type":"ListItem","position":3,"name":"Luth"}]},{"@type":"WebSite","@id":"https:\/\/noremana.com\/en\/#website","url":"https:\/\/noremana.com\/en\/","name":"Noremana","description":"","publisher":{"@id":"https:\/\/noremana.com\/en\/#organization"},"potentialAction":[{"@type":"SearchAction","target":{"@type":"EntryPoint","urlTemplate":"https:\/\/noremana.com\/en\/?s={search_term_string}"},"query-input":{"@type":"PropertyValueSpecification","valueRequired":true,"valueName":"search_term_string"}}],"inLanguage":"en-US"},{"@type":"Organization","@id":"https:\/\/noremana.com\/en\/#organization","name":"Noremana","url":"https:\/\/noremana.com\/en\/","logo":{"@type":"ImageObject","inLanguage":"en-US","@id":"https:\/\/noremana.com\/en\/#\/schema\/logo\/image\/","url":"https:\/\/noremana.com\/wp-content\/uploads\/2024\/03\/Logo-vertical-white.svg","contentUrl":"https:\/\/noremana.com\/wp-content\/uploads\/2024\/03\/Logo-vertical-white.svg","width":398,"height":179,"caption":"Noremana"},"image":{"@id":"https:\/\/noremana.com\/en\/#\/schema\/logo\/image\/"},"sameAs":["https:\/\/www.facebook.com\/noremana","https:\/\/www.tiktok.com\/@noremana_ltd?lang=fr","https:\/\/www.youtube.com\/@noremana69","https:\/\/www.instagram.com\/noremana_ltd\/"]}]}},"_links":{"self":[{"href":"https:\/\/noremana.com\/en\/wp-json\/wp\/v2\/product\/3840","targetHints":{"allow":["GET"]}}],"collection":[{"href":"https:\/\/noremana.com\/en\/wp-json\/wp\/v2\/product"}],"about":[{"href":"https:\/\/noremana.com\/en\/wp-json\/wp\/v2\/types\/product"}],"wp:featuredmedia":[{"embeddable":true,"href":"https:\/\/noremana.com\/en\/wp-json\/wp\/v2\/media\/5115"}],"wp:attachment":[{"href":"https:\/\/noremana.com\/en\/wp-json\/wp\/v2\/media?parent=3840"}],"wp:term":[{"taxonomy":"product_brand","embeddable":true,"href":"https:\/\/noremana.com\/en\/wp-json\/wp\/v2\/product_brand?post=3840"},{"taxonomy":"product_cat","embeddable":true,"href":"https:\/\/noremana.com\/en\/wp-json\/wp\/v2\/product_cat?post=3840"},{"taxonomy":"product_tag","embeddable":true,"href":"https:\/\/noremana.com\/en\/wp-json\/wp\/v2\/product_tag?post=3840"}],"curies":[{"name":"wp","href":"https:\/\/api.w.org\/{rel}","templated":true}]}}