{"id":2451,"date":"2024-07-04T11:27:03","date_gmt":"2024-07-04T09:27:03","guid":{"rendered":"https:\/\/noremana.com\/?post_type=product&#038;p=2451"},"modified":"2025-03-10T18:57:28","modified_gmt":"2025-03-10T17:57:28","slug":"makaira","status":"publish","type":"product","link":"https:\/\/noremana.com\/en\/produit\/makaira\/","title":{"rendered":"Makaira"},"content":{"rendered":"<p>The Makaira is the high-performance surfoil board in the range. It has a higher aspect ratio than the FlyingSquid, which gives it excellent glide when paddling.<\/p>\n<p>Its reduced width, particularly at the back foot, allows for a lot of angle, so you won\u2019t be limited in your carves. This surfoil board performs well in all conditions, even the biggest ones.<\/p>\n<p>The Makaira features a refined hull, with a double concave in the front third, providing excellent takeoff. The hull, with its double concave integrated into a global concave, ensures it doesn\u2019t stick to the water, especially during touchdowns. The volume distribution is relatively forward, with a bulbous nose, allowing for a proper paddling position. This also enables an advanced foil position and gives the sensation of a smaller board.<\/p>","protected":false},"excerpt":{"rendered":"<p>The Makaira is the high-performance surfoil board in the range. It has an aspect ratio and shape that provide excellent glide when paddling.<\/p>\n","protected":false},"featured_media":5116,"template":"","meta":{"_acf_changed":false,"inline_featured_image":false},"product_brand":[],"product_cat":[143],"product_tag":[62,151,149,89,150],"class_list":{"0":"post-2451","1":"product","2":"type-product","3":"status-publish","4":"has-post-thumbnail","6":"product_cat-surfoil-foildrive","7":"product_tag-foil","8":"product_tag-foildrive","9":"product_tag-makaira","10":"product_tag-surf","11":"product_tag-surfoil","12":"product_shipping_class-geodis-planches","14":"first","15":"instock","16":"shipping-taxable","17":"purchasable","18":"product-type-variable","19":"has-default-attributes"},"acf":[],"yoast_head":"<!-- This site is optimized with the Yoast SEO plugin v26.7 - https:\/\/yoast.com\/wordpress\/plugins\/seo\/ -->\n<title>Makaira - Noremana<\/title>\n<meta name=\"description\" content=\"Makaira - Noremana, la planche de surfoil performance, elle a un shape optimis\u00e9 pour avoir une tr\u00e8s bonne glisse \u00e0 la rame.\" \/>\n<meta name=\"robots\" content=\"index, follow, max-snippet:-1, max-image-preview:large, max-video-preview:-1\" \/>\n<link rel=\"canonical\" href=\"https:\/\/noremana.com\/en\/produit\/makaira\/\" \/>\n<meta property=\"og:locale\" content=\"en_US\" \/>\n<meta property=\"og:type\" content=\"article\" \/>\n<meta property=\"og:title\" content=\"Makaira - Noremana\" \/>\n<meta property=\"og:description\" content=\"Makaira - Noremana, la planche de surfoil performance, elle a un shape optimis\u00e9 pour avoir une tr\u00e8s bonne glisse \u00e0 la rame.\" \/>\n<meta property=\"og:url\" content=\"https:\/\/noremana.com\/en\/produit\/makaira\/\" \/>\n<meta property=\"og:site_name\" content=\"Noremana\" \/>\n<meta property=\"article:publisher\" content=\"https:\/\/www.facebook.com\/noremana\" \/>\n<meta property=\"article:modified_time\" content=\"2025-03-10T17:57:28+00:00\" \/>\n<meta property=\"og:image\" content=\"https:\/\/noremana.com\/wp-content\/uploads\/2024\/07\/23-10-23-11h31-_J4A0009-removebg-preview.png\" \/>\n\t<meta property=\"og:image:width\" content=\"408\" \/>\n\t<meta property=\"og:image:height\" content=\"612\" \/>\n\t<meta property=\"og:image:type\" content=\"image\/png\" \/>\n<meta name=\"twitter:card\" content=\"summary_large_image\" \/>\n<meta name=\"twitter:label1\" content=\"Est. reading time\" \/>\n\t<meta name=\"twitter:data1\" content=\"1 minute\" \/>\n<script type=\"application\/ld+json\" class=\"yoast-schema-graph\">{\"@context\":\"https:\/\/schema.org\",\"@graph\":[{\"@type\":\"WebPage\",\"@id\":\"https:\/\/noremana.com\/en\/produit\/makaira\/\",\"url\":\"https:\/\/noremana.com\/en\/produit\/makaira\/\",\"name\":\"Makaira - Noremana\",\"isPartOf\":{\"@id\":\"https:\/\/noremana.com\/en\/#website\"},\"primaryImageOfPage\":{\"@id\":\"https:\/\/noremana.com\/en\/produit\/makaira\/#primaryimage\"},\"image\":{\"@id\":\"https:\/\/noremana.com\/en\/produit\/makaira\/#primaryimage\"},\"thumbnailUrl\":\"https:\/\/noremana.com\/wp-content\/uploads\/2024\/07\/23-10-23-11h31-_J4A0009-removebg-preview.png\",\"datePublished\":\"2024-07-04T09:27:03+00:00\",\"dateModified\":\"2025-03-10T17:57:28+00:00\",\"description\":\"Makaira - Noremana, la planche de surfoil performance, elle a un shape optimis\u00e9 pour avoir une tr\u00e8s bonne glisse \u00e0 la rame.\",\"breadcrumb\":{\"@id\":\"https:\/\/noremana.com\/en\/produit\/makaira\/#breadcrumb\"},\"inLanguage\":\"en-US\",\"potentialAction\":[{\"@type\":\"ReadAction\",\"target\":[[\"https:\/\/noremana.com\/en\/produit\/makaira\/\"]]}]},{\"@type\":\"ImageObject\",\"inLanguage\":\"en-US\",\"@id\":\"https:\/\/noremana.com\/en\/produit\/makaira\/#primaryimage\",\"url\":\"https:\/\/noremana.com\/wp-content\/uploads\/2024\/07\/23-10-23-11h31-_J4A0009-removebg-preview.png\",\"contentUrl\":\"https:\/\/noremana.com\/wp-content\/uploads\/2024\/07\/23-10-23-11h31-_J4A0009-removebg-preview.png\",\"width\":408,\"height\":612},{\"@type\":\"BreadcrumbList\",\"@id\":\"https:\/\/noremana.com\/en\/produit\/makaira\/#breadcrumb\",\"itemListElement\":[{\"@type\":\"ListItem\",\"position\":1,\"name\":\"Accueil\",\"item\":\"https:\/\/noremana.com\/en\/\"},{\"@type\":\"ListItem\",\"position\":2,\"name\":\"Boutique\",\"item\":\"https:\/\/noremana.com\/en\/shop\/\"},{\"@type\":\"ListItem\",\"position\":3,\"name\":\"Makaira\"}]},{\"@type\":\"WebSite\",\"@id\":\"https:\/\/noremana.com\/en\/#website\",\"url\":\"https:\/\/noremana.com\/en\/\",\"name\":\"Noremana\",\"description\":\"\",\"publisher\":{\"@id\":\"https:\/\/noremana.com\/en\/#organization\"},\"potentialAction\":[{\"@type\":\"SearchAction\",\"target\":{\"@type\":\"EntryPoint\",\"urlTemplate\":\"https:\/\/noremana.com\/en\/?s={search_term_string}\"},\"query-input\":{\"@type\":\"PropertyValueSpecification\",\"valueRequired\":true,\"valueName\":\"search_term_string\"}}],\"inLanguage\":\"en-US\"},{\"@type\":\"Organization\",\"@id\":\"https:\/\/noremana.com\/en\/#organization\",\"name\":\"Noremana\",\"url\":\"https:\/\/noremana.com\/en\/\",\"logo\":{\"@type\":\"ImageObject\",\"inLanguage\":\"en-US\",\"@id\":\"https:\/\/noremana.com\/en\/#\/schema\/logo\/image\/\",\"url\":\"https:\/\/noremana.com\/wp-content\/uploads\/2024\/03\/Logo-vertical-white.svg\",\"contentUrl\":\"https:\/\/noremana.com\/wp-content\/uploads\/2024\/03\/Logo-vertical-white.svg\",\"width\":398,\"height\":179,\"caption\":\"Noremana\"},\"image\":{\"@id\":\"https:\/\/noremana.com\/en\/#\/schema\/logo\/image\/\"},\"sameAs\":[\"https:\/\/www.facebook.com\/noremana\",\"https:\/\/www.tiktok.com\/@noremana_ltd?lang=fr\",\"https:\/\/www.youtube.com\/@noremana69\",\"https:\/\/www.instagram.com\/noremana_ltd\/\"]}]}<\/script>\n<!-- \/ Yoast SEO plugin. -->","yoast_head_json":{"title":"Makaira - Noremana","description":"Makaira - Noremana, la planche de surfoil performance, elle a un shape optimis\u00e9 pour avoir une tr\u00e8s bonne glisse \u00e0 la rame.","robots":{"index":"index","follow":"follow","max-snippet":"max-snippet:-1","max-image-preview":"max-image-preview:large","max-video-preview":"max-video-preview:-1"},"canonical":"https:\/\/noremana.com\/en\/produit\/makaira\/","og_locale":"en_US","og_type":"article","og_title":"Makaira - Noremana","og_description":"Makaira - Noremana, la planche de surfoil performance, elle a un shape optimis\u00e9 pour avoir une tr\u00e8s bonne glisse \u00e0 la rame.","og_url":"https:\/\/noremana.com\/en\/produit\/makaira\/","og_site_name":"Noremana","article_publisher":"https:\/\/www.facebook.com\/noremana","article_modified_time":"2025-03-10T17:57:28+00:00","og_image":[{"width":408,"height":612,"url":"https:\/\/noremana.com\/wp-content\/uploads\/2024\/07\/23-10-23-11h31-_J4A0009-removebg-preview.png","type":"image\/png"}],"twitter_card":"summary_large_image","twitter_misc":{"Est. reading time":"1 minute"},"schema":{"@context":"https:\/\/schema.org","@graph":[{"@type":"WebPage","@id":"https:\/\/noremana.com\/en\/produit\/makaira\/","url":"https:\/\/noremana.com\/en\/produit\/makaira\/","name":"Makaira - Noremana","isPartOf":{"@id":"https:\/\/noremana.com\/en\/#website"},"primaryImageOfPage":{"@id":"https:\/\/noremana.com\/en\/produit\/makaira\/#primaryimage"},"image":{"@id":"https:\/\/noremana.com\/en\/produit\/makaira\/#primaryimage"},"thumbnailUrl":"https:\/\/noremana.com\/wp-content\/uploads\/2024\/07\/23-10-23-11h31-_J4A0009-removebg-preview.png","datePublished":"2024-07-04T09:27:03+00:00","dateModified":"2025-03-10T17:57:28+00:00","description":"Makaira - Noremana, la planche de surfoil performance, elle a un shape optimis\u00e9 pour avoir une tr\u00e8s bonne glisse \u00e0 la rame.","breadcrumb":{"@id":"https:\/\/noremana.com\/en\/produit\/makaira\/#breadcrumb"},"inLanguage":"en-US","potentialAction":[{"@type":"ReadAction","target":[["https:\/\/noremana.com\/en\/produit\/makaira\/"]]}]},{"@type":"ImageObject","inLanguage":"en-US","@id":"https:\/\/noremana.com\/en\/produit\/makaira\/#primaryimage","url":"https:\/\/noremana.com\/wp-content\/uploads\/2024\/07\/23-10-23-11h31-_J4A0009-removebg-preview.png","contentUrl":"https:\/\/noremana.com\/wp-content\/uploads\/2024\/07\/23-10-23-11h31-_J4A0009-removebg-preview.png","width":408,"height":612},{"@type":"BreadcrumbList","@id":"https:\/\/noremana.com\/en\/produit\/makaira\/#breadcrumb","itemListElement":[{"@type":"ListItem","position":1,"name":"Accueil","item":"https:\/\/noremana.com\/en\/"},{"@type":"ListItem","position":2,"name":"Boutique","item":"https:\/\/noremana.com\/en\/shop\/"},{"@type":"ListItem","position":3,"name":"Makaira"}]},{"@type":"WebSite","@id":"https:\/\/noremana.com\/en\/#website","url":"https:\/\/noremana.com\/en\/","name":"Noremana","description":"","publisher":{"@id":"https:\/\/noremana.com\/en\/#organization"},"potentialAction":[{"@type":"SearchAction","target":{"@type":"EntryPoint","urlTemplate":"https:\/\/noremana.com\/en\/?s={search_term_string}"},"query-input":{"@type":"PropertyValueSpecification","valueRequired":true,"valueName":"search_term_string"}}],"inLanguage":"en-US"},{"@type":"Organization","@id":"https:\/\/noremana.com\/en\/#organization","name":"Noremana","url":"https:\/\/noremana.com\/en\/","logo":{"@type":"ImageObject","inLanguage":"en-US","@id":"https:\/\/noremana.com\/en\/#\/schema\/logo\/image\/","url":"https:\/\/noremana.com\/wp-content\/uploads\/2024\/03\/Logo-vertical-white.svg","contentUrl":"https:\/\/noremana.com\/wp-content\/uploads\/2024\/03\/Logo-vertical-white.svg","width":398,"height":179,"caption":"Noremana"},"image":{"@id":"https:\/\/noremana.com\/en\/#\/schema\/logo\/image\/"},"sameAs":["https:\/\/www.facebook.com\/noremana","https:\/\/www.tiktok.com\/@noremana_ltd?lang=fr","https:\/\/www.youtube.com\/@noremana69","https:\/\/www.instagram.com\/noremana_ltd\/"]}]}},"_links":{"self":[{"href":"https:\/\/noremana.com\/en\/wp-json\/wp\/v2\/product\/2451","targetHints":{"allow":["GET"]}}],"collection":[{"href":"https:\/\/noremana.com\/en\/wp-json\/wp\/v2\/product"}],"about":[{"href":"https:\/\/noremana.com\/en\/wp-json\/wp\/v2\/types\/product"}],"wp:featuredmedia":[{"embeddable":true,"href":"https:\/\/noremana.com\/en\/wp-json\/wp\/v2\/media\/5116"}],"wp:attachment":[{"href":"https:\/\/noremana.com\/en\/wp-json\/wp\/v2\/media?parent=2451"}],"wp:term":[{"taxonomy":"product_brand","embeddable":true,"href":"https:\/\/noremana.com\/en\/wp-json\/wp\/v2\/product_brand?post=2451"},{"taxonomy":"product_cat","embeddable":true,"href":"https:\/\/noremana.com\/en\/wp-json\/wp\/v2\/product_cat?post=2451"},{"taxonomy":"product_tag","embeddable":true,"href":"https:\/\/noremana.com\/en\/wp-json\/wp\/v2\/product_tag?post=2451"}],"curies":[{"name":"wp","href":"https:\/\/api.w.org\/{rel}","templated":true}]}}