{"id":2417,"date":"2024-07-04T11:08:24","date_gmt":"2024-07-04T09:08:24","guid":{"rendered":"https:\/\/noremana.com\/?post_type=product&#038;p=2417"},"modified":"2025-03-10T18:03:50","modified_gmt":"2025-03-10T17:03:50","slug":"tuna","status":"publish","type":"product","link":"https:\/\/noremana.com\/en\/produit\/tuna\/","title":{"rendered":"Tuna"},"content":{"rendered":"<p>The Tuna is the Downwind and light wind Wingfoil board in the range, designed to offer maximum glide for taking off on a bump while paddling or getting up as early as possible with a Wing.<\/p>\n<p>Available in two versions, Tuna and Tuna L, all riders will find something that suits them! The Tuna, being the longer and narrower version, with the highest ratio, offers the most glide at the expense of slightly less lateral stability. However, it still maintains very good stability thanks to its more vertical bevels. These bevels are also worked on the rear third to optimize the balance between stability and takeoff speed. The volume is evenly distributed to ensure good longitudinal stability, with extra volume in the front. The deck is flat on the Tuna to offer maximum performance and the ability to position your feet closer to the rail due to its narrow width.<\/p>\n<p>The Tuna is equipped with extended 16&#8243; (40cm) US boxes, allowing for great adjustability and ensuring the foil is well-centered relative to the board&#8217;s length. As a result, the inertia caused by the length is significantly reduced, making the board feel shorter. All the design elements of the Tuna have been carefully crafted to provide the best glide possible, as well as the best rebound during touchdowns on these narrow boards. The hull has been designed with a V-shape to avoid the rail effect caused by the board&#8217;s very elongated outline.<\/p>\n<p>Wind range: 8 to 25 knots (depending on the rider&#8217;s size).<\/p>","protected":false},"excerpt":{"rendered":"<p>The Tuna is the Downwind and light wind Wingfoil board in the range, designed to offer glide.<\/p>\n<p>Manufacturing time: 6 to 8 weeks.<\/p>\n","protected":false},"featured_media":5117,"template":"","meta":{"_acf_changed":false,"inline_featured_image":false},"product_brand":[],"product_cat":[140,143,142],"product_tag":[96,204,130,131],"class_list":{"0":"post-2417","1":"product","2":"type-product","3":"status-publish","4":"has-post-thumbnail","6":"product_cat-planches","7":"product_cat-surfoil-foildrive","8":"product_cat-wingfoil-supfoil","9":"product_tag-downwind","10":"product_tag-sup-dw","11":"product_tag-supfoil","12":"product_tag-tuna","13":"product_shipping_class-geodis-planches","15":"first","16":"instock","17":"shipping-taxable","18":"purchasable","19":"product-type-variable","20":"has-default-attributes"},"acf":[],"yoast_head":"<!-- This site is optimized with the Yoast SEO plugin v26.7 - https:\/\/yoast.com\/wordpress\/plugins\/seo\/ -->\n<title>Tuna - Noremana<\/title>\n<meta name=\"description\" content=\"La Tuna est la planche de Downwind et Wingfoil light wind de la gamme dessin\u00e9e pour offrir le maximum de glisse pour d\u00e9coller le plus t\u00f4t possible.\" \/>\n<meta name=\"robots\" content=\"index, follow, max-snippet:-1, max-image-preview:large, max-video-preview:-1\" \/>\n<link rel=\"canonical\" href=\"https:\/\/noremana.com\/en\/produit\/tuna\/\" \/>\n<meta property=\"og:locale\" content=\"en_US\" \/>\n<meta property=\"og:type\" content=\"article\" \/>\n<meta property=\"og:title\" content=\"Tuna - Noremana\" \/>\n<meta property=\"og:description\" content=\"La Tuna est la planche de Downwind et Wingfoil light wind de la gamme dessin\u00e9e pour offrir le maximum de glisse pour d\u00e9coller le plus t\u00f4t possible.\" \/>\n<meta property=\"og:url\" content=\"https:\/\/noremana.com\/en\/produit\/tuna\/\" \/>\n<meta property=\"og:site_name\" content=\"Noremana\" \/>\n<meta property=\"article:publisher\" content=\"https:\/\/www.facebook.com\/noremana\" \/>\n<meta property=\"article:modified_time\" content=\"2025-03-10T17:03:50+00:00\" \/>\n<meta property=\"og:image\" content=\"https:\/\/noremana.com\/wp-content\/uploads\/2024\/07\/Tuna_Pont-removebg-preview.png\" \/>\n\t<meta property=\"og:image:width\" content=\"375\" \/>\n\t<meta property=\"og:image:height\" content=\"666\" \/>\n\t<meta property=\"og:image:type\" content=\"image\/png\" \/>\n<meta name=\"twitter:card\" content=\"summary_large_image\" \/>\n<meta name=\"twitter:label1\" content=\"Est. reading time\" \/>\n\t<meta name=\"twitter:data1\" content=\"2 minutes\" \/>\n<script type=\"application\/ld+json\" class=\"yoast-schema-graph\">{\"@context\":\"https:\/\/schema.org\",\"@graph\":[{\"@type\":\"WebPage\",\"@id\":\"https:\/\/noremana.com\/en\/produit\/tuna\/\",\"url\":\"https:\/\/noremana.com\/en\/produit\/tuna\/\",\"name\":\"Tuna - Noremana\",\"isPartOf\":{\"@id\":\"https:\/\/noremana.com\/en\/#website\"},\"primaryImageOfPage\":{\"@id\":\"https:\/\/noremana.com\/en\/produit\/tuna\/#primaryimage\"},\"image\":{\"@id\":\"https:\/\/noremana.com\/en\/produit\/tuna\/#primaryimage\"},\"thumbnailUrl\":\"https:\/\/noremana.com\/wp-content\/uploads\/2024\/07\/Tuna_Pont-removebg-preview.png\",\"datePublished\":\"2024-07-04T09:08:24+00:00\",\"dateModified\":\"2025-03-10T17:03:50+00:00\",\"description\":\"La Tuna est la planche de Downwind et Wingfoil light wind de la gamme dessin\u00e9e pour offrir le maximum de glisse pour d\u00e9coller le plus t\u00f4t possible.\",\"breadcrumb\":{\"@id\":\"https:\/\/noremana.com\/en\/produit\/tuna\/#breadcrumb\"},\"inLanguage\":\"en-US\",\"potentialAction\":[{\"@type\":\"ReadAction\",\"target\":[[\"https:\/\/noremana.com\/en\/produit\/tuna\/\"]]}]},{\"@type\":\"ImageObject\",\"inLanguage\":\"en-US\",\"@id\":\"https:\/\/noremana.com\/en\/produit\/tuna\/#primaryimage\",\"url\":\"https:\/\/noremana.com\/wp-content\/uploads\/2024\/07\/Tuna_Pont-removebg-preview.png\",\"contentUrl\":\"https:\/\/noremana.com\/wp-content\/uploads\/2024\/07\/Tuna_Pont-removebg-preview.png\",\"width\":375,\"height\":666},{\"@type\":\"BreadcrumbList\",\"@id\":\"https:\/\/noremana.com\/en\/produit\/tuna\/#breadcrumb\",\"itemListElement\":[{\"@type\":\"ListItem\",\"position\":1,\"name\":\"Accueil\",\"item\":\"https:\/\/noremana.com\/en\/\"},{\"@type\":\"ListItem\",\"position\":2,\"name\":\"Boutique\",\"item\":\"https:\/\/noremana.com\/en\/shop\/\"},{\"@type\":\"ListItem\",\"position\":3,\"name\":\"Tuna\"}]},{\"@type\":\"WebSite\",\"@id\":\"https:\/\/noremana.com\/en\/#website\",\"url\":\"https:\/\/noremana.com\/en\/\",\"name\":\"Noremana\",\"description\":\"\",\"publisher\":{\"@id\":\"https:\/\/noremana.com\/en\/#organization\"},\"potentialAction\":[{\"@type\":\"SearchAction\",\"target\":{\"@type\":\"EntryPoint\",\"urlTemplate\":\"https:\/\/noremana.com\/en\/?s={search_term_string}\"},\"query-input\":{\"@type\":\"PropertyValueSpecification\",\"valueRequired\":true,\"valueName\":\"search_term_string\"}}],\"inLanguage\":\"en-US\"},{\"@type\":\"Organization\",\"@id\":\"https:\/\/noremana.com\/en\/#organization\",\"name\":\"Noremana\",\"url\":\"https:\/\/noremana.com\/en\/\",\"logo\":{\"@type\":\"ImageObject\",\"inLanguage\":\"en-US\",\"@id\":\"https:\/\/noremana.com\/en\/#\/schema\/logo\/image\/\",\"url\":\"https:\/\/noremana.com\/wp-content\/uploads\/2024\/03\/Logo-vertical-white.svg\",\"contentUrl\":\"https:\/\/noremana.com\/wp-content\/uploads\/2024\/03\/Logo-vertical-white.svg\",\"width\":398,\"height\":179,\"caption\":\"Noremana\"},\"image\":{\"@id\":\"https:\/\/noremana.com\/en\/#\/schema\/logo\/image\/\"},\"sameAs\":[\"https:\/\/www.facebook.com\/noremana\",\"https:\/\/www.tiktok.com\/@noremana_ltd?lang=fr\",\"https:\/\/www.youtube.com\/@noremana69\",\"https:\/\/www.instagram.com\/noremana_ltd\/\"]}]}<\/script>\n<!-- \/ Yoast SEO plugin. -->","yoast_head_json":{"title":"Tuna - Noremana","description":"La Tuna est la planche de Downwind et Wingfoil light wind de la gamme dessin\u00e9e pour offrir le maximum de glisse pour d\u00e9coller le plus t\u00f4t possible.","robots":{"index":"index","follow":"follow","max-snippet":"max-snippet:-1","max-image-preview":"max-image-preview:large","max-video-preview":"max-video-preview:-1"},"canonical":"https:\/\/noremana.com\/en\/produit\/tuna\/","og_locale":"en_US","og_type":"article","og_title":"Tuna - Noremana","og_description":"La Tuna est la planche de Downwind et Wingfoil light wind de la gamme dessin\u00e9e pour offrir le maximum de glisse pour d\u00e9coller le plus t\u00f4t possible.","og_url":"https:\/\/noremana.com\/en\/produit\/tuna\/","og_site_name":"Noremana","article_publisher":"https:\/\/www.facebook.com\/noremana","article_modified_time":"2025-03-10T17:03:50+00:00","og_image":[{"width":375,"height":666,"url":"https:\/\/noremana.com\/wp-content\/uploads\/2024\/07\/Tuna_Pont-removebg-preview.png","type":"image\/png"}],"twitter_card":"summary_large_image","twitter_misc":{"Est. reading time":"2 minutes"},"schema":{"@context":"https:\/\/schema.org","@graph":[{"@type":"WebPage","@id":"https:\/\/noremana.com\/en\/produit\/tuna\/","url":"https:\/\/noremana.com\/en\/produit\/tuna\/","name":"Tuna - Noremana","isPartOf":{"@id":"https:\/\/noremana.com\/en\/#website"},"primaryImageOfPage":{"@id":"https:\/\/noremana.com\/en\/produit\/tuna\/#primaryimage"},"image":{"@id":"https:\/\/noremana.com\/en\/produit\/tuna\/#primaryimage"},"thumbnailUrl":"https:\/\/noremana.com\/wp-content\/uploads\/2024\/07\/Tuna_Pont-removebg-preview.png","datePublished":"2024-07-04T09:08:24+00:00","dateModified":"2025-03-10T17:03:50+00:00","description":"La Tuna est la planche de Downwind et Wingfoil light wind de la gamme dessin\u00e9e pour offrir le maximum de glisse pour d\u00e9coller le plus t\u00f4t possible.","breadcrumb":{"@id":"https:\/\/noremana.com\/en\/produit\/tuna\/#breadcrumb"},"inLanguage":"en-US","potentialAction":[{"@type":"ReadAction","target":[["https:\/\/noremana.com\/en\/produit\/tuna\/"]]}]},{"@type":"ImageObject","inLanguage":"en-US","@id":"https:\/\/noremana.com\/en\/produit\/tuna\/#primaryimage","url":"https:\/\/noremana.com\/wp-content\/uploads\/2024\/07\/Tuna_Pont-removebg-preview.png","contentUrl":"https:\/\/noremana.com\/wp-content\/uploads\/2024\/07\/Tuna_Pont-removebg-preview.png","width":375,"height":666},{"@type":"BreadcrumbList","@id":"https:\/\/noremana.com\/en\/produit\/tuna\/#breadcrumb","itemListElement":[{"@type":"ListItem","position":1,"name":"Accueil","item":"https:\/\/noremana.com\/en\/"},{"@type":"ListItem","position":2,"name":"Boutique","item":"https:\/\/noremana.com\/en\/shop\/"},{"@type":"ListItem","position":3,"name":"Tuna"}]},{"@type":"WebSite","@id":"https:\/\/noremana.com\/en\/#website","url":"https:\/\/noremana.com\/en\/","name":"Noremana","description":"","publisher":{"@id":"https:\/\/noremana.com\/en\/#organization"},"potentialAction":[{"@type":"SearchAction","target":{"@type":"EntryPoint","urlTemplate":"https:\/\/noremana.com\/en\/?s={search_term_string}"},"query-input":{"@type":"PropertyValueSpecification","valueRequired":true,"valueName":"search_term_string"}}],"inLanguage":"en-US"},{"@type":"Organization","@id":"https:\/\/noremana.com\/en\/#organization","name":"Noremana","url":"https:\/\/noremana.com\/en\/","logo":{"@type":"ImageObject","inLanguage":"en-US","@id":"https:\/\/noremana.com\/en\/#\/schema\/logo\/image\/","url":"https:\/\/noremana.com\/wp-content\/uploads\/2024\/03\/Logo-vertical-white.svg","contentUrl":"https:\/\/noremana.com\/wp-content\/uploads\/2024\/03\/Logo-vertical-white.svg","width":398,"height":179,"caption":"Noremana"},"image":{"@id":"https:\/\/noremana.com\/en\/#\/schema\/logo\/image\/"},"sameAs":["https:\/\/www.facebook.com\/noremana","https:\/\/www.tiktok.com\/@noremana_ltd?lang=fr","https:\/\/www.youtube.com\/@noremana69","https:\/\/www.instagram.com\/noremana_ltd\/"]}]}},"_links":{"self":[{"href":"https:\/\/noremana.com\/en\/wp-json\/wp\/v2\/product\/2417","targetHints":{"allow":["GET"]}}],"collection":[{"href":"https:\/\/noremana.com\/en\/wp-json\/wp\/v2\/product"}],"about":[{"href":"https:\/\/noremana.com\/en\/wp-json\/wp\/v2\/types\/product"}],"wp:featuredmedia":[{"embeddable":true,"href":"https:\/\/noremana.com\/en\/wp-json\/wp\/v2\/media\/5117"}],"wp:attachment":[{"href":"https:\/\/noremana.com\/en\/wp-json\/wp\/v2\/media?parent=2417"}],"wp:term":[{"taxonomy":"product_brand","embeddable":true,"href":"https:\/\/noremana.com\/en\/wp-json\/wp\/v2\/product_brand?post=2417"},{"taxonomy":"product_cat","embeddable":true,"href":"https:\/\/noremana.com\/en\/wp-json\/wp\/v2\/product_cat?post=2417"},{"taxonomy":"product_tag","embeddable":true,"href":"https:\/\/noremana.com\/en\/wp-json\/wp\/v2\/product_tag?post=2417"}],"curies":[{"name":"wp","href":"https:\/\/api.w.org\/{rel}","templated":true}]}}