{"id":2365,"date":"2024-07-03T16:04:28","date_gmt":"2024-07-03T14:04:28","guid":{"rendered":"https:\/\/noremana.com\/?post_type=product&#038;p=2365"},"modified":"2025-03-10T19:05:24","modified_gmt":"2025-03-10T18:05:24","slug":"manta","status":"publish","type":"product","link":"https:\/\/noremana.com\/en\/produit\/manta\/","title":{"rendered":"Manta"},"content":{"rendered":"<p>The Manta is the Wingfoil board designed for foiling in waves, whether it&#8217;s for long Freefly sessions in the swell or for barreling waves with hollow sections. It has an optimized length\/width ratio to provide both excellent glide during takeoff and optimal maneuverability for performing tricks in the waves.<\/p>\n<p>The shaping work done on this board allows for great stability during no-flight phases, while also providing the ability to carve with a lot of angle without being hindered by an oversized board. The Manta features a refined hull, with a double concave in the front third, offering excellent takeoff and faster lift-off. The hull doesn&#8217;t stick to the water, and the pin tail at the rear helps with takeoff by providing good speed control. The bevels are designed to make turning easier and allow for carving with more angle, whether in the swell or in the waves. The concave deck lowers the center of gravity, and the volume is evenly distributed, with extra volume at the front for good longitudinal stability. This allows you to position your knees against the raised rail for better stability. As a result, the Manta offers great stability during the kneeling takeoff phase and also facilitates the transition to planing.<\/p>\n<p>Wind range: 13 to 35 knots (depending on the rider&#8217;s size).<\/p>","protected":false},"excerpt":{"rendered":"<p>The Manta is the Wingfoil board for Freeride\/Wave practice in the range, perfect for carving in Freefly\/downwind.<\/p>\n<p>Manufacturing time: 6 to 8 weeks.<\/p>\n","protected":false},"featured_media":2385,"template":"","meta":{"_acf_changed":false,"inline_featured_image":false},"product_brand":[],"product_cat":[140,142],"product_tag":[],"class_list":{"0":"post-2365","1":"product","2":"type-product","3":"status-publish","4":"has-post-thumbnail","6":"product_cat-planches","7":"product_cat-wingfoil-supfoil","8":"product_shipping_class-geodis-planches","10":"first","11":"instock","12":"shipping-taxable","13":"purchasable","14":"product-type-variable","15":"has-default-attributes"},"acf":[],"yoast_head":"<!-- This site is optimized with the Yoast SEO plugin v26.7 - https:\/\/yoast.com\/wordpress\/plugins\/seo\/ -->\n<title>Manta - Noremana<\/title>\n<meta name=\"description\" content=\"La Manta, la planche de wingfoil de vagues de la gamme, elle est optimis\u00e9e pour un d\u00e9collage t\u00f4t avec un shape optimis\u00e9 pour le waveriding.\" \/>\n<meta name=\"robots\" content=\"index, follow, max-snippet:-1, max-image-preview:large, max-video-preview:-1\" \/>\n<link rel=\"canonical\" href=\"https:\/\/noremana.com\/en\/produit\/manta\/\" \/>\n<meta property=\"og:locale\" content=\"en_US\" \/>\n<meta property=\"og:type\" content=\"article\" \/>\n<meta property=\"og:title\" content=\"Manta - Noremana\" \/>\n<meta property=\"og:description\" content=\"La Manta, la planche de wingfoil de vagues de la gamme, elle est optimis\u00e9e pour un d\u00e9collage t\u00f4t avec un shape optimis\u00e9 pour le waveriding.\" \/>\n<meta property=\"og:url\" content=\"https:\/\/noremana.com\/en\/produit\/manta\/\" \/>\n<meta property=\"og:site_name\" content=\"Noremana\" \/>\n<meta property=\"article:publisher\" content=\"https:\/\/www.facebook.com\/noremana\" \/>\n<meta property=\"article:modified_time\" content=\"2025-03-10T18:05:24+00:00\" \/>\n<meta property=\"og:image\" content=\"https:\/\/noremana.com\/wp-content\/uploads\/2024\/07\/23-10-23-10h59-_J4A0003_2-removebg-preview.png\" \/>\n\t<meta property=\"og:image:width\" content=\"312\" \/>\n\t<meta property=\"og:image:height\" content=\"799\" \/>\n\t<meta property=\"og:image:type\" content=\"image\/png\" \/>\n<meta name=\"twitter:card\" content=\"summary_large_image\" \/>\n<meta name=\"twitter:label1\" content=\"Est. reading time\" \/>\n\t<meta name=\"twitter:data1\" content=\"2 minutes\" \/>\n<script type=\"application\/ld+json\" class=\"yoast-schema-graph\">{\"@context\":\"https:\/\/schema.org\",\"@graph\":[{\"@type\":\"WebPage\",\"@id\":\"https:\/\/noremana.com\/en\/produit\/manta\/\",\"url\":\"https:\/\/noremana.com\/en\/produit\/manta\/\",\"name\":\"Manta - Noremana\",\"isPartOf\":{\"@id\":\"https:\/\/noremana.com\/en\/#website\"},\"primaryImageOfPage\":{\"@id\":\"https:\/\/noremana.com\/en\/produit\/manta\/#primaryimage\"},\"image\":{\"@id\":\"https:\/\/noremana.com\/en\/produit\/manta\/#primaryimage\"},\"thumbnailUrl\":\"https:\/\/noremana.com\/wp-content\/uploads\/2024\/07\/23-10-23-10h59-_J4A0003_2-removebg-preview.png\",\"datePublished\":\"2024-07-03T14:04:28+00:00\",\"dateModified\":\"2025-03-10T18:05:24+00:00\",\"description\":\"La Manta, la planche de wingfoil de vagues de la gamme, elle est optimis\u00e9e pour un d\u00e9collage t\u00f4t avec un shape optimis\u00e9 pour le waveriding.\",\"breadcrumb\":{\"@id\":\"https:\/\/noremana.com\/en\/produit\/manta\/#breadcrumb\"},\"inLanguage\":\"en-US\",\"potentialAction\":[{\"@type\":\"ReadAction\",\"target\":[[\"https:\/\/noremana.com\/en\/produit\/manta\/\"]]}]},{\"@type\":\"ImageObject\",\"inLanguage\":\"en-US\",\"@id\":\"https:\/\/noremana.com\/en\/produit\/manta\/#primaryimage\",\"url\":\"https:\/\/noremana.com\/wp-content\/uploads\/2024\/07\/23-10-23-10h59-_J4A0003_2-removebg-preview.png\",\"contentUrl\":\"https:\/\/noremana.com\/wp-content\/uploads\/2024\/07\/23-10-23-10h59-_J4A0003_2-removebg-preview.png\",\"width\":312,\"height\":799},{\"@type\":\"BreadcrumbList\",\"@id\":\"https:\/\/noremana.com\/en\/produit\/manta\/#breadcrumb\",\"itemListElement\":[{\"@type\":\"ListItem\",\"position\":1,\"name\":\"Accueil\",\"item\":\"https:\/\/noremana.com\/en\/\"},{\"@type\":\"ListItem\",\"position\":2,\"name\":\"Boutique\",\"item\":\"https:\/\/noremana.com\/en\/shop\/\"},{\"@type\":\"ListItem\",\"position\":3,\"name\":\"Manta\"}]},{\"@type\":\"WebSite\",\"@id\":\"https:\/\/noremana.com\/en\/#website\",\"url\":\"https:\/\/noremana.com\/en\/\",\"name\":\"Noremana\",\"description\":\"\",\"publisher\":{\"@id\":\"https:\/\/noremana.com\/en\/#organization\"},\"potentialAction\":[{\"@type\":\"SearchAction\",\"target\":{\"@type\":\"EntryPoint\",\"urlTemplate\":\"https:\/\/noremana.com\/en\/?s={search_term_string}\"},\"query-input\":{\"@type\":\"PropertyValueSpecification\",\"valueRequired\":true,\"valueName\":\"search_term_string\"}}],\"inLanguage\":\"en-US\"},{\"@type\":\"Organization\",\"@id\":\"https:\/\/noremana.com\/en\/#organization\",\"name\":\"Noremana\",\"url\":\"https:\/\/noremana.com\/en\/\",\"logo\":{\"@type\":\"ImageObject\",\"inLanguage\":\"en-US\",\"@id\":\"https:\/\/noremana.com\/en\/#\/schema\/logo\/image\/\",\"url\":\"https:\/\/noremana.com\/wp-content\/uploads\/2024\/03\/Logo-vertical-white.svg\",\"contentUrl\":\"https:\/\/noremana.com\/wp-content\/uploads\/2024\/03\/Logo-vertical-white.svg\",\"width\":398,\"height\":179,\"caption\":\"Noremana\"},\"image\":{\"@id\":\"https:\/\/noremana.com\/en\/#\/schema\/logo\/image\/\"},\"sameAs\":[\"https:\/\/www.facebook.com\/noremana\",\"https:\/\/www.tiktok.com\/@noremana_ltd?lang=fr\",\"https:\/\/www.youtube.com\/@noremana69\",\"https:\/\/www.instagram.com\/noremana_ltd\/\"]}]}<\/script>\n<!-- \/ Yoast SEO plugin. -->","yoast_head_json":{"title":"Manta - Noremana","description":"La Manta, la planche de wingfoil de vagues de la gamme, elle est optimis\u00e9e pour un d\u00e9collage t\u00f4t avec un shape optimis\u00e9 pour le waveriding.","robots":{"index":"index","follow":"follow","max-snippet":"max-snippet:-1","max-image-preview":"max-image-preview:large","max-video-preview":"max-video-preview:-1"},"canonical":"https:\/\/noremana.com\/en\/produit\/manta\/","og_locale":"en_US","og_type":"article","og_title":"Manta - Noremana","og_description":"La Manta, la planche de wingfoil de vagues de la gamme, elle est optimis\u00e9e pour un d\u00e9collage t\u00f4t avec un shape optimis\u00e9 pour le waveriding.","og_url":"https:\/\/noremana.com\/en\/produit\/manta\/","og_site_name":"Noremana","article_publisher":"https:\/\/www.facebook.com\/noremana","article_modified_time":"2025-03-10T18:05:24+00:00","og_image":[{"width":312,"height":799,"url":"https:\/\/noremana.com\/wp-content\/uploads\/2024\/07\/23-10-23-10h59-_J4A0003_2-removebg-preview.png","type":"image\/png"}],"twitter_card":"summary_large_image","twitter_misc":{"Est. reading time":"2 minutes"},"schema":{"@context":"https:\/\/schema.org","@graph":[{"@type":"WebPage","@id":"https:\/\/noremana.com\/en\/produit\/manta\/","url":"https:\/\/noremana.com\/en\/produit\/manta\/","name":"Manta - Noremana","isPartOf":{"@id":"https:\/\/noremana.com\/en\/#website"},"primaryImageOfPage":{"@id":"https:\/\/noremana.com\/en\/produit\/manta\/#primaryimage"},"image":{"@id":"https:\/\/noremana.com\/en\/produit\/manta\/#primaryimage"},"thumbnailUrl":"https:\/\/noremana.com\/wp-content\/uploads\/2024\/07\/23-10-23-10h59-_J4A0003_2-removebg-preview.png","datePublished":"2024-07-03T14:04:28+00:00","dateModified":"2025-03-10T18:05:24+00:00","description":"La Manta, la planche de wingfoil de vagues de la gamme, elle est optimis\u00e9e pour un d\u00e9collage t\u00f4t avec un shape optimis\u00e9 pour le waveriding.","breadcrumb":{"@id":"https:\/\/noremana.com\/en\/produit\/manta\/#breadcrumb"},"inLanguage":"en-US","potentialAction":[{"@type":"ReadAction","target":[["https:\/\/noremana.com\/en\/produit\/manta\/"]]}]},{"@type":"ImageObject","inLanguage":"en-US","@id":"https:\/\/noremana.com\/en\/produit\/manta\/#primaryimage","url":"https:\/\/noremana.com\/wp-content\/uploads\/2024\/07\/23-10-23-10h59-_J4A0003_2-removebg-preview.png","contentUrl":"https:\/\/noremana.com\/wp-content\/uploads\/2024\/07\/23-10-23-10h59-_J4A0003_2-removebg-preview.png","width":312,"height":799},{"@type":"BreadcrumbList","@id":"https:\/\/noremana.com\/en\/produit\/manta\/#breadcrumb","itemListElement":[{"@type":"ListItem","position":1,"name":"Accueil","item":"https:\/\/noremana.com\/en\/"},{"@type":"ListItem","position":2,"name":"Boutique","item":"https:\/\/noremana.com\/en\/shop\/"},{"@type":"ListItem","position":3,"name":"Manta"}]},{"@type":"WebSite","@id":"https:\/\/noremana.com\/en\/#website","url":"https:\/\/noremana.com\/en\/","name":"Noremana","description":"","publisher":{"@id":"https:\/\/noremana.com\/en\/#organization"},"potentialAction":[{"@type":"SearchAction","target":{"@type":"EntryPoint","urlTemplate":"https:\/\/noremana.com\/en\/?s={search_term_string}"},"query-input":{"@type":"PropertyValueSpecification","valueRequired":true,"valueName":"search_term_string"}}],"inLanguage":"en-US"},{"@type":"Organization","@id":"https:\/\/noremana.com\/en\/#organization","name":"Noremana","url":"https:\/\/noremana.com\/en\/","logo":{"@type":"ImageObject","inLanguage":"en-US","@id":"https:\/\/noremana.com\/en\/#\/schema\/logo\/image\/","url":"https:\/\/noremana.com\/wp-content\/uploads\/2024\/03\/Logo-vertical-white.svg","contentUrl":"https:\/\/noremana.com\/wp-content\/uploads\/2024\/03\/Logo-vertical-white.svg","width":398,"height":179,"caption":"Noremana"},"image":{"@id":"https:\/\/noremana.com\/en\/#\/schema\/logo\/image\/"},"sameAs":["https:\/\/www.facebook.com\/noremana","https:\/\/www.tiktok.com\/@noremana_ltd?lang=fr","https:\/\/www.youtube.com\/@noremana69","https:\/\/www.instagram.com\/noremana_ltd\/"]}]}},"_links":{"self":[{"href":"https:\/\/noremana.com\/en\/wp-json\/wp\/v2\/product\/2365","targetHints":{"allow":["GET"]}}],"collection":[{"href":"https:\/\/noremana.com\/en\/wp-json\/wp\/v2\/product"}],"about":[{"href":"https:\/\/noremana.com\/en\/wp-json\/wp\/v2\/types\/product"}],"wp:featuredmedia":[{"embeddable":true,"href":"https:\/\/noremana.com\/en\/wp-json\/wp\/v2\/media\/2385"}],"wp:attachment":[{"href":"https:\/\/noremana.com\/en\/wp-json\/wp\/v2\/media?parent=2365"}],"wp:term":[{"taxonomy":"product_brand","embeddable":true,"href":"https:\/\/noremana.com\/en\/wp-json\/wp\/v2\/product_brand?post=2365"},{"taxonomy":"product_cat","embeddable":true,"href":"https:\/\/noremana.com\/en\/wp-json\/wp\/v2\/product_cat?post=2365"},{"taxonomy":"product_tag","embeddable":true,"href":"https:\/\/noremana.com\/en\/wp-json\/wp\/v2\/product_tag?post=2365"}],"curies":[{"name":"wp","href":"https:\/\/api.w.org\/{rel}","templated":true}]}}